{"id":116,"date":"2023-03-16T10:57:28","date_gmt":"2023-03-16T10:57:28","guid":{"rendered":"https:\/\/tierschutzstiftung-boesche.de\/?page_id=116"},"modified":"2023-04-05T05:30:53","modified_gmt":"2023-04-05T05:30:53","slug":"stiftungsgruender","status":"publish","type":"page","link":"https:\/\/tierschutzstiftung-boesche.de\/?page_id=116","title":{"rendered":"Stiftungsgr\u00fcnder"},"content":{"rendered":"<style>.kb-row-layout-id_63bf26-ef > .kt-row-column-wrap{align-content:start;}:where(.kb-row-layout-id_63bf26-ef > .kt-row-column-wrap) > .wp-block-kadence-column{justify-content:start;}.kb-row-layout-id_63bf26-ef > .kt-row-column-wrap{column-gap:var(--global-kb-gap-md, 2rem);row-gap:var(--global-kb-gap-md, 2rem);max-width:var( --global-content-width, 1200px );padding-left:var(--global-content-edge-padding);padding-right:var(--global-content-edge-padding);padding-top:var(--global-kb-spacing-sm, 1.5rem);padding-bottom:var(--global-kb-spacing-sm, 1.5rem);grid-template-columns:minmax(0, 1fr);}.kb-row-layout-id_63bf26-ef > .kt-row-layout-overlay{opacity:0.30;}@media all and (max-width: 1024px){.kb-row-layout-id_63bf26-ef > .kt-row-column-wrap{grid-template-columns:minmax(0, 1fr);}}@media all and (max-width: 767px){.kb-row-layout-id_63bf26-ef > .kt-row-column-wrap{grid-template-columns:minmax(0, 1fr);}}<\/style><div class=\"kb-row-layout-wrap kb-row-layout-id_63bf26-ef alignnone wp-block-kadence-rowlayout\"><div class=\"kt-row-column-wrap kt-has-1-columns kt-row-layout-equal kt-tab-layout-inherit kt-mobile-layout-row kt-row-valign-top kb-theme-content-width\">\n<style>.kadence-column_cd4839-f3 > .kt-inside-inner-col,.kadence-column_cd4839-f3 > .kt-inside-inner-col:before{border-top-left-radius:0px;border-top-right-radius:0px;border-bottom-right-radius:0px;border-bottom-left-radius:0px;}.kadence-column_cd4839-f3 > .kt-inside-inner-col{column-gap:var(--global-kb-gap-sm, 1rem);}.kadence-column_cd4839-f3 > .kt-inside-inner-col{flex-direction:column;}.kadence-column_cd4839-f3 > .kt-inside-inner-col > .aligncenter{width:100%;}.kadence-column_cd4839-f3 > .kt-inside-inner-col:before{opacity:0.3;}.kadence-column_cd4839-f3{position:relative;}@media all and (max-width: 1024px){.kadence-column_cd4839-f3 > .kt-inside-inner-col{flex-direction:column;}}@media all and (max-width: 767px){.kadence-column_cd4839-f3 > .kt-inside-inner-col{flex-direction:column;}}<\/style>\n<div class=\"wp-block-kadence-column kadence-column_cd4839-f3 inner-column-1\"><div class=\"kt-inside-inner-col\"><style>.kt-tabs-id_a60744-48 > .kt-tabs-content-wrap > .wp-block-kadence-tab{border-top:3px solid #abb8c3;border-right:0px solid #abb8c3;border-bottom:0px solid #abb8c3;border-left:0px solid #abb8c3;border-top-left-radius:0px;border-top-right-radius:0px;border-bottom-right-radius:0px;border-bottom-left-radius:0px;padding-top:20px;padding-right:20px;padding-bottom:20px;padding-left:20px;}.wp-block-kadence-tabs .kt-tabs-id_a60744-48 > .kt-tabs-title-list li{margin-top:0px;margin-right:8px;margin-bottom:-3px;margin-left:0px;}.wp-block-kadence-tabs .kt-tabs-id_a60744-48 > .kt-tabs-title-list li:last-child{margin-right:0px;}.wp-block-kadence-tabs .kt-tabs-id_a60744-48 > .kt-tabs-title-list li .kt-tab-title, .wp-block-kadence-tabs .kt-tabs-id_a60744-48 > .kt-tabs-content-wrap > .kt-tabs-accordion-title .kt-tab-title{font-family:Montserrat;font-weight:500;font-style:normal;border-top-width:3px;border-right-width:3px;border-bottom-width:0px;border-left-width:3px;padding-top:14px;padding-right:20px;padding-bottom:15px;padding-left:20px;color:#ffffff;background:#abb8c3;}.wp-block-kadence-tabs .kt-tabs-id_a60744-48 > .kt-tabs-content-wrap > .kt-tabs-accordion-title .kt-tab-title{margin-top:0px;margin-right:8px;margin-bottom:-3px;margin-left:0px;}.wp-block-kadence-tabs .kt-tabs-id_a60744-48 > .kt-tabs-title-list li .kt-tab-title:hover, .wp-block-kadence-tabs .kt-tabs-id_a60744-48 > .kt-tabs-content-wrap > .kt-tabs-accordion-title .kt-tab-title:hover{color:#ffffff;background:#c5cdd3;}.wp-block-kadence-tabs .kt-tabs-id_a60744-48 > .kt-tabs-title-list li.kt-tab-title-active .kt-tab-title, .wp-block-kadence-tabs .kt-tabs-id_a60744-48 > .kt-tabs-content-wrap > .kt-tabs-accordion-title.kt-tab-title-active .kt-tab-title{border-color:#abb8c3;color:#313131;background:#fff;}.wp-block-kadence-tabs .kt-tabs-id_a60744-48{max-width:2000px;}@media all and (max-width: 1024px){.kt-tabs-id_a60744-48 > .kt-tabs-content-wrap > .wp-block-kadence-tab{border-top:3px solid #abb8c3;border-right:0px solid #abb8c3;border-bottom:0px solid #abb8c3;border-left:0px solid #abb8c3;}}@media all and (max-width: 767px){.kt-tabs-id_a60744-48 > .kt-tabs-content-wrap > .wp-block-kadence-tab{border-top:3px solid #abb8c3;border-right:0px solid #abb8c3;border-bottom:0px solid #abb8c3;border-left:0px solid #abb8c3;}}<\/style>\n<div class=\"wp-block-kadence-tabs alignnone alignundefined\"><div class=\"kt-tabs-wrap kt-tabs-id_a60744-48 kt-tabs-has-1-tabs kt-active-tab-1 kt-tabs-layout-tabs kt-tabs-tablet-layout-inherit kt-tabs-mobile-layout-inherit kt-tab-alignment-left \"><ul class=\"kt-tabs-title-list\"><li id=\"tab-grnder\" class=\"kt-title-item kt-title-item-1 kt-tabs-svg-show-always kt-tabs-icon-side-right kt-tab-title-active\"><a href=\"#tab-grnder\" data-tab=\"1\" class=\"kt-tab-title kt-tab-title-1 \"><span class=\"kt-title-text\">Gr\u00fcnder<\/span><\/a><\/li><\/ul><div class=\"kt-tabs-content-wrap\">\n<div class=\"wp-block-kadence-tab kt-tab-inner-content kt-inner-tab-1 kt-inner-tab_f7ae96-a7\"><div class=\"kt-tab-inner-content-inner\"><style>.kb-row-layout-id_2a6d63-1b > .kt-row-column-wrap{align-content:start;}:where(.kb-row-layout-id_2a6d63-1b > .kt-row-column-wrap) > .wp-block-kadence-column{justify-content:start;}.kb-row-layout-id_2a6d63-1b > .kt-row-column-wrap{column-gap:var(--global-kb-gap-md, 2rem);row-gap:var(--global-kb-gap-md, 2rem);padding-top:var(--global-kb-spacing-sm, 1.5rem);padding-bottom:var(--global-kb-spacing-sm, 1.5rem);grid-template-columns:minmax(0, 1fr) minmax(0, 2fr);}.kb-row-layout-id_2a6d63-1b > .kt-row-layout-overlay{opacity:0.30;}@media all and (max-width: 1024px){.kb-row-layout-id_2a6d63-1b > .kt-row-column-wrap{grid-template-columns:repeat(2, minmax(0, 1fr));}}@media all and (max-width: 767px){.kb-row-layout-id_2a6d63-1b > .kt-row-column-wrap{grid-template-columns:minmax(0, 1fr);}}<\/style><div class=\"kb-row-layout-wrap kb-row-layout-id_2a6d63-1b alignnone wp-block-kadence-rowlayout\"><div class=\"kt-row-column-wrap kt-has-2-columns kt-row-layout-right-golden kt-tab-layout-inherit kt-mobile-layout-row kt-row-valign-top\">\n<style>.kadence-column_cf9b21-69 > .kt-inside-inner-col,.kadence-column_cf9b21-69 > .kt-inside-inner-col:before{border-top-left-radius:0px;border-top-right-radius:0px;border-bottom-right-radius:0px;border-bottom-left-radius:0px;}.kadence-column_cf9b21-69 > .kt-inside-inner-col{column-gap:var(--global-kb-gap-sm, 1rem);}.kadence-column_cf9b21-69 > .kt-inside-inner-col{flex-direction:column;}.kadence-column_cf9b21-69 > .kt-inside-inner-col > .aligncenter{width:100%;}.kadence-column_cf9b21-69 > .kt-inside-inner-col:before{opacity:0.3;}.kadence-column_cf9b21-69{position:relative;}@media all and (max-width: 1024px){.kadence-column_cf9b21-69 > .kt-inside-inner-col{flex-direction:column;}}@media all and (max-width: 767px){.kadence-column_cf9b21-69 > .kt-inside-inner-col{flex-direction:column;}}<\/style>\n<div class=\"wp-block-kadence-column kadence-column_cf9b21-69 inner-column-1\"><div class=\"kt-inside-inner-col\">\n<figure class=\"wp-block-image size-full\"><img data-recalc-dims=\"1\" loading=\"lazy\" decoding=\"async\" width=\"475\" height=\"700\" src=\"https:\/\/i0.wp.com\/tierschutzstiftung-boesche.de\/wp-content\/uploads\/2023\/03\/wb_2022.jpg?resize=475%2C700&#038;ssl=1\" alt=\"\" class=\"wp-image-117\" srcset=\"https:\/\/i0.wp.com\/tierschutzstiftung-boesche.de\/wp-content\/uploads\/2023\/03\/wb_2022.jpg?w=475&amp;ssl=1 475w, https:\/\/i0.wp.com\/tierschutzstiftung-boesche.de\/wp-content\/uploads\/2023\/03\/wb_2022.jpg?resize=204%2C300&amp;ssl=1 204w\" sizes=\"(max-width: 475px) 100vw, 475px\" \/><\/figure>\n<\/div><\/div>\n\n\n<style>.kadence-column_6bced9-50 > .kt-inside-inner-col,.kadence-column_6bced9-50 > .kt-inside-inner-col:before{border-top-left-radius:0px;border-top-right-radius:0px;border-bottom-right-radius:0px;border-bottom-left-radius:0px;}.kadence-column_6bced9-50 > .kt-inside-inner-col{column-gap:var(--global-kb-gap-sm, 1rem);}.kadence-column_6bced9-50 > .kt-inside-inner-col{flex-direction:column;}.kadence-column_6bced9-50 > .kt-inside-inner-col > .aligncenter{width:100%;}.kadence-column_6bced9-50 > .kt-inside-inner-col:before{opacity:0.3;}.kadence-column_6bced9-50{position:relative;}@media all and (max-width: 1024px){.kadence-column_6bced9-50 > .kt-inside-inner-col{flex-direction:column;}}@media all and (max-width: 767px){.kadence-column_6bced9-50 > .kt-inside-inner-col{flex-direction:column;}}<\/style>\n<div class=\"wp-block-kadence-column kadence-column_6bced9-50 inner-column-2\"><div class=\"kt-inside-inner-col\">\n<h6 class=\"wp-block-heading has-43-null-null-font-size\">Wolfgang B\u00f6sche<\/h6>\n\n\n\n<p>Ich bin in der nieders\u00e4chsischen Stadt Braunschweig aufgewachsen und beruflich als selbst\u00e4ndiger Wohnungs\u00adunternehmer f\u00fcr die Verwaltung eines eigenen Immobilienbestandes t\u00e4tig.<\/p>\n\n\n\n<p>Von Kindheit an wuchs ich mit Tieren in meiner Familie auf, bin seit 1987 Mitglied eines regionalen Tierschutzvereins und m\u00f6chte mich mit Eigeninitiative f\u00fcr die F\u00f6rderung von Projekten aus den Bereichen Tier-, Natur- und Umweltschutz einsetzen.<\/p>\n\n\n\n<p>Meine Motivation, daher im Jahr 2001 eine eigene Tierschutz-Stiftung gegr\u00fcndet zu haben, resultiert aus meinem Empfinden f\u00fcr die Tiere als Lebewesen und Mitgesch\u00f6pfe sowie den zahlreichen Problemen, welche die Erhaltung ihrer Lebensr\u00e4ume und den Schutz mit sich bringen.<\/p>\n<\/div><\/div>\n\n<\/div><\/div><\/div><\/div>\n<\/div><\/div><\/div>\n<\/div><\/div>\n\n<\/div><\/div>","protected":false},"excerpt":{"rendered":"","protected":false},"author":1,"featured_media":0,"parent":0,"menu_order":0,"comment_status":"closed","ping_status":"closed","template":"","meta":{"_kadence_starter_templates_imported_post":false,"_kad_post_transparent":"","_kad_post_title":"","_kad_post_layout":"","_kad_post_sidebar_id":"","_kad_post_content_style":"","_kad_post_vertical_padding":"","_kad_post_feature":"","_kad_post_feature_position":"","_kad_post_header":false,"_kad_post_footer":false,"_kad_post_classname":"","footnotes":""},"class_list":["post-116","page","type-page","status-publish","hentry"],"lang":"de","translations":{"de":116,"en":119},"jetpack_sharing_enabled":true,"pll_sync_post":[],"_links":{"self":[{"href":"https:\/\/tierschutzstiftung-boesche.de\/index.php?rest_route=\/wp\/v2\/pages\/116"}],"collection":[{"href":"https:\/\/tierschutzstiftung-boesche.de\/index.php?rest_route=\/wp\/v2\/pages"}],"about":[{"href":"https:\/\/tierschutzstiftung-boesche.de\/index.php?rest_route=\/wp\/v2\/types\/page"}],"author":[{"embeddable":true,"href":"https:\/\/tierschutzstiftung-boesche.de\/index.php?rest_route=\/wp\/v2\/users\/1"}],"replies":[{"embeddable":true,"href":"https:\/\/tierschutzstiftung-boesche.de\/index.php?rest_route=%2Fwp%2Fv2%2Fcomments&post=116"}],"version-history":[{"count":2,"href":"https:\/\/tierschutzstiftung-boesche.de\/index.php?rest_route=\/wp\/v2\/pages\/116\/revisions"}],"predecessor-version":[{"id":892,"href":"https:\/\/tierschutzstiftung-boesche.de\/index.php?rest_route=\/wp\/v2\/pages\/116\/revisions\/892"}],"wp:attachment":[{"href":"https:\/\/tierschutzstiftung-boesche.de\/index.php?rest_route=%2Fwp%2Fv2%2Fmedia&parent=116"}],"curies":[{"name":"wp","href":"https:\/\/api.w.org\/{rel}","templated":true}]}}