{"id":126,"date":"2023-03-16T11:39:20","date_gmt":"2023-03-16T11:39:20","guid":{"rendered":"https:\/\/tierschutzstiftung-boesche.de\/?page_id=126"},"modified":"2023-04-05T05:34:06","modified_gmt":"2023-04-05T05:34:06","slug":"stiftungsvorstand","status":"publish","type":"page","link":"https:\/\/tierschutzstiftung-boesche.de\/?page_id=126","title":{"rendered":"Stiftungsvorstand"},"content":{"rendered":"<p>Zu Lebzeiten des Stiftungsgr\u00fcnders ist der Stiftungsvorstand das einzige und entscheidungstragende Gremium der Tierschutz-Stiftung Wolfgang B\u00f6sche.<\/p>\n<p>Zu den wichtigsten Aufgaben der Vorstandsmitglieder z\u00e4hlen u.a.<\/p>\n<ul>\n<li>die Auswahl der m\u00f6glichen unterst\u00fctzenswerten Tierschutz-Projekte<\/li>\n<li>eine vorherige, nach bestem Wissen und Gewissen durchzuf\u00fchrende \u00dcberpr\u00fcfung dieser Vorhaben auf ihre Seri\u00f6sit\u00e4t und Nachhaltigkeit<\/li>\n<li>die \u00dcberwachung der ordnungsgem\u00e4\u00dfen Durchf\u00fchrung der Projekte nach der \u00dcbergabe einer Stiftungsspende<\/li>\n<\/ul>\n<p>Alle Spenden und Zuwendungen an die Tierschutz-Stiftung Wolfgang B\u00f6sche kommen zu 100% und somit ausschlie\u00dflich dem gemeinn\u00fctzigen Stiftungsziel Tierschutz zugute.<\/p>\n<p>Hierf\u00fcr b\u00fcrgt der ehrenamtlich t\u00e4tige Stiftungsvorstand, dessen Mitglieder ihre Erfahrung und ihr Wissen aus den Fachbereichen Tier- und Umweltschutz, Forschung, \u00d6ffentlichkeitsarbeit, Wirtschaft, Recht und Finanzen uneigenn\u00fctzig in den Dienst einer vertrauensw\u00fcrdigen, seri\u00f6sen und aktiven Stiftung stellen.<\/p>\n\n<style>.kb-row-layout-id_0948f5-1d > .kt-row-column-wrap{align-content:start;}:where(.kb-row-layout-id_0948f5-1d > .kt-row-column-wrap) > .wp-block-kadence-column{justify-content:start;}.kb-row-layout-id_0948f5-1d > .kt-row-column-wrap{column-gap:var(--global-kb-gap-md, 2rem);row-gap:var(--global-kb-gap-md, 2rem);padding-top:var(--global-kb-spacing-sm, 1.5rem);padding-bottom:var(--global-kb-spacing-sm, 1.5rem);grid-template-columns:repeat(3, minmax(0, 1fr));}.kb-row-layout-id_0948f5-1d > .kt-row-layout-overlay{opacity:0.30;}@media all and (max-width: 1024px){.kb-row-layout-id_0948f5-1d > .kt-row-column-wrap{grid-template-columns:repeat(3, minmax(0, 1fr));}}@media all and (max-width: 767px){.kb-row-layout-id_0948f5-1d > .kt-row-column-wrap{grid-template-columns:minmax(0, 1fr);}}<\/style><div class=\"kb-row-layout-wrap kb-row-layout-id_0948f5-1d alignnone wp-block-kadence-rowlayout\"><div class=\"kt-row-column-wrap kt-has-3-columns kt-row-layout-equal kt-tab-layout-inherit kt-mobile-layout-row kt-row-valign-top\">\n<style>.kadence-column_50e1e8-c1 > .kt-inside-inner-col,.kadence-column_50e1e8-c1 > .kt-inside-inner-col:before{border-top-left-radius:0px;border-top-right-radius:0px;border-bottom-right-radius:0px;border-bottom-left-radius:0px;}.kadence-column_50e1e8-c1 > .kt-inside-inner-col{column-gap:var(--global-kb-gap-sm, 1rem);}.kadence-column_50e1e8-c1 > .kt-inside-inner-col{flex-direction:column;}.kadence-column_50e1e8-c1 > .kt-inside-inner-col > .aligncenter{width:100%;}.kadence-column_50e1e8-c1 > .kt-inside-inner-col:before{opacity:0.3;}.kadence-column_50e1e8-c1{position:relative;}@media all and (max-width: 1024px){.kadence-column_50e1e8-c1 > .kt-inside-inner-col{flex-direction:column;}}@media all and (max-width: 767px){.kadence-column_50e1e8-c1 > .kt-inside-inner-col{flex-direction:column;}}<\/style>\n<div class=\"wp-block-kadence-column kadence-column_50e1e8-c1\"><div class=\"kt-inside-inner-col\"><div class=\"wp-block-image\">\n<figure class=\"aligncenter size-full\"><img data-recalc-dims=\"1\" loading=\"lazy\" decoding=\"async\" width=\"204\" height=\"300\" src=\"https:\/\/i0.wp.com\/tierschutzstiftung-boesche.de\/wp-content\/uploads\/2023\/03\/wolfgang-1.jpg?resize=204%2C300&#038;ssl=1\" alt=\"\" class=\"wp-image-131\"\/><figcaption class=\"wp-element-caption\">Wolfgang B\u00f6sche<\/figcaption><\/figure><\/div><\/div><\/div>\n\n\n<style>.kadence-column_fe763a-aa > .kt-inside-inner-col,.kadence-column_fe763a-aa > .kt-inside-inner-col:before{border-top-left-radius:0px;border-top-right-radius:0px;border-bottom-right-radius:0px;border-bottom-left-radius:0px;}.kadence-column_fe763a-aa > .kt-inside-inner-col{column-gap:var(--global-kb-gap-sm, 1rem);}.kadence-column_fe763a-aa > .kt-inside-inner-col{flex-direction:column;}.kadence-column_fe763a-aa > .kt-inside-inner-col > .aligncenter{width:100%;}.kadence-column_fe763a-aa > .kt-inside-inner-col:before{opacity:0.3;}.kadence-column_fe763a-aa{position:relative;}@media all and (max-width: 1024px){.kadence-column_fe763a-aa > .kt-inside-inner-col{flex-direction:column;}}@media all and (max-width: 767px){.kadence-column_fe763a-aa > .kt-inside-inner-col{flex-direction:column;}}<\/style>\n<div class=\"wp-block-kadence-column kadence-column_fe763a-aa\"><div class=\"kt-inside-inner-col\"><div class=\"wp-block-image\">\n<figure class=\"aligncenter size-full\"><img data-recalc-dims=\"1\" loading=\"lazy\" decoding=\"async\" width=\"204\" height=\"300\" src=\"https:\/\/i0.wp.com\/tierschutzstiftung-boesche.de\/wp-content\/uploads\/2023\/03\/iris_2022-204x300-1.jpg?resize=204%2C300&#038;ssl=1\" alt=\"\" class=\"wp-image-129\"\/><figcaption class=\"wp-element-caption\">Iris Roth<\/figcaption><\/figure><\/div><\/div><\/div>\n\n\n<style>.kadence-column_20ee0e-81 > .kt-inside-inner-col,.kadence-column_20ee0e-81 > .kt-inside-inner-col:before{border-top-left-radius:0px;border-top-right-radius:0px;border-bottom-right-radius:0px;border-bottom-left-radius:0px;}.kadence-column_20ee0e-81 > .kt-inside-inner-col{column-gap:var(--global-kb-gap-sm, 1rem);}.kadence-column_20ee0e-81 > .kt-inside-inner-col{flex-direction:column;}.kadence-column_20ee0e-81 > .kt-inside-inner-col > .aligncenter{width:100%;}.kadence-column_20ee0e-81 > .kt-inside-inner-col:before{opacity:0.3;}.kadence-column_20ee0e-81{position:relative;}@media all and (max-width: 1024px){.kadence-column_20ee0e-81 > .kt-inside-inner-col{flex-direction:column;}}@media all and (max-width: 767px){.kadence-column_20ee0e-81 > .kt-inside-inner-col{flex-direction:column;}}<\/style>\n<div class=\"wp-block-kadence-column kadence-column_20ee0e-81\"><div class=\"kt-inside-inner-col\"><div class=\"wp-block-image\">\n<figure class=\"aligncenter size-full\"><img data-recalc-dims=\"1\" loading=\"lazy\" decoding=\"async\" width=\"204\" height=\"300\" src=\"https:\/\/i0.wp.com\/tierschutzstiftung-boesche.de\/wp-content\/uploads\/2023\/03\/lin_2022-204x300-1.jpg?resize=204%2C300&#038;ssl=1\" alt=\"\" class=\"wp-image-130\"\/><figcaption class=\"wp-element-caption\">Dr. Lin Grimm<\/figcaption><\/figure><\/div><\/div><\/div>\n\n<\/div><\/div>","protected":false},"excerpt":{"rendered":"<p>Zu Lebzeiten des Stiftungsgr\u00fcnders ist der Stiftungsvorstand das einzige und entscheidungstragende Gremium der Tierschutz-Stiftung Wolfgang B\u00f6sche. Zu den wichtigsten Aufgaben der Vorstandsmitglieder z\u00e4hlen u.a. die Auswahl der m\u00f6glichen unterst\u00fctzenswerten Tierschutz-Projekte eine vorherige, nach bestem Wissen und Gewissen durchzuf\u00fchrende \u00dcberpr\u00fcfung dieser Vorhaben auf ihre Seri\u00f6sit\u00e4t und Nachhaltigkeit die \u00dcberwachung der ordnungsgem\u00e4\u00dfen Durchf\u00fchrung der Projekte nach der&#8230;<\/p>\n","protected":false},"author":1,"featured_media":0,"parent":0,"menu_order":0,"comment_status":"closed","ping_status":"closed","template":"","meta":{"_kadence_starter_templates_imported_post":false,"_kad_post_transparent":"","_kad_post_title":"","_kad_post_layout":"","_kad_post_sidebar_id":"","_kad_post_content_style":"","_kad_post_vertical_padding":"","_kad_post_feature":"","_kad_post_feature_position":"","_kad_post_header":false,"_kad_post_footer":false,"_kad_post_classname":"","footnotes":""},"class_list":["post-126","page","type-page","status-publish","hentry"],"lang":"de","translations":{"de":126,"en":133},"jetpack_sharing_enabled":true,"pll_sync_post":[],"_links":{"self":[{"href":"https:\/\/tierschutzstiftung-boesche.de\/index.php?rest_route=\/wp\/v2\/pages\/126"}],"collection":[{"href":"https:\/\/tierschutzstiftung-boesche.de\/index.php?rest_route=\/wp\/v2\/pages"}],"about":[{"href":"https:\/\/tierschutzstiftung-boesche.de\/index.php?rest_route=\/wp\/v2\/types\/page"}],"author":[{"embeddable":true,"href":"https:\/\/tierschutzstiftung-boesche.de\/index.php?rest_route=\/wp\/v2\/users\/1"}],"replies":[{"embeddable":true,"href":"https:\/\/tierschutzstiftung-boesche.de\/index.php?rest_route=%2Fwp%2Fv2%2Fcomments&post=126"}],"version-history":[{"count":1,"href":"https:\/\/tierschutzstiftung-boesche.de\/index.php?rest_route=\/wp\/v2\/pages\/126\/revisions"}],"predecessor-version":[{"id":893,"href":"https:\/\/tierschutzstiftung-boesche.de\/index.php?rest_route=\/wp\/v2\/pages\/126\/revisions\/893"}],"wp:attachment":[{"href":"https:\/\/tierschutzstiftung-boesche.de\/index.php?rest_route=%2Fwp%2Fv2%2Fmedia&parent=126"}],"curies":[{"name":"wp","href":"https:\/\/api.w.org\/{rel}","templated":true}]}}