{"id":2,"date":"2023-03-15T08:54:32","date_gmt":"2023-03-15T08:54:32","guid":{"rendered":"https:\/\/tierschutzstiftung-boesche.de\/?page_id=2"},"modified":"2024-07-01T14:10:47","modified_gmt":"2024-07-01T14:10:47","slug":"sample-page","status":"publish","type":"page","link":"https:\/\/tierschutzstiftung-boesche.de\/","title":{"rendered":"Willkommen"},"content":{"rendered":"<style>.kb-row-layout-id2_64c590-45 > .kt-row-column-wrap{align-content:start;}:where(.kb-row-layout-id2_64c590-45 > .kt-row-column-wrap) > .wp-block-kadence-column{justify-content:start;}.kb-row-layout-id2_64c590-45 > .kt-row-column-wrap{column-gap:var(--global-kb-gap-md, 2rem);row-gap:var(--global-kb-gap-md, 2rem);padding-top:var(--global-kb-spacing-sm, 1.5rem);padding-bottom:var(--global-kb-spacing-sm, 1.5rem);grid-template-columns:minmax(0, 1fr);}.kb-row-layout-id2_64c590-45 > .kt-row-layout-overlay{opacity:0.30;}@media all and (max-width: 1024px){.kb-row-layout-id2_64c590-45 > .kt-row-column-wrap{grid-template-columns:minmax(0, 1fr);}}@media all and (max-width: 767px){.kb-row-layout-id2_64c590-45 > .kt-row-column-wrap{grid-template-columns:minmax(0, 1fr);}}<\/style><div class=\"kb-row-layout-wrap kb-row-layout-id2_64c590-45 alignnone wp-block-kadence-rowlayout\"><div class=\"kt-row-column-wrap kt-has-1-columns kt-row-layout-equal kt-tab-layout-inherit kt-mobile-layout-row kt-row-valign-top\">\n<style>.kadence-column2_b9f4d8-81 > .kt-inside-inner-col,.kadence-column2_b9f4d8-81 > .kt-inside-inner-col:before{border-top-left-radius:0px;border-top-right-radius:0px;border-bottom-right-radius:0px;border-bottom-left-radius:0px;}.kadence-column2_b9f4d8-81 > .kt-inside-inner-col{column-gap:var(--global-kb-gap-sm, 1rem);}.kadence-column2_b9f4d8-81 > .kt-inside-inner-col{flex-direction:column;}.kadence-column2_b9f4d8-81 > .kt-inside-inner-col > .aligncenter{width:100%;}.kadence-column2_b9f4d8-81 > .kt-inside-inner-col:before{opacity:0.3;}.kadence-column2_b9f4d8-81{position:relative;}@media all and (max-width: 1024px){.kadence-column2_b9f4d8-81 > .kt-inside-inner-col{flex-direction:column;}}@media all and (max-width: 767px){.kadence-column2_b9f4d8-81 > .kt-inside-inner-col{flex-direction:column;}}<\/style>\n<div class=\"wp-block-kadence-column kadence-column2_b9f4d8-81\"><div class=\"kt-inside-inner-col\"><div class=\"wp-block-image\">\n<figure class=\"aligncenter size-full\"><img data-recalc-dims=\"1\" loading=\"lazy\" decoding=\"async\" width=\"1000\" height=\"520\" src=\"https:\/\/i0.wp.com\/tierschutzstiftung-boesche.de\/wp-content\/uploads\/2023\/04\/willkommen_de-1.jpg?resize=1000%2C520&#038;ssl=1\" alt=\"\" class=\"wp-image-904\" srcset=\"https:\/\/i0.wp.com\/tierschutzstiftung-boesche.de\/wp-content\/uploads\/2023\/04\/willkommen_de-1.jpg?w=1000&amp;ssl=1 1000w, https:\/\/i0.wp.com\/tierschutzstiftung-boesche.de\/wp-content\/uploads\/2023\/04\/willkommen_de-1.jpg?resize=300%2C156&amp;ssl=1 300w, https:\/\/i0.wp.com\/tierschutzstiftung-boesche.de\/wp-content\/uploads\/2023\/04\/willkommen_de-1.jpg?resize=768%2C399&amp;ssl=1 768w\" sizes=\"(max-width: 1000px) 100vw, 1000px\" \/><\/figure><\/div><\/div><\/div>\n\n<\/div><\/div>\n\n<style>.kb-row-layout-id2_cf4075-94 > .kt-row-column-wrap{align-content:start;}:where(.kb-row-layout-id2_cf4075-94 > .kt-row-column-wrap) > .wp-block-kadence-column{justify-content:start;}.kb-row-layout-id2_cf4075-94 > .kt-row-column-wrap{column-gap:80px;row-gap:var(--global-kb-gap-md, 2rem);max-width:var( --global-content-width, 1200px );padding-left:var(--global-content-edge-padding);padding-right:var(--global-content-edge-padding);padding-top:80px;padding-bottom:80px;grid-template-columns:minmax(0, 1fr) minmax(0, 2fr);}.kb-row-layout-id2_cf4075-94 > .kt-row-layout-overlay{opacity:0.30;}@media all and (max-width: 1024px){.kb-row-layout-id2_cf4075-94 > .kt-row-column-wrap{grid-template-columns:minmax(0, 1fr);}}@media all and (max-width: 767px){.kb-row-layout-id2_cf4075-94 > .kt-row-column-wrap{grid-template-columns:minmax(0, 1fr);}}.kb-row-layout-id2_cf4075-94 .absolute {  position: absolute;  z-index: 10;}.kb-row-layout-id2_cf4075-94 .tape {  top: -60px;  left: -60px;}.kb-row-layout-id2_cf4075-94 .sign {  bottom: -140px;  left: 40px;}<\/style><div class=\"kb-row-layout-wrap kb-row-layout-id2_cf4075-94 alignnone wp-block-kadence-rowlayout\"><div class=\"kt-row-column-wrap kt-has-2-columns kt-row-layout-right-golden kt-tab-layout-row kt-mobile-layout-row kt-row-valign-top kb-theme-content-width\">\n<style>.kadence-column2_9b3f98-f7 > .kt-inside-inner-col{padding-top:20px;padding-right:20px;padding-bottom:40px;padding-left:20px;}.kadence-column2_9b3f98-f7 > .kt-inside-inner-col,.kadence-column2_9b3f98-f7 > .kt-inside-inner-col:before{border-top-left-radius:0px;border-top-right-radius:0px;border-bottom-right-radius:0px;border-bottom-left-radius:0px;}.kadence-column2_9b3f98-f7 > .kt-inside-inner-col{column-gap:var(--global-kb-gap-sm, 1rem);}.kadence-column2_9b3f98-f7 > .kt-inside-inner-col{flex-direction:column;}.kadence-column2_9b3f98-f7 > .kt-inside-inner-col > .aligncenter{width:100%;}.kadence-column2_9b3f98-f7 > .kt-inside-inner-col{background-color:var(--global-palette8, #F7FAFC);}.kadence-column2_9b3f98-f7 > .kt-inside-inner-col:before{opacity:0.3;}.kadence-column2_9b3f98-f7{position:relative;}@media all and (max-width: 1024px){.kadence-column2_9b3f98-f7 > .kt-inside-inner-col{flex-direction:column;}}@media all and (max-width: 767px){.kadence-column2_9b3f98-f7, .kt-inside-inner-col > .kadence-column2_9b3f98-f7:not(.specificity){margin-bottom:80px;}.kadence-column2_9b3f98-f7 > .kt-inside-inner-col{flex-direction:column;}}<\/style>\n<div class=\"wp-block-kadence-column kadence-column2_9b3f98-f7 inner-column-1\"><div class=\"kt-inside-inner-col\"><style>.kb-image2_72b74b-a9.kb-image-is-ratio-size, .kb-image2_72b74b-a9 .kb-image-is-ratio-size{max-width:270px;width:100%;}.wp-block-kadence-column > .kt-inside-inner-col > .kb-image2_72b74b-a9.kb-image-is-ratio-size, .wp-block-kadence-column > .kt-inside-inner-col > .kb-image2_72b74b-a9 .kb-image-is-ratio-size{align-self:unset;}.kb-image2_72b74b-a9{max-width:270px;}.image-is-svg.kb-image2_72b74b-a9{-webkit-flex:0 1 100%;flex:0 1 100%;}.image-is-svg.kb-image2_72b74b-a9 img{width:100%;}.kb-image2_72b74b-a9 .kb-image-has-overlay:after{opacity:0.3;}<\/style>\n<figure class=\"wp-block-kadence-image kb-image2_72b74b-a9 size-full\"><img data-recalc-dims=\"1\" loading=\"lazy\" decoding=\"async\" width=\"204\" height=\"300\" src=\"https:\/\/i0.wp.com\/tierschutzstiftung-boesche.de\/wp-content\/uploads\/2023\/03\/wolfgang.jpg?resize=204%2C300&#038;ssl=1\" alt=\"\" class=\"kb-img wp-image-18\"\/><figcaption>Wolfgang B\u00f6sche <\/figcaption><\/figure>\n<\/div><\/div>\n\n\n<style>.kadence-column2_4f76f4-6d > .kt-inside-inner-col,.kadence-column2_4f76f4-6d > .kt-inside-inner-col:before{border-top-left-radius:0px;border-top-right-radius:0px;border-bottom-right-radius:0px;border-bottom-left-radius:0px;}.kadence-column2_4f76f4-6d > .kt-inside-inner-col{column-gap:var(--global-kb-gap-sm, 1rem);}.kadence-column2_4f76f4-6d > .kt-inside-inner-col{flex-direction:column;}.kadence-column2_4f76f4-6d > .kt-inside-inner-col > .aligncenter{width:100%;}.kadence-column2_4f76f4-6d > .kt-inside-inner-col:before{opacity:0.3;}.kadence-column2_4f76f4-6d{position:relative;}@media all and (max-width: 1024px){.kadence-column2_4f76f4-6d > .kt-inside-inner-col{flex-direction:column;}}@media all and (max-width: 767px){.kadence-column2_4f76f4-6d > .kt-inside-inner-col{flex-direction:column;}}<\/style>\n<div class=\"wp-block-kadence-column kadence-column2_4f76f4-6d inner-column-2\"><div class=\"kt-inside-inner-col\"><style>.wp-block-kadence-advancedheading.kt-adv-heading2_a8a8dd-84, .wp-block-kadence-advancedheading.kt-adv-heading2_a8a8dd-84[data-kb-block=\"kb-adv-heading2_a8a8dd-84\"]{font-style:normal;}.wp-block-kadence-advancedheading.kt-adv-heading2_a8a8dd-84 mark, .wp-block-kadence-advancedheading.kt-adv-heading2_a8a8dd-84[data-kb-block=\"kb-adv-heading2_a8a8dd-84\"] mark{font-style:normal;color:#f76a0c;padding-top:0px;padding-right:0px;padding-bottom:0px;padding-left:0px;}@media all and (max-width: 767px){.wp-block-kadence-advancedheading.kt-adv-heading2_a8a8dd-84, .wp-block-kadence-advancedheading.kt-adv-heading2_a8a8dd-84[data-kb-block=\"kb-adv-heading2_a8a8dd-84\"]{font-size:24px;}}<\/style>\n<h5 class=\"kt-adv-heading2_a8a8dd-84 wp-block-kadence-advancedheading\" data-kb-block=\"kb-adv-heading2_a8a8dd-84\">Willkommen auf unserer Homepage <\/h5>\n\n\n\n<p>Seit Gr\u00fcndung der Stiftung im Jahr 2001 f\u00f6rdern wir weltweit Projekte aus den Bereichen des <strong>Tier -, Natur &#8211; und Umweltschutzes.<\/strong> <\/p>\n\n\n\n<p>Bei der Auswahl geeigneter F\u00f6rderprojekte legen wir gro\u00dfen Wert auf eine <strong>zweckgebundene&nbsp;<\/strong>und&nbsp;<strong>erfolgreiche<\/strong>&nbsp;Verwendung zur Verf\u00fcgung stehender<br>Kapitalertr\u00e4ge und Spenden.<\/p>\n\n\n\n<p>Um auch eine&nbsp;<strong>Nachhaltigkeit<\/strong>&nbsp;zu gew\u00e4hrleisten, werden ausgew\u00e4hlte Projekte, die in der Vergangenheit bereits unterst\u00fctzt worden sind, bei Erfordernis auch<br>wiederholt finanziell unterst\u00fctzt.<\/p>\n\n\n\n<p><strong>Hinweis: <\/strong>F\u00fcr Ihren <strong>F\u00f6rderantrag <\/strong>beachten Sie bitte die einschl\u00e4gigen Voraussetzungen unter dem Button &#8222;<a href=\"https:\/\/tierschutzstiftung-boesche.de\/?page_id=203\" data-type=\"link\" data-id=\"https:\/\/tierschutzstiftung-boesche.de\/?page_id=203\">F\u00f6rderung<\/a>&#8222;.<\/p>\n<\/div><\/div>\n\n<\/div><\/div>\n\n<style>.kb-row-layout-id2_e8e992-a0 > .kt-row-column-wrap{align-content:start;}:where(.kb-row-layout-id2_e8e992-a0 > .kt-row-column-wrap) > .wp-block-kadence-column{justify-content:start;}.kb-row-layout-id2_e8e992-a0 > .kt-row-column-wrap{column-gap:var(--global-kb-gap-md, 2rem);row-gap:var(--global-kb-gap-md, 2rem);padding-top:var(--global-kb-spacing-sm, 1.5rem);padding-bottom:var(--global-kb-spacing-sm, 1.5rem);grid-template-columns:minmax(0, 2fr) minmax(0, 1fr);}.kb-row-layout-id2_e8e992-a0 > .kt-row-layout-overlay{opacity:0.30;}@media all and (max-width: 1024px){.kb-row-layout-id2_e8e992-a0 > .kt-row-column-wrap{grid-template-columns:repeat(2, minmax(0, 1fr));}}@media all and (max-width: 767px){.kb-row-layout-id2_e8e992-a0 > .kt-row-column-wrap{grid-template-columns:minmax(0, 1fr);}}<\/style><div class=\"kb-row-layout-wrap kb-row-layout-id2_e8e992-a0 alignnone wp-block-kadence-rowlayout\"><div class=\"kt-row-column-wrap kt-has-2-columns kt-row-layout-left-golden kt-tab-layout-inherit kt-mobile-layout-row kt-row-valign-top\">\n<style>.kadence-column2_eac910-b8 > .kt-inside-inner-col,.kadence-column2_eac910-b8 > .kt-inside-inner-col:before{border-top-left-radius:0px;border-top-right-radius:0px;border-bottom-right-radius:0px;border-bottom-left-radius:0px;}.kadence-column2_eac910-b8 > .kt-inside-inner-col{column-gap:var(--global-kb-gap-sm, 1rem);}.kadence-column2_eac910-b8 > .kt-inside-inner-col{flex-direction:column;}.kadence-column2_eac910-b8 > .kt-inside-inner-col > .aligncenter{width:100%;}.kadence-column2_eac910-b8 > .kt-inside-inner-col:before{opacity:0.3;}.kadence-column2_eac910-b8{position:relative;}@media all and (max-width: 1024px){.kadence-column2_eac910-b8 > .kt-inside-inner-col{flex-direction:column;}}@media all and (max-width: 767px){.kadence-column2_eac910-b8 > .kt-inside-inner-col{flex-direction:column;}}<\/style>\n<div class=\"wp-block-kadence-column kadence-column2_eac910-b8\"><div class=\"kt-inside-inner-col\"><div class=\"wp-block-image\">\n<figure class=\"aligncenter size-large\"><img data-recalc-dims=\"1\" loading=\"lazy\" decoding=\"async\" width=\"1024\" height=\"640\" src=\"https:\/\/i0.wp.com\/tierschutzstiftung-boesche.de\/wp-content\/uploads\/2023\/04\/21-09-artenvielfalt.webp?resize=1024%2C640&#038;ssl=1\" alt=\"\" class=\"wp-image-836\" srcset=\"https:\/\/i0.wp.com\/tierschutzstiftung-boesche.de\/wp-content\/uploads\/2023\/04\/21-09-artenvielfalt.webp?resize=1024%2C640&amp;ssl=1 1024w, https:\/\/i0.wp.com\/tierschutzstiftung-boesche.de\/wp-content\/uploads\/2023\/04\/21-09-artenvielfalt.webp?resize=300%2C187&amp;ssl=1 300w, https:\/\/i0.wp.com\/tierschutzstiftung-boesche.de\/wp-content\/uploads\/2023\/04\/21-09-artenvielfalt.webp?resize=768%2C480&amp;ssl=1 768w, https:\/\/i0.wp.com\/tierschutzstiftung-boesche.de\/wp-content\/uploads\/2023\/04\/21-09-artenvielfalt.webp?w=1250&amp;ssl=1 1250w\" sizes=\"(max-width: 1024px) 100vw, 1024px\" \/><\/figure><\/div><\/div><\/div>\n\n\n<style>.kadence-column2_053750-6a > .kt-inside-inner-col,.kadence-column2_053750-6a > .kt-inside-inner-col:before{border-top-left-radius:0px;border-top-right-radius:0px;border-bottom-right-radius:0px;border-bottom-left-radius:0px;}.kadence-column2_053750-6a > .kt-inside-inner-col{column-gap:var(--global-kb-gap-sm, 1rem);}.kadence-column2_053750-6a > .kt-inside-inner-col{flex-direction:column;}.kadence-column2_053750-6a > .kt-inside-inner-col > .aligncenter{width:100%;}.kadence-column2_053750-6a > .kt-inside-inner-col:before{opacity:0.3;}.kadence-column2_053750-6a{position:relative;}@media all and (max-width: 1024px){.kadence-column2_053750-6a > .kt-inside-inner-col{flex-direction:column;}}@media all and (max-width: 767px){.kadence-column2_053750-6a > .kt-inside-inner-col{flex-direction:column;}}<\/style>\n<div class=\"wp-block-kadence-column kadence-column2_053750-6a\"><div class=\"kt-inside-inner-col\">\n<p><\/p>\n\n\n\n<p><\/p>\n<\/div><\/div>\n\n<\/div><\/div>","protected":false},"excerpt":{"rendered":"<p>Willkommen auf unserer Homepage Seit Gr\u00fcndung der Stiftung im Jahr 2001 f\u00f6rdern wir weltweit Projekte aus den Bereichen des Tier -, Natur &#8211; und Umweltschutzes. Bei der Auswahl geeigneter F\u00f6rderprojekte legen wir gro\u00dfen Wert auf eine zweckgebundene&nbsp;und&nbsp;erfolgreiche&nbsp;Verwendung zur Verf\u00fcgung stehenderKapitalertr\u00e4ge und Spenden. Um auch eine&nbsp;Nachhaltigkeit&nbsp;zu gew\u00e4hrleisten, werden ausgew\u00e4hlte Projekte, die in der Vergangenheit bereits unterst\u00fctzt&#8230;<\/p>\n","protected":false},"author":1,"featured_media":0,"parent":0,"menu_order":0,"comment_status":"closed","ping_status":"open","template":"","meta":{"_kadence_starter_templates_imported_post":false,"_kad_post_transparent":"","_kad_post_title":"","_kad_post_layout":"","_kad_post_sidebar_id":"","_kad_post_content_style":"","_kad_post_vertical_padding":"","_kad_post_feature":"","_kad_post_feature_position":"","_kad_post_header":false,"_kad_post_footer":false,"_kad_post_classname":"","footnotes":""},"class_list":["post-2","page","type-page","status-publish","hentry"],"lang":"de","translations":{"de":2,"en":70},"jetpack_sharing_enabled":true,"pll_sync_post":[],"_links":{"self":[{"href":"https:\/\/tierschutzstiftung-boesche.de\/index.php?rest_route=\/wp\/v2\/pages\/2"}],"collection":[{"href":"https:\/\/tierschutzstiftung-boesche.de\/index.php?rest_route=\/wp\/v2\/pages"}],"about":[{"href":"https:\/\/tierschutzstiftung-boesche.de\/index.php?rest_route=\/wp\/v2\/types\/page"}],"author":[{"embeddable":true,"href":"https:\/\/tierschutzstiftung-boesche.de\/index.php?rest_route=\/wp\/v2\/users\/1"}],"replies":[{"embeddable":true,"href":"https:\/\/tierschutzstiftung-boesche.de\/index.php?rest_route=%2Fwp%2Fv2%2Fcomments&post=2"}],"version-history":[{"count":6,"href":"https:\/\/tierschutzstiftung-boesche.de\/index.php?rest_route=\/wp\/v2\/pages\/2\/revisions"}],"predecessor-version":[{"id":1013,"href":"https:\/\/tierschutzstiftung-boesche.de\/index.php?rest_route=\/wp\/v2\/pages\/2\/revisions\/1013"}],"wp:attachment":[{"href":"https:\/\/tierschutzstiftung-boesche.de\/index.php?rest_route=%2Fwp%2Fv2%2Fmedia&parent=2"}],"curies":[{"name":"wp","href":"https:\/\/api.w.org\/{rel}","templated":true}]}}