{"id":203,"date":"2023-03-17T11:56:13","date_gmt":"2023-03-17T11:56:13","guid":{"rendered":"https:\/\/tierschutzstiftung-boesche.de\/?page_id=203"},"modified":"2024-09-10T10:11:14","modified_gmt":"2024-09-10T10:11:14","slug":"foerderkriterien","status":"publish","type":"page","link":"https:\/\/tierschutzstiftung-boesche.de\/?page_id=203","title":{"rendered":"F\u00f6rderkriterien"},"content":{"rendered":"<style>.kb-row-layout-id203_61155e-f0 > .kt-row-column-wrap{align-content:start;}:where(.kb-row-layout-id203_61155e-f0 > .kt-row-column-wrap) > .wp-block-kadence-column{justify-content:start;}.kb-row-layout-id203_61155e-f0 > .kt-row-column-wrap{column-gap:var(--global-kb-gap-md, 2rem);row-gap:var(--global-kb-gap-md, 2rem);padding-top:var(--global-kb-spacing-sm, 1.5rem);padding-bottom:var(--global-kb-spacing-sm, 1.5rem);grid-template-columns:minmax(0, 1fr);}.kb-row-layout-id203_61155e-f0 > .kt-row-layout-overlay{opacity:0.30;}@media all and (max-width: 1024px){.kb-row-layout-id203_61155e-f0 > .kt-row-column-wrap{grid-template-columns:minmax(0, 1fr);}}@media all and (max-width: 767px){.kb-row-layout-id203_61155e-f0 > .kt-row-column-wrap{grid-template-columns:minmax(0, 1fr);}}<\/style><div class=\"kb-row-layout-wrap kb-row-layout-id203_61155e-f0 alignnone wp-block-kadence-rowlayout\"><div class=\"kt-row-column-wrap kt-has-1-columns kt-row-layout-equal kt-tab-layout-inherit kt-mobile-layout-row kt-row-valign-top\">\n<style>.kadence-column203_7698d9-c4 > .kt-inside-inner-col,.kadence-column203_7698d9-c4 > .kt-inside-inner-col:before{border-top-left-radius:0px;border-top-right-radius:0px;border-bottom-right-radius:0px;border-bottom-left-radius:0px;}.kadence-column203_7698d9-c4 > .kt-inside-inner-col{column-gap:var(--global-kb-gap-sm, 1rem);}.kadence-column203_7698d9-c4 > .kt-inside-inner-col{flex-direction:column;}.kadence-column203_7698d9-c4 > .kt-inside-inner-col > .aligncenter{width:100%;}.kadence-column203_7698d9-c4 > .kt-inside-inner-col:before{opacity:0.3;}.kadence-column203_7698d9-c4{position:relative;}@media all and (max-width: 1024px){.kadence-column203_7698d9-c4 > .kt-inside-inner-col{flex-direction:column;}}@media all and (max-width: 767px){.kadence-column203_7698d9-c4 > .kt-inside-inner-col{flex-direction:column;}}<\/style>\n<div class=\"wp-block-kadence-column kadence-column203_7698d9-c4\"><div class=\"kt-inside-inner-col\">\n<p>Ihre Institution ist\u2026<\/p>\n<ul>\n<li>gemeinn\u00fctzig anerkannt<\/li>\n<li>nicht gewerbsm\u00e4\u00dfig t\u00e4tig (z.B. illegaler Tierhandel)<\/li>\n<li>schwerpunktm\u00e4\u00dfig mit dem langfristigen Erhalt und Schutz von Tierarten und\/oder<\/li>\n<li>in dem Bereich Umwelt- oder Naturschutz t\u00e4tig<\/li>\n<li>\n<p>nicht \u00fcberwiegend mit der Aufnahme und Versorgung notleidender Tiere besch\u00e4ftigt\u00a0 <\/p>\n<\/li>\n<li>kein Zoo oder Zirkus<\/li>\n<li>nicht politisch und radikal organisiert.<\/li>\n<\/ul>\n<p>Hinweis:<br \/>Bei den vorgenannten Kriterien handelt es sich um eine Auswahl, die f\u00fcr den Fall einer m\u00f6glichen Unterst\u00fctzung von Ihnen \u00fcberwiegend positiv beantwortet werden sollten.<\/p>\n<\/div><\/div>\n\n<\/div><\/div>","protected":false},"excerpt":{"rendered":"<p>Ihre Institution ist\u2026 gemeinn\u00fctzig anerkannt nicht gewerbsm\u00e4\u00dfig t\u00e4tig (z.B. illegaler Tierhandel) schwerpunktm\u00e4\u00dfig mit dem langfristigen Erhalt und Schutz von Tierarten und\/oder in dem Bereich Umwelt- oder Naturschutz t\u00e4tig nicht \u00fcberwiegend mit der Aufnahme und Versorgung notleidender Tiere besch\u00e4ftigt\u00a0 kein Zoo oder Zirkus nicht politisch und radikal organisiert. Hinweis:Bei den vorgenannten Kriterien handelt es sich um&#8230;<\/p>\n","protected":false},"author":1,"featured_media":0,"parent":0,"menu_order":0,"comment_status":"closed","ping_status":"closed","template":"","meta":{"_kadence_starter_templates_imported_post":false,"_kad_post_transparent":"","_kad_post_title":"","_kad_post_layout":"","_kad_post_sidebar_id":"","_kad_post_content_style":"","_kad_post_vertical_padding":"","_kad_post_feature":"","_kad_post_feature_position":"","_kad_post_header":false,"_kad_post_footer":false,"_kad_post_classname":"","footnotes":""},"class_list":["post-203","page","type-page","status-publish","hentry"],"lang":"de","translations":{"de":203,"en":205},"jetpack_sharing_enabled":true,"pll_sync_post":[],"_links":{"self":[{"href":"https:\/\/tierschutzstiftung-boesche.de\/index.php?rest_route=\/wp\/v2\/pages\/203"}],"collection":[{"href":"https:\/\/tierschutzstiftung-boesche.de\/index.php?rest_route=\/wp\/v2\/pages"}],"about":[{"href":"https:\/\/tierschutzstiftung-boesche.de\/index.php?rest_route=\/wp\/v2\/types\/page"}],"author":[{"embeddable":true,"href":"https:\/\/tierschutzstiftung-boesche.de\/index.php?rest_route=\/wp\/v2\/users\/1"}],"replies":[{"embeddable":true,"href":"https:\/\/tierschutzstiftung-boesche.de\/index.php?rest_route=%2Fwp%2Fv2%2Fcomments&post=203"}],"version-history":[{"count":3,"href":"https:\/\/tierschutzstiftung-boesche.de\/index.php?rest_route=\/wp\/v2\/pages\/203\/revisions"}],"predecessor-version":[{"id":1096,"href":"https:\/\/tierschutzstiftung-boesche.de\/index.php?rest_route=\/wp\/v2\/pages\/203\/revisions\/1096"}],"wp:attachment":[{"href":"https:\/\/tierschutzstiftung-boesche.de\/index.php?rest_route=%2Fwp%2Fv2%2Fmedia&parent=203"}],"curies":[{"name":"wp","href":"https:\/\/api.w.org\/{rel}","templated":true}]}}