{"id":318,"date":"2023-03-22T12:11:56","date_gmt":"2023-03-22T12:11:56","guid":{"rendered":"https:\/\/tierschutzstiftung-boesche.de\/?page_id=318"},"modified":"2023-03-22T12:11:57","modified_gmt":"2023-03-22T12:11:57","slug":"animals-angels-e-v-ueberwachung-von-tiertransporten-in-europa","status":"publish","type":"page","link":"https:\/\/tierschutzstiftung-boesche.de\/?page_id=318","title":{"rendered":"Animals\u2018 Angels e.V.: \u00dcberwachung von Tiertransporten in Europa"},"content":{"rendered":"\n<p>Weltweit werden j\u00e4hrlich \u00fcber 250 Millionen Tiere auf der Stra\u00dfe, per Bahn oder auf dem Seeweg transportiert, ca. 14 Millionen allein in Europa. Tiersch\u00fctzer fordern, dass grenz\u00fcberschreitende Schlachttiertransporte nicht mehr durch staatliche Subventionen gef\u00f6rdert und langfristig verboten werden und andere Schlachttiertransporte nicht nur zeitlich begrenzt, sondern nur noch bis zum n\u00e4chstgelegenen Schlachthof durchgef\u00fchrt werden d\u00fcrfen.<\/p>\n\n\n<style>.kb-row-layout-id_8e4522-20 > .kt-row-column-wrap{align-content:start;}:where(.kb-row-layout-id_8e4522-20 > .kt-row-column-wrap) > .wp-block-kadence-column{justify-content:start;}.kb-row-layout-id_8e4522-20 > .kt-row-column-wrap{column-gap:var(--global-kb-gap-md, 2rem);row-gap:var(--global-kb-gap-md, 2rem);padding-top:var(--global-kb-spacing-sm, 1.5rem);padding-bottom:var(--global-kb-spacing-sm, 1.5rem);grid-template-columns:repeat(2, minmax(0, 1fr));}.kb-row-layout-id_8e4522-20 > .kt-row-layout-overlay{opacity:0.30;}@media all and (max-width: 1024px){.kb-row-layout-id_8e4522-20 > .kt-row-column-wrap{grid-template-columns:repeat(2, minmax(0, 1fr));}}@media all and (max-width: 767px){.kb-row-layout-id_8e4522-20 > .kt-row-column-wrap{grid-template-columns:minmax(0, 1fr);}}<\/style><div class=\"kb-row-layout-wrap kb-row-layout-id_8e4522-20 alignnone wp-block-kadence-rowlayout\"><div class=\"kt-row-column-wrap kt-has-2-columns kt-row-layout-equal kt-tab-layout-inherit kt-mobile-layout-row kt-row-valign-top\">\n<style>.kadence-column_c07ee6-e5 > .kt-inside-inner-col,.kadence-column_c07ee6-e5 > .kt-inside-inner-col:before{border-top-left-radius:0px;border-top-right-radius:0px;border-bottom-right-radius:0px;border-bottom-left-radius:0px;}.kadence-column_c07ee6-e5 > .kt-inside-inner-col{column-gap:var(--global-kb-gap-sm, 1rem);}.kadence-column_c07ee6-e5 > .kt-inside-inner-col{flex-direction:column;}.kadence-column_c07ee6-e5 > .kt-inside-inner-col > .aligncenter{width:100%;}.kadence-column_c07ee6-e5 > .kt-inside-inner-col:before{opacity:0.3;}.kadence-column_c07ee6-e5{position:relative;}@media all and (max-width: 1024px){.kadence-column_c07ee6-e5 > .kt-inside-inner-col{flex-direction:column;}}@media all and (max-width: 767px){.kadence-column_c07ee6-e5 > .kt-inside-inner-col{flex-direction:column;}}<\/style>\n<div class=\"wp-block-kadence-column kadence-column_c07ee6-e5\"><div class=\"kt-inside-inner-col\"><div class=\"wp-block-image\">\n<figure class=\"aligncenter size-full\"><img data-recalc-dims=\"1\" loading=\"lazy\" decoding=\"async\" width=\"300\" height=\"199\" src=\"https:\/\/i0.wp.com\/tierschutzstiftung-boesche.de\/wp-content\/uploads\/2023\/03\/Tiertransporte_Schweine-300x199-1.jpg?resize=300%2C199&#038;ssl=1\" alt=\"\" class=\"wp-image-319\"\/><\/figure><\/div><\/div><\/div>\n\n\n<style>.kadence-column_a26465-9e > .kt-inside-inner-col,.kadence-column_a26465-9e > .kt-inside-inner-col:before{border-top-left-radius:0px;border-top-right-radius:0px;border-bottom-right-radius:0px;border-bottom-left-radius:0px;}.kadence-column_a26465-9e > .kt-inside-inner-col{column-gap:var(--global-kb-gap-sm, 1rem);}.kadence-column_a26465-9e > .kt-inside-inner-col{flex-direction:column;}.kadence-column_a26465-9e > .kt-inside-inner-col > .aligncenter{width:100%;}.kadence-column_a26465-9e > .kt-inside-inner-col:before{opacity:0.3;}.kadence-column_a26465-9e{position:relative;}@media all and (max-width: 1024px){.kadence-column_a26465-9e > .kt-inside-inner-col{flex-direction:column;}}@media all and (max-width: 767px){.kadence-column_a26465-9e > .kt-inside-inner-col{flex-direction:column;}}<\/style>\n<div class=\"wp-block-kadence-column kadence-column_a26465-9e\"><div class=\"kt-inside-inner-col\"><div class=\"wp-block-image\">\n<figure class=\"aligncenter size-full\"><img data-recalc-dims=\"1\" loading=\"lazy\" decoding=\"async\" width=\"300\" height=\"199\" src=\"https:\/\/i0.wp.com\/tierschutzstiftung-boesche.de\/wp-content\/uploads\/2023\/03\/Tiertransporte_Schweine_LKW-300x199-1.jpg?resize=300%2C199&#038;ssl=1\" alt=\"\" class=\"wp-image-320\"\/><\/figure><\/div><\/div><\/div>\n\n<\/div><\/div>\n\n<p>In Anbetracht der Europ\u00e4ischen Gemeinschaft erscheint eine Versch\u00e4rfung der gesetzlichen Bestimmungen nur dann sinnvoll, wenn deren Einhaltung auch in den anderen europ\u00e4ischen L\u00e4ndern durch intensive Kontrollen \u00fcberpr\u00fcft und \u00fcberwacht wird. Doch hierf\u00fcr fehlen in vielen unserer Nachbarl\u00e4ndern nicht nur die n\u00f6tige beh\u00f6rdliche Motivation, sondern auch die finanziellen Mittel.<\/p>\n<p>F\u00fcr die Abschaffung von Langstrecken-Tiertransporten sogenannter Nutz- und Schlachttiere engagiert sich die 1998 gegr\u00fcndete Organisation \u201eAnimals\u2018 Angels e.V.\u201c. Mitarbeiter von \u201eAnimals\u2018 Angels\u201c begleiten diese meist tagelangen und grenz\u00fcberschreitenden, durch mehrere L\u00e4nder Europas f\u00fchrenden Tiertransporte und \u00fcberwachen den Weg dieser oft zur Schlachtung bestimmten Tiere bis zur Ent- oder Umladung am Schlachthof oder Frachthafen.<\/p>\n<p>Bei festgestellten Verst\u00f6\u00dfen gegen Tierschutz- und Transportbestimmungen werden Beweise gesichert, die ausl\u00e4ndischen Beh\u00f6rden von den Tiersch\u00fctzern eingeschaltet und die erforderlichen beh\u00f6rdlichen Ma\u00dfnahmen \u00fcberwacht. Gleichzeitig m\u00f6chte die Vereinigung die \u00d6ffentlichkeit auf Missst\u00e4nde bei den Transport- und Schlachtbedingungen aufmerksam machen und engagiert sich bei der Bek\u00e4mpfung von Missbrauch, Qu\u00e4lerei und Ausbeutung dieser Tiere.<\/p>\n<p><a href=\"http:\/\/www.animals-angels.de\/\" target=\"new\" rel=\"noopener noreferrer\">Mehr Informationen finden Sie hier.<\/a><\/p>","protected":false},"excerpt":{"rendered":"<p>Weltweit werden j\u00e4hrlich \u00fcber 250 Millionen Tiere auf der Stra\u00dfe, per Bahn oder auf dem Seeweg transportiert, ca. 14 Millionen allein in Europa. Tiersch\u00fctzer fordern, dass grenz\u00fcberschreitende Schlachttiertransporte nicht mehr durch staatliche Subventionen gef\u00f6rdert und langfristig verboten werden und andere Schlachttiertransporte nicht nur zeitlich begrenzt, sondern nur noch bis zum n\u00e4chstgelegenen Schlachthof durchgef\u00fchrt werden d\u00fcrfen&#8230;.<\/p>\n","protected":false},"author":1,"featured_media":0,"parent":0,"menu_order":0,"comment_status":"closed","ping_status":"closed","template":"","meta":{"_kadence_starter_templates_imported_post":false,"_kad_post_transparent":"","_kad_post_title":"","_kad_post_layout":"","_kad_post_sidebar_id":"","_kad_post_content_style":"","_kad_post_vertical_padding":"","_kad_post_feature":"","_kad_post_feature_position":"","_kad_post_header":false,"_kad_post_footer":false,"_kad_post_classname":"","footnotes":""},"class_list":["post-318","page","type-page","status-publish","hentry"],"lang":"de","translations":{"de":318,"en":322},"jetpack_sharing_enabled":true,"pll_sync_post":[],"_links":{"self":[{"href":"https:\/\/tierschutzstiftung-boesche.de\/index.php?rest_route=\/wp\/v2\/pages\/318"}],"collection":[{"href":"https:\/\/tierschutzstiftung-boesche.de\/index.php?rest_route=\/wp\/v2\/pages"}],"about":[{"href":"https:\/\/tierschutzstiftung-boesche.de\/index.php?rest_route=\/wp\/v2\/types\/page"}],"author":[{"embeddable":true,"href":"https:\/\/tierschutzstiftung-boesche.de\/index.php?rest_route=\/wp\/v2\/users\/1"}],"replies":[{"embeddable":true,"href":"https:\/\/tierschutzstiftung-boesche.de\/index.php?rest_route=%2Fwp%2Fv2%2Fcomments&post=318"}],"version-history":[{"count":0,"href":"https:\/\/tierschutzstiftung-boesche.de\/index.php?rest_route=\/wp\/v2\/pages\/318\/revisions"}],"wp:attachment":[{"href":"https:\/\/tierschutzstiftung-boesche.de\/index.php?rest_route=%2Fwp%2Fv2%2Fmedia&parent=318"}],"curies":[{"name":"wp","href":"https:\/\/api.w.org\/{rel}","templated":true}]}}