{"id":373,"date":"2023-03-22T13:34:50","date_gmt":"2023-03-22T13:34:50","guid":{"rendered":"https:\/\/tierschutzstiftung-boesche.de\/?page_id=373"},"modified":"2023-03-22T13:34:52","modified_gmt":"2023-03-22T13:34:52","slug":"bruno-pet-e-v-erste-hilfe-fuer-rumaenische-strassentiere","status":"publish","type":"page","link":"https:\/\/tierschutzstiftung-boesche.de\/?page_id=373","title":{"rendered":"Bruno Pet e.V.: Erste Hilfe f\u00fcr rum\u00e4nische Stra\u00dfentiere"},"content":{"rendered":"<p>Ausgel\u00f6st durch den Tod eines kleinen Jungen herrscht seit September 2013 in Rum\u00e4nien der Ausnahmezustand: Eine Hetzkampagne von unglaublichem Ausma\u00df wurde ausgel\u00f6st.<br \/>Durch das in Kraft getretene Euthanasiegesetz wurden bereits Tausende von gesunden Hunden auf oft bestialische Weise get\u00f6tet. Ein gro\u00dfer Teil der Bev\u00f6lkerung erwartet, die Hunde m\u00f6glichst schnell von der Stra\u00dfe zu entfernen. Die Hunde werden so von den Gemeinden in gro\u00dfem Stil eingefangen und in die ohnehin \u00fcberf\u00fcllten Tierheime gebracht.<\/p>\n<p>Lehnen die Tiersch\u00fctzer die Aufnahme der Tiere ab, droht man mit T\u00f6tung.<\/p>\n<p>Es herrscht in allen uns bekannten Tierheimen hierdurch eine gro\u00dfe Notsituation: Es mangelt an ausreichender Ern\u00e4hrung, Zuwendung, medizinischer Versorgung. Was diese Tiere aushalten m\u00fcssen, sprengt unsere Vorstellungskraft. Tierschutz war mit Sicherheit noch nie einfach in Rum\u00e4nien, jedoch ist die Not der Hunde und Katzen so gro\u00df wie kaum jemals zuvor.<\/p>\n<p>Viele Stra\u00dfenhunde waren den Menschen zugetan, wurden von den Menschen gef\u00fcttert und freundlich behandelt. Gerade diese freundlichen, friedlichen Hunde sind nun die leichte Beute der Hundef\u00e4nger mit ihren brutalen Fangmethoden. Besch\u00e4mend wie mit ihnen nun umgegangen wird, was ihnen angetan wird.<\/p>\n\n<style>.kb-row-layout-id_3fdd77-4e > .kt-row-column-wrap{align-content:start;}:where(.kb-row-layout-id_3fdd77-4e > .kt-row-column-wrap) > .wp-block-kadence-column{justify-content:start;}.kb-row-layout-id_3fdd77-4e > .kt-row-column-wrap{column-gap:var(--global-kb-gap-md, 2rem);row-gap:var(--global-kb-gap-md, 2rem);padding-top:var(--global-kb-spacing-sm, 1.5rem);padding-bottom:var(--global-kb-spacing-sm, 1.5rem);grid-template-columns:minmax(0, 1fr);}.kb-row-layout-id_3fdd77-4e > .kt-row-layout-overlay{opacity:0.30;}@media all and (max-width: 1024px){.kb-row-layout-id_3fdd77-4e > .kt-row-column-wrap{grid-template-columns:minmax(0, 1fr);}}@media all and (max-width: 767px){.kb-row-layout-id_3fdd77-4e > .kt-row-column-wrap{grid-template-columns:minmax(0, 1fr);}}<\/style><div class=\"kb-row-layout-wrap kb-row-layout-id_3fdd77-4e alignnone wp-block-kadence-rowlayout\"><div class=\"kt-row-column-wrap kt-has-1-columns kt-row-layout-equal kt-tab-layout-inherit kt-mobile-layout-row kt-row-valign-top\">\n<style>.kadence-column_3f2524-27 > .kt-inside-inner-col,.kadence-column_3f2524-27 > .kt-inside-inner-col:before{border-top-left-radius:0px;border-top-right-radius:0px;border-bottom-right-radius:0px;border-bottom-left-radius:0px;}.kadence-column_3f2524-27 > .kt-inside-inner-col{column-gap:var(--global-kb-gap-sm, 1rem);}.kadence-column_3f2524-27 > .kt-inside-inner-col{flex-direction:column;}.kadence-column_3f2524-27 > .kt-inside-inner-col > .aligncenter{width:100%;}.kadence-column_3f2524-27 > .kt-inside-inner-col:before{opacity:0.3;}.kadence-column_3f2524-27{position:relative;}@media all and (max-width: 1024px){.kadence-column_3f2524-27 > .kt-inside-inner-col{flex-direction:column;}}@media all and (max-width: 767px){.kadence-column_3f2524-27 > .kt-inside-inner-col{flex-direction:column;}}<\/style>\n<div class=\"wp-block-kadence-column kadence-column_3f2524-27\"><div class=\"kt-inside-inner-col\"><div class=\"wp-block-image\">\n<figure class=\"aligncenter size-full\"><img data-recalc-dims=\"1\" loading=\"lazy\" decoding=\"async\" width=\"355\" height=\"547\" src=\"https:\/\/i0.wp.com\/tierschutzstiftung-boesche.de\/wp-content\/uploads\/2023\/03\/1_untersuchung.jpg?resize=355%2C547&#038;ssl=1\" alt=\"\" class=\"wp-image-374\" srcset=\"https:\/\/i0.wp.com\/tierschutzstiftung-boesche.de\/wp-content\/uploads\/2023\/03\/1_untersuchung.jpg?w=355&amp;ssl=1 355w, https:\/\/i0.wp.com\/tierschutzstiftung-boesche.de\/wp-content\/uploads\/2023\/03\/1_untersuchung.jpg?resize=195%2C300&amp;ssl=1 195w\" sizes=\"(max-width: 355px) 100vw, 355px\" \/><\/figure><\/div><\/div><\/div>\n\n<\/div><\/div>\n\n<p>U.a. in den Tierheimen Miercurea Ciuc, Targu Mures, Sighisora und Suceava sorgt die Tier\u00e4rztin Nina Sch\u00f6llhorn vom <a href=\"http:\/\/www.tier\u00e4rzte-pool.de\" target=\"_blank\" rel=\"noopener noreferrer\">Tier\u00e4rzte-Pool<\/a> regelm\u00e4\u00dfig in mehrw\u00f6chigen Eins\u00e4tzen daf\u00fcr, dass durch Kastrationen nicht noch mehr Leid in dieses Land geboren wird.<\/p>\n<p>Tier\u00e4rztliche Untersuchung<br \/>Neben Kastrationen werden nat\u00fcrlich auch andere, dringend notwendige Operationen durchgef\u00fchrt, z.B. Tumor-Operationen. Auch wenn sie niemals alle wird retten k\u00f6nnen, so k\u00e4mpft sie um jedes einzelne Leben und steht in den Eins\u00e4tzen bis zur Ersch\u00f6pfung im OP.<\/p>\n<p>Um den Tieren das Leben dort etwas zu erleichtern, wurde zus\u00e4tzlich im M\u00e4rz 2014 ein LKW mit Spenden vom Bodensee nach Rum\u00e4nien gebracht: Es sind 30 Paletten an Spenden zusammengekommen mit einem Gesamtgewicht von 17 Tonnen.<\/p>\n<p>Diese Spenden setzen sich zusammen aus Futter, Decken, Hundeliegewannen und nat\u00fcrlich medizinischem Material. Darunter werden auch ca. 2000 Ungezieferhals-b\u00e4nder sein, die dort dringend ben\u00f6tigt werden.<\/p>\n<p>Aus Kostengr\u00fcnden werden diese Spenden-Paletten bis zum Transport nicht in einer Spedition gelagert sondern auf dem Grundst\u00fcck einer Tiersch\u00fctzerin am Bodensee, die auch den LKW-Transport organisiert.<br \/>Sara Kohl hat hiermit zum wiederholten Male diese gro\u00dfen Mengen an Spenden zusammentragen k\u00f6nnen, diese in m\u00fchseliger Kleinarbeit sortiert und transportf\u00e4hig verpackt. Ein gro\u00dfer Dank gilt an dieser Stelle Sara Kohl, allen kleinen und gro\u00dfen Spendern und Helfern. Die Spenden werden an die oben genannten rum\u00e4nischen Tierheime verteilt.<\/p>\n<p>Das Tierheim in Miercurea Ciuc befand sich in diesem Winter aufgrund der \u00dcberf\u00fcllung und des nassen Wetters in einer Ausnahmesituation. Es leben mittlerweile 400 Hunde in dem Tierheim. Eine unvorstellbare Gr\u00f6\u00dfe im Vergleich zu nordeurop\u00e4ischen Tierheimen. Da es auch in Rum\u00e4nien keinen richtigen Winter gab, sind uns die Zwinger aufgrund der nasskalten Wetterlage f\u00f6rmlich weggeschwommen. Die Hunde hatten keine trockene Stelle mehr, es stand alles unter Wasser und war matschig. Das Fell st\u00e4ndig nass, die Pfoten wund. Viele Hunde bekamen Husten. Wir mussten sogar einige Welpenzwinger leerr\u00e4umen und schlie\u00dfen. Aber wohin mit den Hunden, es war ja schon \u00fcbervoll. Eine sofort umsetzbare L\u00f6sung musste her.<\/p>\n<p>Dank der Spende durch die Tierschutzstiftung Wolfgang B\u00f6sche konnten wir sehr schnell reagieren und mehrere LKW voll Kies bestellen. In Handarbeit wurden die Zwingerb\u00f6den mit Kies aufgesch\u00fcttet, zus\u00e4tzlich eine Verlattung im Kiesbett erstellt, damit der Kies auch an Ort und Stelle bleibt, wenn die Hunde herumrennen. So wird den Hunden spontan und dennoch nachhaltig geholfen, die Lebensumst\u00e4nde zu verbessern. Diese Sanierung der Zwinger beugt weiteren Verletzungen der Tiere vor, die nun nicht mehr auf schlammigem Boden ausharren m\u00fcssen.<\/p>\n<p>Die sehr schnelle Hilfe der Tierschutzstiftung Wolfgang B\u00f6sche hat die o.g. LKW-Fahrt von Deutschland nach Rum\u00e4nien finanziert und die Sanierung der Zwinger erm\u00f6glicht. Der <a href=\"http:\/\/www.freundeskreis-bp.de\" target=\"_blank\" rel=\"noopener noreferrer\">Freundeskreis Bruno Pet e.V.<\/a> bedankt sich sehr herzlich f\u00fcr diese unb\u00fcrokratische Hilfe im Namen der rum\u00e4nischen Sch\u00fctzlinge.<br \/>Wer helfen m\u00f6chten, dass kein weiteres Leben und somit Leid in dieses Land geboren wird, kann den Tier\u00e4rzte-Pool unterst\u00fctzen, der Kastrationsaktionen in rum\u00e4nischen Tierheimen durchf\u00fchrt und es der Bev\u00f6lkerung in den jeweiligen Einsatzwochen zus\u00e4tzlich erm\u00f6glicht, ihre Privattiere kostenlos kastrieren zu lassen. Denn auch die unkastrierten Privattiere tragen letztendlich zu dem Problem der zahlreichen Stra\u00dfenhunde bei.<\/p>\n<p>N\u00e4here Informationen finden sich auf der Internetseite <a href=\"http:\/\/www.tier\u00e4rzte-pool.de\" target=\"_blank\" rel=\"noopener noreferrer\">www.tier\u00e4rzte-pool.de<\/a>.<\/p>","protected":false},"excerpt":{"rendered":"<p>Ausgel\u00f6st durch den Tod eines kleinen Jungen herrscht seit September 2013 in Rum\u00e4nien der Ausnahmezustand: Eine Hetzkampagne von unglaublichem Ausma\u00df wurde ausgel\u00f6st.Durch das in Kraft getretene Euthanasiegesetz wurden bereits Tausende von gesunden Hunden auf oft bestialische Weise get\u00f6tet. Ein gro\u00dfer Teil der Bev\u00f6lkerung erwartet, die Hunde m\u00f6glichst schnell von der Stra\u00dfe zu entfernen. Die Hunde&#8230;<\/p>\n","protected":false},"author":1,"featured_media":0,"parent":0,"menu_order":0,"comment_status":"closed","ping_status":"closed","template":"","meta":{"_kadence_starter_templates_imported_post":false,"_kad_post_transparent":"","_kad_post_title":"","_kad_post_layout":"","_kad_post_sidebar_id":"","_kad_post_content_style":"","_kad_post_vertical_padding":"","_kad_post_feature":"","_kad_post_feature_position":"","_kad_post_header":false,"_kad_post_footer":false,"_kad_post_classname":"","footnotes":""},"class_list":["post-373","page","type-page","status-publish","hentry"],"lang":"de","translations":{"de":373,"en":376},"jetpack_sharing_enabled":true,"pll_sync_post":[],"_links":{"self":[{"href":"https:\/\/tierschutzstiftung-boesche.de\/index.php?rest_route=\/wp\/v2\/pages\/373"}],"collection":[{"href":"https:\/\/tierschutzstiftung-boesche.de\/index.php?rest_route=\/wp\/v2\/pages"}],"about":[{"href":"https:\/\/tierschutzstiftung-boesche.de\/index.php?rest_route=\/wp\/v2\/types\/page"}],"author":[{"embeddable":true,"href":"https:\/\/tierschutzstiftung-boesche.de\/index.php?rest_route=\/wp\/v2\/users\/1"}],"replies":[{"embeddable":true,"href":"https:\/\/tierschutzstiftung-boesche.de\/index.php?rest_route=%2Fwp%2Fv2%2Fcomments&post=373"}],"version-history":[{"count":0,"href":"https:\/\/tierschutzstiftung-boesche.de\/index.php?rest_route=\/wp\/v2\/pages\/373\/revisions"}],"wp:attachment":[{"href":"https:\/\/tierschutzstiftung-boesche.de\/index.php?rest_route=%2Fwp%2Fv2%2Fmedia&parent=373"}],"curies":[{"name":"wp","href":"https:\/\/api.w.org\/{rel}","templated":true}]}}