{"id":378,"date":"2023-03-22T13:38:33","date_gmt":"2023-03-22T13:38:33","guid":{"rendered":"https:\/\/tierschutzstiftung-boesche.de\/?page_id=378"},"modified":"2023-03-22T13:38:34","modified_gmt":"2023-03-22T13:38:34","slug":"nabu-e-v-tier-und-naturschutzmassnahmen-in-braunschweig","status":"publish","type":"page","link":"https:\/\/tierschutzstiftung-boesche.de\/?page_id=378","title":{"rendered":"NABU e.V.: Tier- und Naturschutzma\u00dfnahmen in Braunschweig"},"content":{"rendered":"<style>.kb-row-layout-id_9acdf8-d0 > .kt-row-column-wrap{align-content:start;}:where(.kb-row-layout-id_9acdf8-d0 > .kt-row-column-wrap) > .wp-block-kadence-column{justify-content:start;}.kb-row-layout-id_9acdf8-d0 > .kt-row-column-wrap{column-gap:var(--global-kb-gap-md, 2rem);row-gap:var(--global-kb-gap-md, 2rem);padding-top:var(--global-kb-spacing-sm, 1.5rem);padding-bottom:var(--global-kb-spacing-sm, 1.5rem);grid-template-columns:minmax(0, 1fr) minmax(0, 2fr);}.kb-row-layout-id_9acdf8-d0 > .kt-row-layout-overlay{opacity:0.30;}@media all and (max-width: 1024px){.kb-row-layout-id_9acdf8-d0 > .kt-row-column-wrap{grid-template-columns:repeat(2, minmax(0, 1fr));}}@media all and (max-width: 767px){.kb-row-layout-id_9acdf8-d0 > .kt-row-column-wrap{grid-template-columns:minmax(0, 1fr);}}<\/style><div class=\"kb-row-layout-wrap kb-row-layout-id_9acdf8-d0 alignnone wp-block-kadence-rowlayout\"><div class=\"kt-row-column-wrap kt-has-2-columns kt-row-layout-right-golden kt-tab-layout-inherit kt-mobile-layout-row kt-row-valign-top\">\n<style>.kadence-column_5c7ea1-4e > .kt-inside-inner-col,.kadence-column_5c7ea1-4e > .kt-inside-inner-col:before{border-top-left-radius:0px;border-top-right-radius:0px;border-bottom-right-radius:0px;border-bottom-left-radius:0px;}.kadence-column_5c7ea1-4e > .kt-inside-inner-col{column-gap:var(--global-kb-gap-sm, 1rem);}.kadence-column_5c7ea1-4e > .kt-inside-inner-col{flex-direction:column;}.kadence-column_5c7ea1-4e > .kt-inside-inner-col > .aligncenter{width:100%;}.kadence-column_5c7ea1-4e > .kt-inside-inner-col:before{opacity:0.3;}.kadence-column_5c7ea1-4e{position:relative;}@media all and (max-width: 1024px){.kadence-column_5c7ea1-4e > .kt-inside-inner-col{flex-direction:column;}}@media all and (max-width: 767px){.kadence-column_5c7ea1-4e > .kt-inside-inner-col{flex-direction:column;}}<\/style>\n<div class=\"wp-block-kadence-column kadence-column_5c7ea1-4e\"><div class=\"kt-inside-inner-col\"><div class=\"wp-block-image\">\n<figure class=\"aligncenter size-full\"><img data-recalc-dims=\"1\" loading=\"lazy\" decoding=\"async\" width=\"316\" height=\"210\" src=\"https:\/\/i0.wp.com\/tierschutzstiftung-boesche.de\/wp-content\/uploads\/2023\/03\/Nabu_Schwarzstorch.jpg?resize=316%2C210&#038;ssl=1\" alt=\"\" class=\"wp-image-379\" srcset=\"https:\/\/i0.wp.com\/tierschutzstiftung-boesche.de\/wp-content\/uploads\/2023\/03\/Nabu_Schwarzstorch.jpg?w=316&amp;ssl=1 316w, https:\/\/i0.wp.com\/tierschutzstiftung-boesche.de\/wp-content\/uploads\/2023\/03\/Nabu_Schwarzstorch.jpg?resize=300%2C199&amp;ssl=1 300w\" sizes=\"(max-width: 316px) 100vw, 316px\" \/><\/figure><\/div><\/div><\/div>\n\n\n<style>.kadence-column_fec788-86 > .kt-inside-inner-col,.kadence-column_fec788-86 > .kt-inside-inner-col:before{border-top-left-radius:0px;border-top-right-radius:0px;border-bottom-right-radius:0px;border-bottom-left-radius:0px;}.kadence-column_fec788-86 > .kt-inside-inner-col{column-gap:var(--global-kb-gap-sm, 1rem);}.kadence-column_fec788-86 > .kt-inside-inner-col{flex-direction:column;}.kadence-column_fec788-86 > .kt-inside-inner-col > .aligncenter{width:100%;}.kadence-column_fec788-86 > .kt-inside-inner-col:before{opacity:0.3;}.kadence-column_fec788-86{position:relative;}@media all and (max-width: 1024px){.kadence-column_fec788-86 > .kt-inside-inner-col{flex-direction:column;}}@media all and (max-width: 767px){.kadence-column_fec788-86 > .kt-inside-inner-col{flex-direction:column;}}<\/style>\n<div class=\"wp-block-kadence-column kadence-column_fec788-86\"><div class=\"kt-inside-inner-col\">\n<p>F\u00fcr den regionalen Tier- und Naturschutz setzt sich die Bezirksgruppe Braunschweig des Naturschutzbund Deutschland e.V. mit ihren knapp 2.000 Mitgliedern ein. Zu den T\u00e4tigkeiten geh\u00f6ren u.a. der Amphibien-, Fledermaus-, Hornissen- und Biotopschutz sowie Greifv\u00f6gel- und Eulenbestandsz\u00e4hlungen.<\/p>\n<p>Der Braunschweiger Verein wurde im Jahr 1908 gegr\u00fcndet und steht zur Zeit unter dem Vorsitz von Prof. Dr. Friedmund Melchert.<\/p>\n<p><a href=\"http:\/\/www.nabu-braunschweig.de\/\" target=\"new\" rel=\"noopener noreferrer\">Mehr Informationen finden Sie hier.<\/a><\/p>\n<\/div><\/div>\n\n<\/div><\/div>","protected":false},"excerpt":{"rendered":"<p>F\u00fcr den regionalen Tier- und Naturschutz setzt sich die Bezirksgruppe Braunschweig des Naturschutzbund Deutschland e.V. mit ihren knapp 2.000 Mitgliedern ein. Zu den T\u00e4tigkeiten geh\u00f6ren u.a. der Amphibien-, Fledermaus-, Hornissen- und Biotopschutz sowie Greifv\u00f6gel- und Eulenbestandsz\u00e4hlungen. Der Braunschweiger Verein wurde im Jahr 1908 gegr\u00fcndet und steht zur Zeit unter dem Vorsitz von Prof. Dr. Friedmund&#8230;<\/p>\n","protected":false},"author":1,"featured_media":0,"parent":0,"menu_order":0,"comment_status":"closed","ping_status":"closed","template":"","meta":{"_kadence_starter_templates_imported_post":false,"_kad_post_transparent":"","_kad_post_title":"","_kad_post_layout":"","_kad_post_sidebar_id":"","_kad_post_content_style":"","_kad_post_vertical_padding":"","_kad_post_feature":"","_kad_post_feature_position":"","_kad_post_header":false,"_kad_post_footer":false,"_kad_post_classname":"","footnotes":""},"class_list":["post-378","page","type-page","status-publish","hentry"],"lang":"de","translations":{"de":378,"en":381},"jetpack_sharing_enabled":true,"pll_sync_post":[],"_links":{"self":[{"href":"https:\/\/tierschutzstiftung-boesche.de\/index.php?rest_route=\/wp\/v2\/pages\/378"}],"collection":[{"href":"https:\/\/tierschutzstiftung-boesche.de\/index.php?rest_route=\/wp\/v2\/pages"}],"about":[{"href":"https:\/\/tierschutzstiftung-boesche.de\/index.php?rest_route=\/wp\/v2\/types\/page"}],"author":[{"embeddable":true,"href":"https:\/\/tierschutzstiftung-boesche.de\/index.php?rest_route=\/wp\/v2\/users\/1"}],"replies":[{"embeddable":true,"href":"https:\/\/tierschutzstiftung-boesche.de\/index.php?rest_route=%2Fwp%2Fv2%2Fcomments&post=378"}],"version-history":[{"count":0,"href":"https:\/\/tierschutzstiftung-boesche.de\/index.php?rest_route=\/wp\/v2\/pages\/378\/revisions"}],"wp:attachment":[{"href":"https:\/\/tierschutzstiftung-boesche.de\/index.php?rest_route=%2Fwp%2Fv2%2Fmedia&parent=378"}],"curies":[{"name":"wp","href":"https:\/\/api.w.org\/{rel}","templated":true}]}}