{"id":416,"date":"2023-03-24T04:12:55","date_gmt":"2023-03-24T04:12:55","guid":{"rendered":"https:\/\/tierschutzstiftung-boesche.de\/?page_id=416"},"modified":"2023-03-24T04:12:56","modified_gmt":"2023-03-24T04:12:56","slug":"ocean-care-kampagne-zum-schutz-der-delphine-und-haie-in-peru","status":"publish","type":"page","link":"https:\/\/tierschutzstiftung-boesche.de\/?page_id=416","title":{"rendered":"Ocean Care: Kampagne zum Schutz der Delphine und Haie in Peru"},"content":{"rendered":"<h6>OceanCare: Expertise und Passion f\u00fcr lebendige Ozeane<\/h6>\n\n<style>.kb-row-layout-id_01115d-25 > .kt-row-column-wrap{align-content:start;}:where(.kb-row-layout-id_01115d-25 > .kt-row-column-wrap) > .wp-block-kadence-column{justify-content:start;}.kb-row-layout-id_01115d-25 > .kt-row-column-wrap{column-gap:var(--global-kb-gap-md, 2rem);row-gap:var(--global-kb-gap-md, 2rem);padding-top:var(--global-kb-spacing-sm, 1.5rem);padding-bottom:var(--global-kb-spacing-sm, 1.5rem);grid-template-columns:minmax(0, 1fr);}.kb-row-layout-id_01115d-25 > .kt-row-layout-overlay{opacity:0.30;}@media all and (max-width: 1024px){.kb-row-layout-id_01115d-25 > .kt-row-column-wrap{grid-template-columns:minmax(0, 1fr);}}@media all and (max-width: 767px){.kb-row-layout-id_01115d-25 > .kt-row-column-wrap{grid-template-columns:minmax(0, 1fr);}}<\/style><div class=\"kb-row-layout-wrap kb-row-layout-id_01115d-25 alignnone wp-block-kadence-rowlayout\"><div class=\"kt-row-column-wrap kt-has-1-columns kt-row-layout-equal kt-tab-layout-inherit kt-mobile-layout-row kt-row-valign-top\">\n<style>.kadence-column_6dff1c-50 > .kt-inside-inner-col,.kadence-column_6dff1c-50 > .kt-inside-inner-col:before{border-top-left-radius:0px;border-top-right-radius:0px;border-bottom-right-radius:0px;border-bottom-left-radius:0px;}.kadence-column_6dff1c-50 > .kt-inside-inner-col{column-gap:var(--global-kb-gap-sm, 1rem);}.kadence-column_6dff1c-50 > .kt-inside-inner-col{flex-direction:column;}.kadence-column_6dff1c-50 > .kt-inside-inner-col > .aligncenter{width:100%;}.kadence-column_6dff1c-50 > .kt-inside-inner-col:before{opacity:0.3;}.kadence-column_6dff1c-50{position:relative;}@media all and (max-width: 1024px){.kadence-column_6dff1c-50 > .kt-inside-inner-col{flex-direction:column;}}@media all and (max-width: 767px){.kadence-column_6dff1c-50 > .kt-inside-inner-col{flex-direction:column;}}<\/style>\n<div class=\"wp-block-kadence-column kadence-column_6dff1c-50\"><div class=\"kt-inside-inner-col\"><div class=\"wp-block-image\">\n<figure class=\"aligncenter size-full is-resized\"><img data-recalc-dims=\"1\" loading=\"lazy\" decoding=\"async\" src=\"https:\/\/i0.wp.com\/tierschutzstiftung-boesche.de\/wp-content\/uploads\/2023\/03\/Projektbericht-Delphin-und-Haischutz-deutsche-Fassung_Seite_3_Bild_0002-300x170-1.jpg?resize=439%2C249&#038;ssl=1\" alt=\"\" class=\"wp-image-417\" width=\"439\" height=\"249\"\/><figcaption class=\"wp-element-caption\">T\u00f6dliche \u00abFeder\u00bb: Spitze einer Handharpune f\u00fcr die Delphinjagd (Robert Marc Lehmann)<\/figcaption><\/figure><\/div><\/div><\/div>\n\n<\/div><\/div>\n\n<p>Die Meeresschutzorganisation OceanCare setzt sich seit 1989 weltweit f\u00fcr die Meeress\u00e4uger und Ozeane ein. Mit Forschungs- und Schutzprojekten, Umweltbildungskampagnen sowie intensivem Einsatz in internationalen Gremien unternimmt die Organisation konkrete Schritte zur Verbesserung der Lebensbedingungen in den Weltmeeren.<\/p>\n<p>OceanCare ist mit Akteuren und Regeln aller im Meeresschutz relevanten internationalen Abkommen vertraut, kooperiert eng mit Partnerorganisationen und f\u00fchrenden Wissenschaftlern und geniesst dank ihrer Kompetenz und l\u00f6sungsorientierten Strategien das Vertrauen politischer Entscheidungstr\u00e4ger.<\/p>\n<p><strong>Seit 2011 ist OceanCare UN-Sonderberaterin f\u00fcr den Meeresschutz.<\/strong><\/p>\n<h6>Bedrohte Meereswelt vor Peru<\/h6>\n<p>Vor der \u00fcber 3\u2018000 Kilometer langen K\u00fcste Perus liegt das fischreichste Meeresgebiet der Welt. Von dort stammen 10% des globalen Fischfangs. Ein Schlaraffenland f\u00fcr Beutegreifer wie Delphine und Haie. \u00dcber 30 verschiedene Arten von Meeress\u00e4ugern leben in peruanischen Gew\u00e4ssern. Ein lebendiger Reichtum, der f\u00fcr das s\u00fcdamerikanische Land Grundlage eines florierenden Tourismus sein k\u00f6nnte.<\/p>\n<p>Doch statt den nat\u00fcrlichen Reichtum nachhaltig zu nutzen, l\u00e4sst die peruanische Regierung zu, dass j\u00e4hrlich bis zu 15\u2018000 Delphine auf qualvollste Weise get\u00f6tet werden. Das Ausmass des peruanischen Delphinmassakers ist vergleichbar mit jenem in Japan. Anders als dort, ist es in Peru seit 1997 aber verboten, Delphine zu t\u00f6ten. Das \u00f6kologische Verbrechen w\u00fcrde per Gesetz mit vier Jahren Gef\u00e4ngnis geahndet, was in der Realit\u00e4t aber kaum je geschieht. Illegal \u2013 und von der Regierung grossz\u00fcgig \u00fcbersehen \u2013 harpunieren lokale Fischer vor allem Schwarzdelphine.<\/p>\n<p>Ein Teil der Beute landet auf dem Schwarzmarkt f\u00fcr den menschlichen Konsum. Der gr\u00f6ssere Teil des Delphinfleisches aber wird f\u00fcr ein weiteres Gemetzel genutzt: Als K\u00f6der f\u00fcr Haie, vorwiegend Makohaie und Blauhaie, die j\u00e4hrlich zu zehntausenden get\u00f6tet werden. Haifleisch findet man in Peru auf vielen Speisekarten. Die Flossen sind vorwiegend f\u00fcr den asiatischen Markt bestimmt. Vor den K\u00fcsten Perus sind die Haibest\u00e4nde mittlerweile drastisch \u00fcberfischt. Rund 95% der gefangenen Tiere haben das fortpflanzungsf\u00e4hige Alter noch nicht erreicht. Neben enormem Tierleid generiert die verwerfliche Haijagd auch ein massives Artenschutzproblem.<\/p>\n<p>Seit 2008 unterst\u00fctzt OceanCare den deutschen Biologen Stefan Austerm\u00fchle und dessen peruanische Organisation Mundo Azul im Schutz der Delphine und Haie in Peru.<\/p>\n<h6>Dokumentarfilm bringt Delphin- und Haijagd ans Licht<\/h6>\n<p>2013 erm\u00f6glichte OceanCare Stefan Austerm\u00fchle eine Undercover-Aktion, bei der er erstmals brisantes Beweismaterial sammeln konnte. Unerkannt fuhr er einen Monat lang auf einem Fischerboot mit und dokumentierte die Jagd auf Delphine und Haie. Aus dem umfangreichen Film- und Bildmaterial, das im Zuge dieser gef\u00e4hrlichen, verdeckten Recherche aufgenommen wurde, entstand ein halbst\u00fcndiger Kurzfilm. Dieser wurde 2015 in Deutschland am Filmfestival NaturVision in Ludwigsburg gezeigt und erhielt am renommierten Naturfilmfestival in Eckernf\u00f6rde einen Sonderpreis.<\/p>\n<p>Seit 2016 arbeiten OceanCare und Mundo Azul an einem Dokumentarfilm f\u00fcr internationale TV-Kan\u00e4le, der bis Ende des Jahres fertiggestellt werden soll. Das Material aus 2013 wird mit aktuellen Filmaufnahmen erg\u00e4nzt. Im Februar 2016 gelang es dem Filmteam seltenes Material zum Handel mit Haiflossen zu drehen, sowie den Beweis zu erbringen, dass selbst Babyhaie auf dem Markt angeboten werden.<\/p>\n<p>OceanCare verspricht sich von diesem Dokumentarfilm eine Kehrtwende. Er soll die \u00d6ffentlichkeit in Peru und weltweit aufr\u00fctteln und die peruanische Regierung zum Handeln bewegen. Dass ein solcher Film Wirkung haben kann, zeigte 2009 der Dokumentarfilm \u201aDie Bucht\u2018 \u00fcber die japanische Delphintreibjagd. Aufgrund der \u00f6ffentlichen Emp\u00f6rung reduzierte sich die Zahl get\u00f6teter Delphine in Japan mittlerweile um immerhin die H\u00e4lfte.<\/p>\n<h6>Durchsetzung des Jagdverbots in Peru<\/h6>\n<p>Aus den Undercover-Aufnahmen von 2013 produzierten OceanCare und Mundo Azul den erw\u00e4hnten Kurzfilm. Ein Ausschnitt daraus wurde 2015 an die peruanische Regierung, an weltweit alle Botschaften Perus sowie an zust\u00e4ndige Fischerei- und Artenschutzabkommen geschickt, verbunden mit der Forderung, geltendes Recht bez\u00fcglich der illegalen Delphinjagd durchzusetzen sowie die Haibest\u00e4nde besser zu sch\u00fctzen.<\/p>\n<p>2016 erhob die peruanische Staatsanwaltschaft Anklage gegen die drei peruanischen Delphinj\u00e4ger, die im Film zu sehen sind. Sie mussten sich im August 2016 vor Gericht f\u00fcr ihre Taten verantworten. Es war das erste Mal, dass illegales T\u00f6ten von Delphinen in Peru zur Anklage kam. Im Zeugenstand war unter anderen Stefan Austerm\u00fchle. Das laufende Gerichtsverfahren setzt ein deutliches Zeichen, dass die Jagd auf Delphine f\u00fcr die Fischer drastische Konsequenzen haben kann.<\/p>\n<p>Den Fischern Perspektiven geben<\/p>\n<p>Ein nachhaltiger Umgang mit dem Meer kann nicht nur mit Druck erreicht werden. Wie in vielen anderen Projekten legt OceanCare auch in Peru Wert darauf, die lokale Bev\u00f6lkerung und insbesondere die Fischer f\u00fcr die \u00f6kologischen Probleme zu sensibilisieren und Wege aufzuzeigen, wie sie ihren Lebensunterhalt auf umweltfreundlichere Weise bestreiten k\u00f6nnen.<\/p>\n\n<style>.kb-row-layout-id_75123a-d5 > .kt-row-column-wrap{align-content:start;}:where(.kb-row-layout-id_75123a-d5 > .kt-row-column-wrap) > .wp-block-kadence-column{justify-content:start;}.kb-row-layout-id_75123a-d5 > .kt-row-column-wrap{column-gap:var(--global-kb-gap-md, 2rem);row-gap:var(--global-kb-gap-md, 2rem);padding-top:var(--global-kb-spacing-sm, 1.5rem);padding-bottom:var(--global-kb-spacing-sm, 1.5rem);grid-template-columns:repeat(2, minmax(0, 1fr));}.kb-row-layout-id_75123a-d5 > .kt-row-layout-overlay{opacity:0.30;}@media all and (max-width: 1024px){.kb-row-layout-id_75123a-d5 > .kt-row-column-wrap{grid-template-columns:repeat(2, minmax(0, 1fr));}}@media all and (max-width: 767px){.kb-row-layout-id_75123a-d5 > .kt-row-column-wrap{grid-template-columns:minmax(0, 1fr);}}<\/style><div class=\"kb-row-layout-wrap kb-row-layout-id_75123a-d5 alignnone wp-block-kadence-rowlayout\"><div class=\"kt-row-column-wrap kt-has-2-columns kt-row-layout-equal kt-tab-layout-inherit kt-mobile-layout-row kt-row-valign-top\">\n<style>.kadence-column_08f14e-f9 > .kt-inside-inner-col,.kadence-column_08f14e-f9 > .kt-inside-inner-col:before{border-top-left-radius:0px;border-top-right-radius:0px;border-bottom-right-radius:0px;border-bottom-left-radius:0px;}.kadence-column_08f14e-f9 > .kt-inside-inner-col{column-gap:var(--global-kb-gap-sm, 1rem);}.kadence-column_08f14e-f9 > .kt-inside-inner-col{flex-direction:column;}.kadence-column_08f14e-f9 > .kt-inside-inner-col > .aligncenter{width:100%;}.kadence-column_08f14e-f9 > .kt-inside-inner-col:before{opacity:0.3;}.kadence-column_08f14e-f9{position:relative;}@media all and (max-width: 1024px){.kadence-column_08f14e-f9 > .kt-inside-inner-col{flex-direction:column;}}@media all and (max-width: 767px){.kadence-column_08f14e-f9 > .kt-inside-inner-col{flex-direction:column;}}<\/style>\n<div class=\"wp-block-kadence-column kadence-column_08f14e-f9\"><div class=\"kt-inside-inner-col\"><div class=\"wp-block-image\">\n<figure class=\"aligncenter size-full is-resized\"><img data-recalc-dims=\"1\" loading=\"lazy\" decoding=\"async\" src=\"https:\/\/i0.wp.com\/tierschutzstiftung-boesche.de\/wp-content\/uploads\/2023\/03\/Projektbericht-Delphin-und-Haischutz-deutsche-Fassung_Seite_6_Bild_0002-300x226-1.jpg?resize=431%2C325&#038;ssl=1\" alt=\"\" class=\"wp-image-418\" width=\"431\" height=\"325\"\/><\/figure><\/div><\/div><\/div>\n\n\n<style>.kadence-column_b450fe-f1 > .kt-inside-inner-col,.kadence-column_b450fe-f1 > .kt-inside-inner-col:before{border-top-left-radius:0px;border-top-right-radius:0px;border-bottom-right-radius:0px;border-bottom-left-radius:0px;}.kadence-column_b450fe-f1 > .kt-inside-inner-col{column-gap:var(--global-kb-gap-sm, 1rem);}.kadence-column_b450fe-f1 > .kt-inside-inner-col{flex-direction:column;}.kadence-column_b450fe-f1 > .kt-inside-inner-col > .aligncenter{width:100%;}.kadence-column_b450fe-f1 > .kt-inside-inner-col:before{opacity:0.3;}.kadence-column_b450fe-f1{position:relative;}@media all and (max-width: 1024px){.kadence-column_b450fe-f1 > .kt-inside-inner-col{flex-direction:column;}}@media all and (max-width: 767px){.kadence-column_b450fe-f1 > .kt-inside-inner-col{flex-direction:column;}}<\/style>\n<div class=\"wp-block-kadence-column kadence-column_b450fe-f1\"><div class=\"kt-inside-inner-col\"><div class=\"wp-block-image\">\n<figure class=\"aligncenter size-full is-resized\"><img data-recalc-dims=\"1\" loading=\"lazy\" decoding=\"async\" src=\"https:\/\/i0.wp.com\/tierschutzstiftung-boesche.de\/wp-content\/uploads\/2023\/03\/Projektbericht-Delphin-und-Haischutz-deutsche-Fassung_Seite_6_Bild_0003-300x225-1.jpg?resize=431%2C323&#038;ssl=1\" alt=\"\" class=\"wp-image-419\" width=\"431\" height=\"323\"\/><figcaption class=\"wp-element-caption\">Workshop mit Fischern (Mundo Azul)<\/figcaption><\/figure><\/div><\/div><\/div>\n\n<\/div><\/div>\n\n<p>Erste Workshops zu nachhaltigen Fischereimethoden und sanftem Umwelttourismus hat Stefan Austerm\u00fchle bereits durchgef\u00fchrt. Weitere Anl\u00e4sse sind ab 2017 geplant. Sie sollen beitragen, das Bewusstsein der peruanischen Fischer f\u00fcr die weltweit einzigartige Meereswelt vor der K\u00fcste ihres Landes zu sch\u00e4rfen und deutlich machen, wie wertvoll der nat\u00fcrliche Reichtum \u2013 vorausgesetzt, es wird achtsam mit ihm umgegangen \u2013 f\u00fcr das Land auch in Zukunft sein kann.<\/p>\n<h6>Arbeit in internationalen Gremien<\/h6>\n<p>OceanCare thematisiert den illegalen Fang von Meerestieren zur Nahrungsbeschaffung, sogenanntes Marine Bushmeat, in internationalen Foren. Eine entsprechende Studie wurde diesen Sommer beim \u00dcbereinkommen zur Erhaltung wandernder wild lebender Tierarten (CMS\/Bonner Konvention) eingebracht und dem Wissenschaftsausschuss der Internationalen Walfangkommission (IWC) f\u00fcr die Walfangkonferenz im Oktober unterbreitet.<\/p>\n<p>Im Januar 2017 nimmt OceanCare in Adelaide am Treffen des f\u00fcr die peruanischen Gew\u00e4sser zust\u00e4ndigen regionalen Fischereiabkommens teil, der South Pacific Regional Fisheries Management Organisation (SPRFMO). Den Fokus legen wir hier auf den massiven Fang von unterj\u00e4hrigen Haien.<\/p>\n<h6>Kampagnenarbeit zum Schutz der Delphine und Haie<\/h6>\n<p>Mit Partnern ruft OceanCare seit 2013 zum Transport-Boykott von Haiflossen auf. Mittlerweile verbieten 31 internationale Fluggesellschaften, darunter Emirates Airline, Qantas, Thai Airways und United Parcel Service, den Transport dieser Produkte an Bord ihrer Flugzeuge. Ein wichtiger Erfolg, denn ein Grossteil der Haiflossen wird via Luftfracht rund um den Globus verschickt. Die Aktion wird laufend ausgeweitet.<\/p>\n<p>Seit 2015 verteilt OceanCare in der Schweiz Karten an die Adresse der peruanischen Botschaft in Bern, mit denen Tierfreunde gegen die brutale Delphin- und Haijagd protestieren k\u00f6nnen. Ein Online-Protest verst\u00e4rkt die \u00f6ffentliche Stimme zus\u00e4tzlich. Die gesammelten Unterschriften \u00fcbergibt OceanCare im Oktober dem neu gew\u00e4hlten Pr\u00e4sidenten Pedro Pablo Kuczynski.<\/p>\n<h6>Weckruf f\u00fcr die Schweiz<\/h6>\n<p>2015 unterst\u00fctzte OceanCare eine Motion gegen den Import von Haiflossen in die Schweiz, die der Nationalrat mit grosser Mehrheit annahm, der St\u00e4nderat aber mit 22 zu 15 Stimmen ablehnte. Das Ziel eines Importverbots f\u00fcr Haiflossen in die Schweiz verfolgt OceanCare selbstverst\u00e4ndlich weiter.<\/p>\n<p>Erstaunlich, dass in der Schweiz, wo ein Bewusstsein f\u00fcr die Bedrohung der Hai zu erwarten w\u00e4re, Haiprodukte noch immer angeboten und unkritisch konsumiert werden. Unter Fantasienamen wie \u00abSchillerlocke\u00bb, \u00abK\u00f6nigsaal\u00bb, \u00abSeest\u00f6r\u00bb oder \u00abSteinlachs\u00bb wird das Fleisch feilgeboten. \u00abSchillerlocke\u00bb beispielsweise ist der Bauchlappen des Dornhai, einer Haiart, die auf der roten Liste der bedrohten Tiere steht. Chondroitinsulfat aus Haiknorpel ist von Swissmedic als Arzneimittel bei Gelenkproblemen zugelassen und als Nahrungserg\u00e4nzungsmittel sogar rezeptfrei erh\u00e4ltlich. OceanCare wird Fischh\u00e4ndler und Apotheker hinsichtlich der bedenklichen Hintergr\u00fcnde dieser Produkte sensibilisieren.<\/p>\n\n<style>.kb-row-layout-id_94648b-ed > .kt-row-column-wrap{align-content:start;}:where(.kb-row-layout-id_94648b-ed > .kt-row-column-wrap) > .wp-block-kadence-column{justify-content:start;}.kb-row-layout-id_94648b-ed > .kt-row-column-wrap{column-gap:var(--global-kb-gap-md, 2rem);row-gap:var(--global-kb-gap-md, 2rem);padding-top:var(--global-kb-spacing-sm, 1.5rem);padding-bottom:var(--global-kb-spacing-sm, 1.5rem);grid-template-columns:minmax(0, 1fr);}.kb-row-layout-id_94648b-ed > .kt-row-layout-overlay{opacity:0.30;}@media all and (max-width: 1024px){.kb-row-layout-id_94648b-ed > .kt-row-column-wrap{grid-template-columns:minmax(0, 1fr);}}@media all and (max-width: 767px){.kb-row-layout-id_94648b-ed > .kt-row-column-wrap{grid-template-columns:minmax(0, 1fr);}}<\/style><div class=\"kb-row-layout-wrap kb-row-layout-id_94648b-ed alignnone wp-block-kadence-rowlayout\"><div class=\"kt-row-column-wrap kt-has-1-columns kt-row-layout-equal kt-tab-layout-inherit kt-mobile-layout-row kt-row-valign-top\">\n<style>.kadence-column_92e2b7-86 > .kt-inside-inner-col,.kadence-column_92e2b7-86 > .kt-inside-inner-col:before{border-top-left-radius:0px;border-top-right-radius:0px;border-bottom-right-radius:0px;border-bottom-left-radius:0px;}.kadence-column_92e2b7-86 > .kt-inside-inner-col{column-gap:var(--global-kb-gap-sm, 1rem);}.kadence-column_92e2b7-86 > .kt-inside-inner-col{flex-direction:column;}.kadence-column_92e2b7-86 > .kt-inside-inner-col > .aligncenter{width:100%;}.kadence-column_92e2b7-86 > .kt-inside-inner-col:before{opacity:0.3;}.kadence-column_92e2b7-86{position:relative;}@media all and (max-width: 1024px){.kadence-column_92e2b7-86 > .kt-inside-inner-col{flex-direction:column;}}@media all and (max-width: 767px){.kadence-column_92e2b7-86 > .kt-inside-inner-col{flex-direction:column;}}<\/style>\n<div class=\"wp-block-kadence-column kadence-column_92e2b7-86\"><div class=\"kt-inside-inner-col\"><div class=\"wp-block-image\">\n<figure class=\"aligncenter size-full is-resized\"><img data-recalc-dims=\"1\" loading=\"lazy\" decoding=\"async\" src=\"https:\/\/i0.wp.com\/tierschutzstiftung-boesche.de\/wp-content\/uploads\/2023\/03\/Projektbericht-Delphin-und-Haischutz-deutsche-Fassung_Seite_7_Bild_0002-225x300-1.jpg?resize=355%2C474&#038;ssl=1\" alt=\"\" class=\"wp-image-420\" width=\"355\" height=\"474\"\/><\/figure><\/div><\/div><\/div>\n\n<\/div><\/div>","protected":false},"excerpt":{"rendered":"<p>OceanCare: Expertise und Passion f\u00fcr lebendige Ozeane Die Meeresschutzorganisation OceanCare setzt sich seit 1989 weltweit f\u00fcr die Meeress\u00e4uger und Ozeane ein. Mit Forschungs- und Schutzprojekten, Umweltbildungskampagnen sowie intensivem Einsatz in internationalen Gremien unternimmt die Organisation konkrete Schritte zur Verbesserung der Lebensbedingungen in den Weltmeeren. OceanCare ist mit Akteuren und Regeln aller im Meeresschutz relevanten internationalen&#8230;<\/p>\n","protected":false},"author":1,"featured_media":0,"parent":0,"menu_order":0,"comment_status":"closed","ping_status":"closed","template":"","meta":{"_kadence_starter_templates_imported_post":false,"_kad_post_transparent":"","_kad_post_title":"","_kad_post_layout":"","_kad_post_sidebar_id":"","_kad_post_content_style":"","_kad_post_vertical_padding":"","_kad_post_feature":"","_kad_post_feature_position":"","_kad_post_header":false,"_kad_post_footer":false,"_kad_post_classname":"","footnotes":""},"class_list":["post-416","page","type-page","status-publish","hentry"],"lang":"de","translations":{"de":416,"en":422},"jetpack_sharing_enabled":true,"pll_sync_post":[],"_links":{"self":[{"href":"https:\/\/tierschutzstiftung-boesche.de\/index.php?rest_route=\/wp\/v2\/pages\/416"}],"collection":[{"href":"https:\/\/tierschutzstiftung-boesche.de\/index.php?rest_route=\/wp\/v2\/pages"}],"about":[{"href":"https:\/\/tierschutzstiftung-boesche.de\/index.php?rest_route=\/wp\/v2\/types\/page"}],"author":[{"embeddable":true,"href":"https:\/\/tierschutzstiftung-boesche.de\/index.php?rest_route=\/wp\/v2\/users\/1"}],"replies":[{"embeddable":true,"href":"https:\/\/tierschutzstiftung-boesche.de\/index.php?rest_route=%2Fwp%2Fv2%2Fcomments&post=416"}],"version-history":[{"count":0,"href":"https:\/\/tierschutzstiftung-boesche.de\/index.php?rest_route=\/wp\/v2\/pages\/416\/revisions"}],"wp:attachment":[{"href":"https:\/\/tierschutzstiftung-boesche.de\/index.php?rest_route=%2Fwp%2Fv2%2Fmedia&parent=416"}],"curies":[{"name":"wp","href":"https:\/\/api.w.org\/{rel}","templated":true}]}}