{"id":448,"date":"2023-03-24T05:12:21","date_gmt":"2023-03-24T05:12:21","guid":{"rendered":"https:\/\/tierschutzstiftung-boesche.de\/?page_id=448"},"modified":"2023-03-24T05:18:03","modified_gmt":"2023-03-24T05:18:03","slug":"project-flowery-melle","status":"publish","type":"page","link":"https:\/\/tierschutzstiftung-boesche.de\/?page_id=448&lang=en","title":{"rendered":"project \u201cflowery Melle\u201d"},"content":{"rendered":"<p>The aim of the project \u201cflowery Melle\u201d is to create more nutrition and help of hibernation for insects in the municipality of Melle (Lower Saxony). The nourishment situation of many bees for example has changed for the worse dramatically in the last years. The reasons are multifaceted. Notably the use of pesticides and many monocroppings in the agriculture are responsible for that. Furthermore in a culture of \u2018land consolidation\u2019 just a few places of hibernation exist (Easac 2015, Neumann 2015, Krahnst\u00f6ver &amp; Polaczek 2017, Sparmann 2017).<\/p>\n<p>A specific danger is a poor regardfulness of human beings and a prioritization of economic conditions. This is shown by a high space consumption for residential or traffic areas or by agricultural patterns, which are determined by a high intensivation and automation of soil management (Wolf 2013).<\/p>\n<p>Insects have a special position in the food chain. They are the accentuated medium for plant pollination. Without insects the global species diversity reduces rapidly, with serious consequences for human beings and animals.<\/p>\n<p>Meanwhile well known is the bee mortality. In a survey, published by Greenpeace and the University of Exeter (2013), it is highlighted, that the stock of bees in middle Europa has decreased since 1985 of 25%. In studies, that analyzed smaller areas, a reduction up to 80% of the insect population has been observed (Sparmann 2017).<\/p>\n<p><em>\u201cHowever, wild bees have undergone global declines that have been linked to habitat loss and fragmentation, pathogens, climate change and insecticides. Recent debate about causal factors has focused on the role of neonicotinoid insecticides that are used worldwide as seed dressings to control pests of economically important crops\u201d <\/em>(Woodcock et al 2016).<\/p>\n<p>According to a request at the state parliament of Lower Saxony (Nieders\u00e4chsischer Landtag 2014) in the \u201cred list\u201d of Lower Saxony 341 species of wild bees are listed.<\/p>\n<p>As an example the following species are highlighted, that live in the district\/county of Osnabr\u00fcck and are named in the \u201cred list\u201d:<\/p>\n<ul>\n<li>Anthidium strigatum<\/li>\n<li>Osmia adunca<\/li>\n<li>Colletes daviesanu<\/li>\n<li>Lasioglossum calceatum<\/li>\n<li>Megachile versicolor<\/li>\n<\/ul>\n<p>The protection of species is the highest aim of the project. The living conditions of insects (e.g. bees, wild bees, bumblebees and butterflies) have to be improved. This applies particularly the supply of pollen and nectar. In addition to that places of hibernation and breeding possibilities are created.<\/p>\n<p>Furthermore by an increasing stock of insects food chains are stabilized. Moreover it is very important to raise awareness of the population that protective measures can be done easily by everyone.<\/p>\n<p>To improve the situation we create many \u2018flower fields\u2019. The seeds we use for that is regional seeds.<\/p>\n\n<style>.kb-row-layout-id_2cd3d0-cc > .kt-row-column-wrap{align-content:start;}:where(.kb-row-layout-id_2cd3d0-cc > .kt-row-column-wrap) > .wp-block-kadence-column{justify-content:start;}.kb-row-layout-id_2cd3d0-cc > .kt-row-column-wrap{column-gap:var(--global-kb-gap-md, 2rem);row-gap:var(--global-kb-gap-md, 2rem);padding-top:var(--global-kb-spacing-sm, 1.5rem);padding-bottom:var(--global-kb-spacing-sm, 1.5rem);grid-template-columns:minmax(0, 1fr);}.kb-row-layout-id_2cd3d0-cc > .kt-row-layout-overlay{opacity:0.30;}@media all and (max-width: 1024px){.kb-row-layout-id_2cd3d0-cc > .kt-row-column-wrap{grid-template-columns:minmax(0, 1fr);}}@media all and (max-width: 767px){.kb-row-layout-id_2cd3d0-cc > .kt-row-column-wrap{grid-template-columns:minmax(0, 1fr);}}<\/style><div class=\"kb-row-layout-wrap kb-row-layout-id_2cd3d0-cc alignnone wp-block-kadence-rowlayout\"><div class=\"kt-row-column-wrap kt-has-1-columns kt-row-layout-equal kt-tab-layout-inherit kt-mobile-layout-row kt-row-valign-top\">\n<style>.kadence-column_87bbba-2e > .kt-inside-inner-col,.kadence-column_87bbba-2e > .kt-inside-inner-col:before{border-top-left-radius:0px;border-top-right-radius:0px;border-bottom-right-radius:0px;border-bottom-left-radius:0px;}.kadence-column_87bbba-2e > .kt-inside-inner-col{column-gap:var(--global-kb-gap-sm, 1rem);}.kadence-column_87bbba-2e > .kt-inside-inner-col{flex-direction:column;}.kadence-column_87bbba-2e > .kt-inside-inner-col > .aligncenter{width:100%;}.kadence-column_87bbba-2e > .kt-inside-inner-col:before{opacity:0.3;}.kadence-column_87bbba-2e{position:relative;}@media all and (max-width: 1024px){.kadence-column_87bbba-2e > .kt-inside-inner-col{flex-direction:column;}}@media all and (max-width: 767px){.kadence-column_87bbba-2e > .kt-inside-inner-col{flex-direction:column;}}<\/style>\n<div class=\"wp-block-kadence-column kadence-column_87bbba-2e\"><div class=\"kt-inside-inner-col\"><div class=\"wp-block-image\">\n<figure class=\"aligncenter size-full is-resized\"><img data-recalc-dims=\"1\" loading=\"lazy\" decoding=\"async\" src=\"https:\/\/i0.wp.com\/tierschutzstiftung-boesche.de\/wp-content\/uploads\/2023\/03\/saatgut-169x300-1.jpg?resize=273%2C485&#038;ssl=1\" alt=\"\" class=\"wp-image-429\" width=\"273\" height=\"485\"\/><figcaption class=\"wp-element-caption\">regional seeds<\/figcaption><\/figure><\/div><\/div><\/div>\n\n<\/div><\/div>\n\n<p>A specific feature of our project is a connected neighbourhood character. Different groups (firms, associations, private people) provide areas to grow \u2018flower fields\u2019. In collaborative activities (e.g. with school classes, church groups) we work at these areas to let flowers grow. We also place big information boards there to inform about the problems of the insects and how to improve their situation.<\/p>\n<p>Offers have already been received for a further 37,000 m\u00b2 (2018). The project will then be continued and is in principle designed for the long term<\/p>\n\n<style>.kb-row-layout-id_192332-a9 > .kt-row-column-wrap{align-content:start;}:where(.kb-row-layout-id_192332-a9 > .kt-row-column-wrap) > .wp-block-kadence-column{justify-content:start;}.kb-row-layout-id_192332-a9 > .kt-row-column-wrap{column-gap:var(--global-kb-gap-md, 2rem);row-gap:var(--global-kb-gap-md, 2rem);padding-top:var(--global-kb-spacing-sm, 1.5rem);padding-bottom:var(--global-kb-spacing-sm, 1.5rem);grid-template-columns:repeat(2, minmax(0, 1fr));}.kb-row-layout-id_192332-a9 > .kt-row-layout-overlay{opacity:0.30;}@media all and (max-width: 1024px){.kb-row-layout-id_192332-a9 > .kt-row-column-wrap{grid-template-columns:repeat(2, minmax(0, 1fr));}}@media all and (max-width: 767px){.kb-row-layout-id_192332-a9 > .kt-row-column-wrap{grid-template-columns:minmax(0, 1fr);}}<\/style><div class=\"kb-row-layout-wrap kb-row-layout-id_192332-a9 alignnone wp-block-kadence-rowlayout\"><div class=\"kt-row-column-wrap kt-has-2-columns kt-row-layout-equal kt-tab-layout-inherit kt-mobile-layout-row kt-row-valign-top\">\n<style>.kadence-column_1d9953-3a > .kt-inside-inner-col,.kadence-column_1d9953-3a > .kt-inside-inner-col:before{border-top-left-radius:0px;border-top-right-radius:0px;border-bottom-right-radius:0px;border-bottom-left-radius:0px;}.kadence-column_1d9953-3a > .kt-inside-inner-col{column-gap:var(--global-kb-gap-sm, 1rem);}.kadence-column_1d9953-3a > .kt-inside-inner-col{flex-direction:column;}.kadence-column_1d9953-3a > .kt-inside-inner-col > .aligncenter{width:100%;}.kadence-column_1d9953-3a > .kt-inside-inner-col:before{opacity:0.3;}.kadence-column_1d9953-3a{position:relative;}@media all and (max-width: 1024px){.kadence-column_1d9953-3a > .kt-inside-inner-col{flex-direction:column;}}@media all and (max-width: 767px){.kadence-column_1d9953-3a > .kt-inside-inner-col{flex-direction:column;}}<\/style>\n<div class=\"wp-block-kadence-column kadence-column_1d9953-3a\"><div class=\"kt-inside-inner-col\"><div class=\"wp-block-image\">\n<figure class=\"aligncenter size-full is-resized\"><img data-recalc-dims=\"1\" loading=\"lazy\" decoding=\"async\" src=\"https:\/\/i0.wp.com\/tierschutzstiftung-boesche.de\/wp-content\/uploads\/2023\/03\/walzen-300x169-3.jpg?resize=431%2C243&#038;ssl=1\" alt=\"\" class=\"wp-image-439\" width=\"431\" height=\"243\"\/><figcaption class=\"wp-element-caption\">rolling of an area<\/figcaption><\/figure><\/div><\/div><\/div>\n\n\n<style>.kadence-column_564d5d-99 > .kt-inside-inner-col,.kadence-column_564d5d-99 > .kt-inside-inner-col:before{border-top-left-radius:0px;border-top-right-radius:0px;border-bottom-right-radius:0px;border-bottom-left-radius:0px;}.kadence-column_564d5d-99 > .kt-inside-inner-col{column-gap:var(--global-kb-gap-sm, 1rem);}.kadence-column_564d5d-99 > .kt-inside-inner-col{flex-direction:column;}.kadence-column_564d5d-99 > .kt-inside-inner-col > .aligncenter{width:100%;}.kadence-column_564d5d-99 > .kt-inside-inner-col:before{opacity:0.3;}.kadence-column_564d5d-99{position:relative;}@media all and (max-width: 1024px){.kadence-column_564d5d-99 > .kt-inside-inner-col{flex-direction:column;}}@media all and (max-width: 767px){.kadence-column_564d5d-99 > .kt-inside-inner-col{flex-direction:column;}}<\/style>\n<div class=\"wp-block-kadence-column kadence-column_564d5d-99\"><div class=\"kt-inside-inner-col\"><div class=\"wp-block-image\">\n<figure class=\"aligncenter size-full is-resized\"><img data-recalc-dims=\"1\" loading=\"lazy\" decoding=\"async\" src=\"https:\/\/i0.wp.com\/tierschutzstiftung-boesche.de\/wp-content\/uploads\/2023\/03\/saatgut_aussaen-300x169-1.jpg?resize=437%2C246&#038;ssl=1\" alt=\"\" class=\"wp-image-440\" width=\"437\" height=\"246\"\/><figcaption class=\"wp-element-caption\">seeding with the primary school Melle\/Oldendorf<\/figcaption><\/figure><\/div><\/div><\/div>\n\n<\/div><\/div>\n\n<p>Meanwhile we did:<\/p>\n<ul>\n<li>Voluntaried creation of 38 \u2018flower fields\u2018<\/li>\n<li>Cooperation with 5 schools (integration of about 200 pupils)<\/li>\n<li>Cooperation with different companies, associations, church groups etc. (integration of about 250 persons)<\/li>\n<li>Getting the \u201eaward of the innogy climate protection price 2017\u201c<\/li>\n<li>Organizing a \u2018flower field party\u2018 and an information desk about the situation of insects<\/li>\n<li>ntensive reports in the local press (10 articles)<\/li>\n<li>Continous reports in a web-blog (http:\/\/blumiges-melle.de)<\/li>\n<li>Distributing seeds for free<\/li>\n<li>Placement of 40 information boards<\/li>\n<\/ul>\n\n<style>.kb-row-layout-id_ec7ec5-13 > .kt-row-column-wrap{align-content:start;}:where(.kb-row-layout-id_ec7ec5-13 > .kt-row-column-wrap) > .wp-block-kadence-column{justify-content:start;}.kb-row-layout-id_ec7ec5-13 > .kt-row-column-wrap{column-gap:var(--global-kb-gap-md, 2rem);row-gap:var(--global-kb-gap-md, 2rem);padding-top:var(--global-kb-spacing-sm, 1.5rem);padding-bottom:var(--global-kb-spacing-sm, 1.5rem);grid-template-columns:repeat(3, minmax(0, 1fr));}.kb-row-layout-id_ec7ec5-13 > .kt-row-layout-overlay{opacity:0.30;}@media all and (max-width: 1024px){.kb-row-layout-id_ec7ec5-13 > .kt-row-column-wrap{grid-template-columns:repeat(3, minmax(0, 1fr));}}@media all and (max-width: 767px){.kb-row-layout-id_ec7ec5-13 > .kt-row-column-wrap{grid-template-columns:minmax(0, 1fr);}}<\/style><div class=\"kb-row-layout-wrap kb-row-layout-id_ec7ec5-13 alignnone wp-block-kadence-rowlayout\"><div class=\"kt-row-column-wrap kt-has-3-columns kt-row-layout-equal kt-tab-layout-inherit kt-mobile-layout-row kt-row-valign-top\">\n<style>.kadence-column_1c57c1-1e > .kt-inside-inner-col,.kadence-column_1c57c1-1e > .kt-inside-inner-col:before{border-top-left-radius:0px;border-top-right-radius:0px;border-bottom-right-radius:0px;border-bottom-left-radius:0px;}.kadence-column_1c57c1-1e > .kt-inside-inner-col{column-gap:var(--global-kb-gap-sm, 1rem);}.kadence-column_1c57c1-1e > .kt-inside-inner-col{flex-direction:column;}.kadence-column_1c57c1-1e > .kt-inside-inner-col > .aligncenter{width:100%;}.kadence-column_1c57c1-1e > .kt-inside-inner-col:before{opacity:0.3;}.kadence-column_1c57c1-1e{position:relative;}@media all and (max-width: 1024px){.kadence-column_1c57c1-1e > .kt-inside-inner-col{flex-direction:column;}}@media all and (max-width: 767px){.kadence-column_1c57c1-1e > .kt-inside-inner-col{flex-direction:column;}}<\/style>\n<div class=\"wp-block-kadence-column kadence-column_1c57c1-1e\"><div class=\"kt-inside-inner-col\"><div class=\"wp-block-image\">\n<figure class=\"aligncenter size-full\"><img data-recalc-dims=\"1\" loading=\"lazy\" decoding=\"async\" width=\"169\" height=\"300\" src=\"https:\/\/i0.wp.com\/tierschutzstiftung-boesche.de\/wp-content\/uploads\/2023\/03\/kirche-169x300-1.jpg?resize=169%2C300&#038;ssl=1\" alt=\"\" class=\"wp-image-441\"\/><\/figure><\/div><\/div><\/div>\n\n\n<style>.kadence-column_961fa4-ad > .kt-inside-inner-col,.kadence-column_961fa4-ad > .kt-inside-inner-col:before{border-top-left-radius:0px;border-top-right-radius:0px;border-bottom-right-radius:0px;border-bottom-left-radius:0px;}.kadence-column_961fa4-ad > .kt-inside-inner-col{column-gap:var(--global-kb-gap-sm, 1rem);}.kadence-column_961fa4-ad > .kt-inside-inner-col{flex-direction:column;}.kadence-column_961fa4-ad > .kt-inside-inner-col > .aligncenter{width:100%;}.kadence-column_961fa4-ad > .kt-inside-inner-col:before{opacity:0.3;}.kadence-column_961fa4-ad{position:relative;}@media all and (max-width: 1024px){.kadence-column_961fa4-ad > .kt-inside-inner-col{flex-direction:column;}}@media all and (max-width: 767px){.kadence-column_961fa4-ad > .kt-inside-inner-col{flex-direction:column;}}<\/style>\n<div class=\"wp-block-kadence-column kadence-column_961fa4-ad\"><div class=\"kt-inside-inner-col\"><div class=\"wp-block-image\">\n<figure class=\"aligncenter size-full\"><img data-recalc-dims=\"1\" loading=\"lazy\" decoding=\"async\" width=\"169\" height=\"300\" src=\"https:\/\/i0.wp.com\/tierschutzstiftung-boesche.de\/wp-content\/uploads\/2023\/03\/infostand-169x300-1.jpg?resize=169%2C300&#038;ssl=1\" alt=\"\" class=\"wp-image-442\"\/><\/figure><\/div><\/div><\/div>\n\n\n<style>.kadence-column_731626-d3 > .kt-inside-inner-col,.kadence-column_731626-d3 > .kt-inside-inner-col:before{border-top-left-radius:0px;border-top-right-radius:0px;border-bottom-right-radius:0px;border-bottom-left-radius:0px;}.kadence-column_731626-d3 > .kt-inside-inner-col{column-gap:var(--global-kb-gap-sm, 1rem);}.kadence-column_731626-d3 > .kt-inside-inner-col{flex-direction:column;}.kadence-column_731626-d3 > .kt-inside-inner-col > .aligncenter{width:100%;}.kadence-column_731626-d3 > .kt-inside-inner-col:before{opacity:0.3;}.kadence-column_731626-d3{position:relative;}@media all and (max-width: 1024px){.kadence-column_731626-d3 > .kt-inside-inner-col{flex-direction:column;}}@media all and (max-width: 767px){.kadence-column_731626-d3 > .kt-inside-inner-col{flex-direction:column;}}<\/style>\n<div class=\"wp-block-kadence-column kadence-column_731626-d3\"><div class=\"kt-inside-inner-col\"><div class=\"wp-block-image\">\n<figure class=\"aligncenter size-full\"><img data-recalc-dims=\"1\" loading=\"lazy\" decoding=\"async\" width=\"169\" height=\"300\" src=\"https:\/\/i0.wp.com\/tierschutzstiftung-boesche.de\/wp-content\/uploads\/2023\/03\/blumen-169x300-1.jpg?resize=169%2C300&#038;ssl=1\" alt=\"\" class=\"wp-image-443\"\/><\/figure><\/div><\/div><\/div>\n\n<\/div><\/div>\n\n<p>By using multi-annual seeds the flower fields will create benefits also after 2017. The improvement of food supply is an important effect.<\/p>\n<p>Elementary will be that plant stems are not cutted. After 2-3 years they will be an important hibernation help for insects. Many landowners have guaranteed that on parts of their areas these stems won`t be reaped.<\/p>\n<p>By information boards people will be called attention not to step on the \u2018flower fields\u2019. By these boards and by flyers as well people are informed what they can do for insects.<\/p>\n<p>We would like to thank the Tierschutzstiftung Wolfgang B\u00f6sche. The financial support is a substantial contribution to improve the living conditions of insects in the project area.<\/p>\n<p>A generous further donation by the \u201eTierschutz-Stiftung Wolfgang B\u00f6sche\u201c enabled the purchase of a new cutter bar for the Project \u201cFlowering Melle\u201d in the year 2017<\/p>\n\n<style>.kb-row-layout-id_a905c5-ef > .kt-row-column-wrap{align-content:start;}:where(.kb-row-layout-id_a905c5-ef > .kt-row-column-wrap) > .wp-block-kadence-column{justify-content:start;}.kb-row-layout-id_a905c5-ef > .kt-row-column-wrap{column-gap:var(--global-kb-gap-md, 2rem);row-gap:var(--global-kb-gap-md, 2rem);padding-top:var(--global-kb-spacing-sm, 1.5rem);padding-bottom:var(--global-kb-spacing-sm, 1.5rem);grid-template-columns:minmax(0, 1fr);}.kb-row-layout-id_a905c5-ef > .kt-row-layout-overlay{opacity:0.30;}@media all and (max-width: 1024px){.kb-row-layout-id_a905c5-ef > .kt-row-column-wrap{grid-template-columns:minmax(0, 1fr);}}@media all and (max-width: 767px){.kb-row-layout-id_a905c5-ef > .kt-row-column-wrap{grid-template-columns:minmax(0, 1fr);}}<\/style><div class=\"kb-row-layout-wrap kb-row-layout-id_a905c5-ef alignnone wp-block-kadence-rowlayout\"><div class=\"kt-row-column-wrap kt-has-1-columns kt-row-layout-equal kt-tab-layout-inherit kt-mobile-layout-row kt-row-valign-top\">\n<style>.kadence-column_2f8eea-15 > .kt-inside-inner-col,.kadence-column_2f8eea-15 > .kt-inside-inner-col:before{border-top-left-radius:0px;border-top-right-radius:0px;border-bottom-right-radius:0px;border-bottom-left-radius:0px;}.kadence-column_2f8eea-15 > .kt-inside-inner-col{column-gap:var(--global-kb-gap-sm, 1rem);}.kadence-column_2f8eea-15 > .kt-inside-inner-col{flex-direction:column;}.kadence-column_2f8eea-15 > .kt-inside-inner-col > .aligncenter{width:100%;}.kadence-column_2f8eea-15 > .kt-inside-inner-col:before{opacity:0.3;}.kadence-column_2f8eea-15{position:relative;}@media all and (max-width: 1024px){.kadence-column_2f8eea-15 > .kt-inside-inner-col{flex-direction:column;}}@media all and (max-width: 767px){.kadence-column_2f8eea-15 > .kt-inside-inner-col{flex-direction:column;}}<\/style>\n<div class=\"wp-block-kadence-column kadence-column_2f8eea-15\"><div class=\"kt-inside-inner-col\"><div class=\"wp-block-image\">\n<figure class=\"aligncenter size-full is-resized\"><img data-recalc-dims=\"1\" loading=\"lazy\" decoding=\"async\" src=\"https:\/\/i0.wp.com\/tierschutzstiftung-boesche.de\/wp-content\/uploads\/2023\/03\/Bild-Balkenmaeher-300x225-1.jpg?resize=482%2C362&#038;ssl=1\" alt=\"\" class=\"wp-image-445\" width=\"482\" height=\"362\"\/><\/figure><\/div><\/div><\/div>\n\n<\/div><\/div>\n\n<p>mage: At the right the cutter bar, funded by the Tierschutz-Stiftung Wolfgang B\u00f6sche (sticked at a 13 hp motor-vehicle)<\/p>\n<p>With cutter bars also huge areas of wild flowers can be mowed. Cutting and extensification is very important for flowering fields. In that way perennial flowers will grow up also in the following years.<\/p>\n<p>Also the project \u201eFlowering county Osnabr\u00fcck\u201c is supported by Mr. B\u00f6sche.<\/p>\n<p>The subsidies will be used for regional, perennial seeds and nesting aids for wild bees. We plan to produce the nesting aids in cooperation with a primary school of the county of Osnabr\u00fcck. In that way also the factor of environmental education is integrated. The \u201cgug Umweltschutz und Lebenshilfe\u201d thanks the \u201cTierschutz-Stiftung Wolfgang B\u00f6sche\u201d for his significant support of the protection of insects.<\/p>\n<p><strong>References:<\/strong><\/p>\n<p>Easac (Ecosystem Services, Agriculture and Neonicotinoid) 2015: Ecosystem services, agriculture and neonicotinoids. EASAC policy report 26, Halle<\/p>\n<p>Greenpeace Research Laboratories &amp; Universit\u00e4t Exeter (2013). Bye Bye Biene. Das Bienensterben und die Risiken f\u00fcr die Landwirtschaft in Europa. Hamburg<\/p>\n<p>Krahnst\u00f6ver, M.; Polaczek, B. (2017): Literaturstudie zum Thema Bienengesundheit: Geht es den Bienen in St\u00e4dten beziehungsweise stadtnahen Gebieten besser als auf dem Land? https:\/\/www.gruene-bundestag.de\/fileadmin\/media\/gruenebundestag_de\/themen_az\/tierschutz\/Bienenstudie_2017.pdf<\/p>\n<p>Kremen, C.; Williams, N.; Aizen, M.; Gemmill-Herren, B.; LeBuhn, G.; Minckley, R.; Packer, L.; Potts, S.; Roulston, T.; Steffan-Dewenter, I.; Vazquez D. P.; Winfree, R.; Adams, L.; Crone, E.; Greenleaf, S.; Keith, T.; Klein, A.-M.; Regetz, J.; Ricketts, T. (2007): Pollination and other ecosystem services produced by mobile organisms: a conceptual framework for the effects of landuse change. In: Ecology Letters, 10. S. 299-314.<\/p>\n<p>Lautenbach, S.; Seppelt, R.; Liebscher, J. &amp; Dormann, C. F. (2012): Spatial and Temporal Trends of Global Pollination Benefit. In: PLoS ONE, 7<\/p>\n<p>Nieders\u00e4chsischer Landtag (2014): Welche in Niedersachsen vorkommenden Tierarten stehen unter Naturschutz. Antwort des Nieders\u00e4chsischen Ministeriums f\u00fcr Umwelt, Energie und Klimaschutz,12.9.2014<\/p>\n<p>Sparmann, A. (2017): Tatort: Wiese. Pestizide und das Ende unserer Insekten. http:\/\/www.geo.de\/magazine\/geo-magazin\/15815-rtkl-tatort-wiese-pestizide-und-das-ende-unserer-insekten<\/p>\n<p>Urban, M. (2015): Accelerating extinction risk from climate change. In: Science. 348, 6234. S. 571-573<\/p>\n<p>Wolf, R. (2013): Natur- und Artenschutzschutzrecht, in: Kluth, W. &amp; Smeddinck, U. (Hrsg.): Umweltrecht. Wiesbaden. S. 249-308<\/p>\n<p>Woodcock, B. A.; Isaac, N. J. B.; Bullock, J. M.; Roy, D.; Garthwaite D.; Crowe, A.; Pywell, A. (2016): Impacts of neonicotinoid use on long-term population changes in wild bees in England. <em>Nat. Commun.<\/em> 7:12459 doi: 10.1038\/ncomms12459.[:]<\/p>","protected":false},"excerpt":{"rendered":"<p>The aim of the project \u201cflowery Melle\u201d is to create more nutrition and help of hibernation for insects in the municipality of Melle (Lower Saxony). The nourishment situation of many bees for example has changed for the worse dramatically in the last years. The reasons are multifaceted. Notably the use of pesticides and many monocroppings&#8230;<\/p>\n","protected":false},"author":1,"featured_media":0,"parent":0,"menu_order":0,"comment_status":"closed","ping_status":"closed","template":"","meta":{"_kadence_starter_templates_imported_post":false,"_kad_post_transparent":"","_kad_post_title":"","_kad_post_layout":"","_kad_post_sidebar_id":"","_kad_post_content_style":"","_kad_post_vertical_padding":"","_kad_post_feature":"","_kad_post_feature_position":"","_kad_post_header":false,"_kad_post_footer":false,"_kad_post_classname":"","footnotes":""},"class_list":["post-448","page","type-page","status-publish","hentry"],"lang":"en","translations":{"en":448,"de":426},"jetpack_sharing_enabled":true,"pll_sync_post":[],"_links":{"self":[{"href":"https:\/\/tierschutzstiftung-boesche.de\/index.php?rest_route=\/wp\/v2\/pages\/448"}],"collection":[{"href":"https:\/\/tierschutzstiftung-boesche.de\/index.php?rest_route=\/wp\/v2\/pages"}],"about":[{"href":"https:\/\/tierschutzstiftung-boesche.de\/index.php?rest_route=\/wp\/v2\/types\/page"}],"author":[{"embeddable":true,"href":"https:\/\/tierschutzstiftung-boesche.de\/index.php?rest_route=\/wp\/v2\/users\/1"}],"replies":[{"embeddable":true,"href":"https:\/\/tierschutzstiftung-boesche.de\/index.php?rest_route=%2Fwp%2Fv2%2Fcomments&post=448"}],"version-history":[{"count":0,"href":"https:\/\/tierschutzstiftung-boesche.de\/index.php?rest_route=\/wp\/v2\/pages\/448\/revisions"}],"wp:attachment":[{"href":"https:\/\/tierschutzstiftung-boesche.de\/index.php?rest_route=%2Fwp%2Fv2%2Fmedia&parent=448"}],"curies":[{"name":"wp","href":"https:\/\/api.w.org\/{rel}","templated":true}]}}