{"id":452,"date":"2023-03-24T05:22:33","date_gmt":"2023-03-24T05:22:33","guid":{"rendered":"https:\/\/tierschutzstiftung-boesche.de\/?page_id=452"},"modified":"2023-03-24T05:26:37","modified_gmt":"2023-03-24T05:26:37","slug":"bau-einer-trockensteinmauer","status":"publish","type":"page","link":"https:\/\/tierschutzstiftung-boesche.de\/?page_id=452","title":{"rendered":"Bau einer Trockensteinmauer"},"content":{"rendered":"<p>9.6.2022 Bau einer Trockenmauer in Hilter a.T.W.<\/p>\n<p>Das war ein richtig guter Tag beim \u201eTag des offenen Hofes\u201c im Aktivstall f\u00fcr Schweine Mit Sicherheit waren weit \u00fcber 1000 Besucher anwesend.<\/p>\n<p>Danke an die Tierschutzstiftung Wolfgang B\u00f6sche aus Braunschweig, die das Material f\u00fcr eine weitere Trockenmauer finanziert hat. Mehr als 20 Tonnen Stein wurden heute verbaut. 16 Meter Mauerwerk, hilfreich f\u00fcr viele Insekten, Schnecken, Amphibien, Reptilien sind fertig. Danke f\u00fcr die rege Beteiligung u.a. an Fine Schacht (SPD), Thomas Uhlen (CDU), Torben Bexterm\u00f6ller, das Naturforum Hasbergen (Doris &amp; Rheinhard) und einige andere. Es war gro\u00dfartig: Es haben auch Leute teilgenommen, die gar nicht angemeldet waren. Es war viel los auf dem Hof. Danke z.B. an Ellen Ackermann (GR\u00dcNE), die einen sehr guten Stand der Naturschutzstiftung des Landkreises OS betreute. Es gab viele Informationsst\u00e4nde, viel zu essen und zu trinken\u2026<\/p>\n<p>Die Tischlerei Hehemann aus Melle hatte sich eine tolle Aktion einfallen lassen. An ihrem Aktionsstand konnten gemeinsam Nistk\u00e4sten gebastelt werden. Eine weitere wichtige Ma\u00dfnahme f\u00fcr die Artenvielfalt.<\/p>\n<p>16.4.2022 Bau einer Trockensteinmauer zwischen Osnabr\u00fcck und Georgsmarienh\u00fctte<\/p>\n\n\n<figure class=\"wp-block-embed is-type-video is-provider-youtube wp-block-embed-youtube wp-embed-aspect-16-9 wp-has-aspect-ratio\"><div class=\"wp-block-embed__wrapper\">\n<div class=\"BorlabsCookie _brlbs-cb-youtube\"><div class=\"_brlbs-content-blocker\"> <div class=\"_brlbs-embed _brlbs-video-youtube\"> <img data-recalc-dims=\"1\" decoding=\"async\" class=\"_brlbs-thumbnail\" src=\"https:\/\/i0.wp.com\/tierschutzstiftung-boesche.de\/wp-content\/plugins\/borlabs-cookie\/assets\/images\/cb-no-thumbnail.png?w=1200&#038;ssl=1\" alt=\"YouTube\"> <div class=\"_brlbs-caption\"> <p>Mit dem Laden des Videos akzeptieren Sie die Datenschutzerkl\u00e4rung von YouTube.<br><a href=\"https:\/\/policies.google.com\/privacy\" target=\"_blank\" rel=\"nofollow noopener noreferrer\">Mehr erfahren<\/a><\/p> <p><a class=\"_brlbs-btn _brlbs-icon-play-white\" href=\"#\" data-borlabs-cookie-unblock role=\"button\">Video laden<\/a><\/p> <p><label><input type=\"checkbox\" name=\"unblockAll\" value=\"1\" checked> <small>YouTube immer entsperren<\/small><\/label><\/p> <\/div> <\/div> <\/div><div class=\"borlabs-hide\" data-borlabs-cookie-type=\"content-blocker\" data-borlabs-cookie-id=\"youtube\"><script type=\"text\/template\">PGRpdiBjbGFzcz0iamV0cGFjay12aWRlby13cmFwcGVyIj48aWZyYW1lIHRpdGxlPSJMYW5ka3JlaXMgT3NuYWJyw7xjazogNTAwIEFLQTogRGllIFdlbHQgdmVyYmVzc2VybiEgSkVUWlQhIHdvbGxlbiB3aXIgbWVociEhIiB3aWR0aD0iNzIwIiBoZWlnaHQ9IjQwNSIgc3JjPSJodHRwczovL3d3dy55b3V0dWJlLW5vY29va2llLmNvbS9lbWJlZC9Mc1hWczZ2VjN0OD9mZWF0dXJlPW9lbWJlZCIgZnJhbWVib3JkZXI9IjAiIGFsbG93PSJhY2NlbGVyb21ldGVyOyBhdXRvcGxheTsgY2xpcGJvYXJkLXdyaXRlOyBlbmNyeXB0ZWQtbWVkaWE7IGd5cm9zY29wZTsgcGljdHVyZS1pbi1waWN0dXJlOyB3ZWItc2hhcmUiIGFsbG93ZnVsbHNjcmVlbj48L2lmcmFtZT48L2Rpdj4=<\/script><\/div><\/div>\n<\/div><figcaption class=\"wp-element-caption\">Landkreis Osnabr\u00fcck: 500 AKA: Die Welt verbessern! JETZT! wollen wir mehr!!<\/figcaption><\/figure>\n\n\n<p>Trockensteinmauer und Blumenwiese im Grenzgebiet zwischen Osnabr\u00fcck-Sutthausen, Hasbergen und Georgsmarienh\u00fctte angelegt.<\/p>\n<p>Danke an die lieben Leute, die heute gepfl\u00fcgt und gearbeitet haben. Das war gro\u00dfartig, ein Meilenstein!<\/p>\n<p>Vielen Dank auch an die Tierschutzstiftung Wolfgang B\u00f6sche aus Braunschweig f\u00fcr die finanzielle Unterst\u00fctzung.<\/p>\n<p>Gerade jetzt, am Ostersamstag, wurden innerhalb von 2 Stunden ca. 11 Tonnen Piesberggestein und ca. 8 Tonnen Mineralgemisch in eine Trockenmauer eingebaut. Das k\u00f6nnte ein sch\u00f6nes Osterritual werden. 15 weitere Meter f\u00fcr die Artenvielfalt.<\/p>\n<p>Wichtig f\u00fcr Reptilien, Insekten, Amphibien, kleine S\u00e4ugetiere.<\/p>\n<p>Eine Trockenmauer ist eine nat\u00fcrliche Heizung, deren Steine auch in kalten Wintern\u00e4chten noch W\u00e4rme abgeben. Viele Wildbienenarten lieben solche Mauern. Seit Beginn des Projekts: Ca. 45 Meter in Osnabr\u00fcck geschaffen.<\/p>\n<p>Insgesamt: ca. 175 Meter (Ostercappeln, OS, Melle, Bissendorf). Und es geht immer noch weiter\u2026<\/p>\n\n<style>.kb-row-layout-id_66c500-9a > .kt-row-column-wrap{align-content:start;}:where(.kb-row-layout-id_66c500-9a > .kt-row-column-wrap) > .wp-block-kadence-column{justify-content:start;}.kb-row-layout-id_66c500-9a > .kt-row-column-wrap{column-gap:var(--global-kb-gap-md, 2rem);row-gap:var(--global-kb-gap-md, 2rem);padding-top:var(--global-kb-spacing-sm, 1.5rem);padding-bottom:var(--global-kb-spacing-sm, 1.5rem);grid-template-columns:repeat(3, minmax(0, 1fr));}.kb-row-layout-id_66c500-9a > .kt-row-layout-overlay{opacity:0.30;}@media all and (max-width: 1024px){.kb-row-layout-id_66c500-9a > .kt-row-column-wrap{grid-template-columns:repeat(3, minmax(0, 1fr));}}@media all and (max-width: 767px){.kb-row-layout-id_66c500-9a > .kt-row-column-wrap{grid-template-columns:minmax(0, 1fr);}}<\/style><div class=\"kb-row-layout-wrap kb-row-layout-id_66c500-9a alignnone wp-block-kadence-rowlayout\"><div class=\"kt-row-column-wrap kt-has-3-columns kt-row-layout-equal kt-tab-layout-inherit kt-mobile-layout-row kt-row-valign-top\">\n<style>.kadence-column_fae755-05 > .kt-inside-inner-col,.kadence-column_fae755-05 > .kt-inside-inner-col:before{border-top-left-radius:0px;border-top-right-radius:0px;border-bottom-right-radius:0px;border-bottom-left-radius:0px;}.kadence-column_fae755-05 > .kt-inside-inner-col{column-gap:var(--global-kb-gap-sm, 1rem);}.kadence-column_fae755-05 > .kt-inside-inner-col{flex-direction:column;}.kadence-column_fae755-05 > .kt-inside-inner-col > .aligncenter{width:100%;}.kadence-column_fae755-05 > .kt-inside-inner-col:before{opacity:0.3;}.kadence-column_fae755-05{position:relative;}@media all and (max-width: 1024px){.kadence-column_fae755-05 > .kt-inside-inner-col{flex-direction:column;}}@media all and (max-width: 767px){.kadence-column_fae755-05 > .kt-inside-inner-col{flex-direction:column;}}<\/style>\n<div class=\"wp-block-kadence-column kadence-column_fae755-05\"><div class=\"kt-inside-inner-col\"><div class=\"wp-block-image\">\n<figure class=\"aligncenter size-full is-resized\"><img data-recalc-dims=\"1\" loading=\"lazy\" decoding=\"async\" src=\"https:\/\/i0.wp.com\/tierschutzstiftung-boesche.de\/wp-content\/uploads\/2023\/03\/3-10-1024x768-Kopie-300x225-1.jpg?resize=337%2C253&#038;ssl=1\" alt=\"\" class=\"wp-image-457\" width=\"337\" height=\"253\"\/><\/figure><\/div><\/div><\/div>\n\n\n<style>.kadence-column_8991be-16 > .kt-inside-inner-col,.kadence-column_8991be-16 > .kt-inside-inner-col:before{border-top-left-radius:0px;border-top-right-radius:0px;border-bottom-right-radius:0px;border-bottom-left-radius:0px;}.kadence-column_8991be-16 > .kt-inside-inner-col{column-gap:var(--global-kb-gap-sm, 1rem);}.kadence-column_8991be-16 > .kt-inside-inner-col{flex-direction:column;}.kadence-column_8991be-16 > .kt-inside-inner-col > .aligncenter{width:100%;}.kadence-column_8991be-16 > .kt-inside-inner-col:before{opacity:0.3;}.kadence-column_8991be-16{position:relative;}@media all and (max-width: 1024px){.kadence-column_8991be-16 > .kt-inside-inner-col{flex-direction:column;}}@media all and (max-width: 767px){.kadence-column_8991be-16 > .kt-inside-inner-col{flex-direction:column;}}<\/style>\n<div class=\"wp-block-kadence-column kadence-column_8991be-16\"><div class=\"kt-inside-inner-col\"><div class=\"wp-block-image\">\n<figure class=\"aligncenter size-full is-resized\"><img data-recalc-dims=\"1\" loading=\"lazy\" decoding=\"async\" src=\"https:\/\/i0.wp.com\/tierschutzstiftung-boesche.de\/wp-content\/uploads\/2023\/03\/20220416_114659-1024x768-Kopie-300x225-1.jpg?resize=339%2C254&#038;ssl=1\" alt=\"\" class=\"wp-image-458\" width=\"339\" height=\"254\"\/><\/figure><\/div><\/div><\/div>\n\n\n<style>.kadence-column_a811d6-a4 > .kt-inside-inner-col,.kadence-column_a811d6-a4 > .kt-inside-inner-col:before{border-top-left-radius:0px;border-top-right-radius:0px;border-bottom-right-radius:0px;border-bottom-left-radius:0px;}.kadence-column_a811d6-a4 > .kt-inside-inner-col{column-gap:var(--global-kb-gap-sm, 1rem);}.kadence-column_a811d6-a4 > .kt-inside-inner-col{flex-direction:column;}.kadence-column_a811d6-a4 > .kt-inside-inner-col > .aligncenter{width:100%;}.kadence-column_a811d6-a4 > .kt-inside-inner-col:before{opacity:0.3;}.kadence-column_a811d6-a4{position:relative;}@media all and (max-width: 1024px){.kadence-column_a811d6-a4 > .kt-inside-inner-col{flex-direction:column;}}@media all and (max-width: 767px){.kadence-column_a811d6-a4 > .kt-inside-inner-col{flex-direction:column;}}<\/style>\n<div class=\"wp-block-kadence-column kadence-column_a811d6-a4\"><div class=\"kt-inside-inner-col\"><div class=\"wp-block-image\">\n<figure class=\"aligncenter size-full is-resized\"><img data-recalc-dims=\"1\" loading=\"lazy\" decoding=\"async\" src=\"https:\/\/i0.wp.com\/tierschutzstiftung-boesche.de\/wp-content\/uploads\/2023\/03\/20220416_125622-1024x768-Kopie-300x225-1.jpg?resize=340%2C255&#038;ssl=1\" alt=\"\" class=\"wp-image-459\" width=\"340\" height=\"255\"\/><\/figure><\/div><\/div><\/div>\n\n<\/div><\/div>\n\n<style>.kb-row-layout-id_a27e94-83 > .kt-row-column-wrap{align-content:start;}:where(.kb-row-layout-id_a27e94-83 > .kt-row-column-wrap) > .wp-block-kadence-column{justify-content:start;}.kb-row-layout-id_a27e94-83 > .kt-row-column-wrap{column-gap:var(--global-kb-gap-md, 2rem);row-gap:var(--global-kb-gap-md, 2rem);padding-top:var(--global-kb-spacing-sm, 1.5rem);padding-bottom:var(--global-kb-spacing-sm, 1.5rem);grid-template-columns:repeat(2, minmax(0, 1fr));}.kb-row-layout-id_a27e94-83 > .kt-row-layout-overlay{opacity:0.30;}@media all and (max-width: 1024px){.kb-row-layout-id_a27e94-83 > .kt-row-column-wrap{grid-template-columns:repeat(2, minmax(0, 1fr));}}@media all and (max-width: 767px){.kb-row-layout-id_a27e94-83 > .kt-row-column-wrap{grid-template-columns:minmax(0, 1fr);}}<\/style><div class=\"kb-row-layout-wrap kb-row-layout-id_a27e94-83 alignnone wp-block-kadence-rowlayout\"><div class=\"kt-row-column-wrap kt-has-2-columns kt-row-layout-equal kt-tab-layout-inherit kt-mobile-layout-row kt-row-valign-top\">\n<style>.kadence-column_55683b-79 > .kt-inside-inner-col,.kadence-column_55683b-79 > .kt-inside-inner-col:before{border-top-left-radius:0px;border-top-right-radius:0px;border-bottom-right-radius:0px;border-bottom-left-radius:0px;}.kadence-column_55683b-79 > .kt-inside-inner-col{column-gap:var(--global-kb-gap-sm, 1rem);}.kadence-column_55683b-79 > .kt-inside-inner-col{flex-direction:column;}.kadence-column_55683b-79 > .kt-inside-inner-col > .aligncenter{width:100%;}.kadence-column_55683b-79 > .kt-inside-inner-col:before{opacity:0.3;}.kadence-column_55683b-79{position:relative;}@media all and (max-width: 1024px){.kadence-column_55683b-79 > .kt-inside-inner-col{flex-direction:column;}}@media all and (max-width: 767px){.kadence-column_55683b-79 > .kt-inside-inner-col{flex-direction:column;}}<\/style>\n<div class=\"wp-block-kadence-column kadence-column_55683b-79\"><div class=\"kt-inside-inner-col\"><div class=\"wp-block-image\">\n<figure class=\"aligncenter size-full is-resized\"><img data-recalc-dims=\"1\" loading=\"lazy\" decoding=\"async\" src=\"https:\/\/i0.wp.com\/tierschutzstiftung-boesche.de\/wp-content\/uploads\/2023\/03\/20220619_122741-Kopie-300x146-1.jpg?resize=479%2C233&#038;ssl=1\" alt=\"\" class=\"wp-image-460\" width=\"479\" height=\"233\"\/><\/figure><\/div><\/div><\/div>\n\n\n<style>.kadence-column_8f3034-4f > .kt-inside-inner-col,.kadence-column_8f3034-4f > .kt-inside-inner-col:before{border-top-left-radius:0px;border-top-right-radius:0px;border-bottom-right-radius:0px;border-bottom-left-radius:0px;}.kadence-column_8f3034-4f > .kt-inside-inner-col{column-gap:var(--global-kb-gap-sm, 1rem);}.kadence-column_8f3034-4f > .kt-inside-inner-col{flex-direction:column;}.kadence-column_8f3034-4f > .kt-inside-inner-col > .aligncenter{width:100%;}.kadence-column_8f3034-4f > .kt-inside-inner-col:before{opacity:0.3;}.kadence-column_8f3034-4f{position:relative;}@media all and (max-width: 1024px){.kadence-column_8f3034-4f > .kt-inside-inner-col{flex-direction:column;}}@media all and (max-width: 767px){.kadence-column_8f3034-4f > .kt-inside-inner-col{flex-direction:column;}}<\/style>\n<div class=\"wp-block-kadence-column kadence-column_8f3034-4f\"><div class=\"kt-inside-inner-col\"><div class=\"wp-block-image\">\n<figure class=\"aligncenter size-full is-resized\"><img data-recalc-dims=\"1\" loading=\"lazy\" decoding=\"async\" src=\"https:\/\/i0.wp.com\/tierschutzstiftung-boesche.de\/wp-content\/uploads\/2023\/03\/20220619_112734-Kopie-300x146-1.jpg?resize=483%2C235&#038;ssl=1\" alt=\"\" class=\"wp-image-461\" width=\"483\" height=\"235\"\/><\/figure><\/div><\/div><\/div>\n\n<\/div><\/div>","protected":false},"excerpt":{"rendered":"<p>9.6.2022 Bau einer Trockenmauer in Hilter a.T.W. Das war ein richtig guter Tag beim \u201eTag des offenen Hofes\u201c im Aktivstall f\u00fcr Schweine Mit Sicherheit waren weit \u00fcber 1000 Besucher anwesend. Danke an die Tierschutzstiftung Wolfgang B\u00f6sche aus Braunschweig, die das Material f\u00fcr eine weitere Trockenmauer finanziert hat. Mehr als 20 Tonnen Stein wurden heute verbaut&#8230;.<\/p>\n","protected":false},"author":1,"featured_media":0,"parent":0,"menu_order":0,"comment_status":"closed","ping_status":"closed","template":"","meta":{"_kadence_starter_templates_imported_post":false,"_kad_post_transparent":"","_kad_post_title":"","_kad_post_layout":"","_kad_post_sidebar_id":"","_kad_post_content_style":"","_kad_post_vertical_padding":"","_kad_post_feature":"","_kad_post_feature_position":"","_kad_post_header":false,"_kad_post_footer":false,"_kad_post_classname":"","footnotes":""},"class_list":["post-452","page","type-page","status-publish","hentry"],"lang":"de","translations":{"de":452,"en":463},"jetpack_sharing_enabled":true,"pll_sync_post":[],"_links":{"self":[{"href":"https:\/\/tierschutzstiftung-boesche.de\/index.php?rest_route=\/wp\/v2\/pages\/452"}],"collection":[{"href":"https:\/\/tierschutzstiftung-boesche.de\/index.php?rest_route=\/wp\/v2\/pages"}],"about":[{"href":"https:\/\/tierschutzstiftung-boesche.de\/index.php?rest_route=\/wp\/v2\/types\/page"}],"author":[{"embeddable":true,"href":"https:\/\/tierschutzstiftung-boesche.de\/index.php?rest_route=\/wp\/v2\/users\/1"}],"replies":[{"embeddable":true,"href":"https:\/\/tierschutzstiftung-boesche.de\/index.php?rest_route=%2Fwp%2Fv2%2Fcomments&post=452"}],"version-history":[{"count":0,"href":"https:\/\/tierschutzstiftung-boesche.de\/index.php?rest_route=\/wp\/v2\/pages\/452\/revisions"}],"wp:attachment":[{"href":"https:\/\/tierschutzstiftung-boesche.de\/index.php?rest_route=%2Fwp%2Fv2%2Fmedia&parent=452"}],"curies":[{"name":"wp","href":"https:\/\/api.w.org\/{rel}","templated":true}]}}