{"id":698,"date":"2023-03-28T11:52:55","date_gmt":"2023-03-28T11:52:55","guid":{"rendered":"https:\/\/tierschutzstiftung-boesche.de\/?page_id=698"},"modified":"2023-03-28T11:55:21","modified_gmt":"2023-03-28T11:55:21","slug":"mellifera-e-v-ansiedlung-von-bienen-in-lebenden-baeumen","status":"publish","type":"page","link":"https:\/\/tierschutzstiftung-boesche.de\/?page_id=698","title":{"rendered":"Mellifera e. V.: Ansiedlung von Bienen in lebenden B\u00e4umen"},"content":{"rendered":"<div class=\"wp-block-image\">\n<figure class=\"aligncenter size-full is-resized\"><img data-recalc-dims=\"1\" loading=\"lazy\" decoding=\"async\" src=\"https:\/\/i0.wp.com\/tierschutzstiftung-boesche.de\/wp-content\/uploads\/2023\/03\/mellifera1.png?resize=363%2C214&#038;ssl=1\" alt=\"\" class=\"wp-image-699\" width=\"363\" height=\"214\"\/><\/figure><\/div>\n\n<p>Ansiedlung von Bienen in lebenden B\u00e4umen Der weltweite Zustand der Bienen ist alarmierend: Ohne den st\u00e4ndigen Einsatz von Arzneimitteln w\u00fcrden die Bienen zu Grunde gehen und zudem an vielen Orten ohne die regelm\u00e4\u00dfige Gabe von Zuckerwasser verhungern. Neben der Verschleppung globaler Bienenkrankheiten und einem schwindenden Angebot von Bl\u00fchpflanzen tr\u00e4gt auch eine zu intensive Form der Haltung zu diesem Problem bei. An der Lehr- und Versuchsimkerei Fischerm\u00fchle haben wir \u00f6kologische Alternativen entwickelt, die sich an den nat\u00fcrlichen Bed\u00fcrfnissen des Bienenvolks orientieren und intensive Eingriffe in das Bienenvolk vermeiden.<\/p>\n<p>Die Imkerei ist als Demeter-Betrieb zertifiziert und dient Lehr- und Forschungszwecken: Sie ist auf die Aus- und Weiterbildung von Imkern sowie die Organisation von Veranstaltungen spezialisiert, die einer breiten \u00d6ffentlichkeit die M\u00f6glichkeit gibt, positive Erfahrungen mit den Bienen zu sammeln. Gleichzeitig werden durch wissenschaftliche Untersuchungen und breit angelegte Versuche die Grundlagen daf\u00fcr geschaffen, dass Bienen in einer Art gehalten werden k\u00f6nnen, dass die St\u00e4rkung der langfristigen Bienengesundheit im Vordergrund steht. Die Produktion von Honig ist diesen Zwecken nachgeordnet.<\/p>\n\n<div class=\"wp-block-image\">\n<figure class=\"aligncenter size-full is-resized\"><img data-recalc-dims=\"1\" loading=\"lazy\" decoding=\"async\" src=\"https:\/\/i0.wp.com\/tierschutzstiftung-boesche.de\/wp-content\/uploads\/2023\/03\/mellifera2.png?resize=378%2C227&#038;ssl=1\" alt=\"\" class=\"wp-image-701\" width=\"378\" height=\"227\"\/><\/figure><\/div>\n\n<p>Tr\u00e4ger der Imkerei Fischerm\u00fchle ist der gemeinn\u00fctzige Verein Mellifera e. V., der \u00fcber Deutschlands Grenzen hinaus als Pionier der \u00f6kologischen und wesensgem\u00e4\u00dfen Bienenhaltung bekannt ist. Seit \u00fcber drei\u00dfig Jahren setzen wir uns f\u00fcr den Schutz der \u00fcberlebenswichtigen Honigbienen ein und haben bereits eine Vielzahl von deutschlandweiten Initiativen und Netzwerken wie das \u201eNetzwerk Bl\u00fchende Landschaft\u201c (http:\/\/www.bluehende-landschaft.de\/), das \u201eB\u00fcndnis zum Schutz der Bienen\u201c (http:\/\/www.mellifera.de\/bienen-schuetzen) und \u201eBienen machen Schule\u201c (http:\/\/www.bienen-schule.de\/) initiiert, die an verschiedenen Stellen ansetzen, um die Situation der Bienen nachhaltig zu verbessern und insbesondere auch bei Kindern und Jugendlichen Begeisterung f\u00fcr die Bienen zu wecken.<\/p>\n<p>Im Oktober 2015 haben wir mit Unterst\u00fctzung der Tierschutzstiftung B\u00f6sche ein Projekt zur Wiederbelebung der alten Tradition der Waldbienenhaltung (Zeidlerei) gestartet. Zeidlerei ist die Haltung von Bienen in B\u00e4umen und gilt als die naturnaheste Form der Bienenhaltung, die derzeit bekannt ist. Sie war im Mittelalter \u00fcberall in Europa verbreitet, heute wird sie nur noch ganz vereinzelt in Russland und Polen betrieben. Uns fasziniert die Zeidlerei, weil sie nachhaltigen Naturschutz, Waldwirtschaft und eine extensive Bienenhaltung verbindet und wir durch begleitende Forschung unser Verst\u00e4ndnis vom Bienen verbessern k\u00f6nnen.<\/p>\n\n<div class=\"wp-block-image\">\n<figure class=\"aligncenter size-full is-resized\"><img data-recalc-dims=\"1\" loading=\"lazy\" decoding=\"async\" src=\"https:\/\/i0.wp.com\/tierschutzstiftung-boesche.de\/wp-content\/uploads\/2023\/03\/mellifera3.jpg?resize=306%2C419&#038;ssl=1\" alt=\"\" class=\"wp-image-703\" width=\"306\" height=\"419\"\/><\/figure><\/div>\n\n<p>Im Rahmen eines viert\u00e4gigen Kurses im April 2016 wurden f\u00fcnf alte, gro\u00dfst\u00e4mmige B\u00e4ume, die wir vorher mit dem heimische F\u00f6rster ausgew\u00e4hlt hatten, mit einer speziellen S\u00e4getechnik ausgeh\u00f6hlt (was den B\u00e4umen nicht viel ausmacht) und mit Bienenv\u00f6lkern besiedelt. Ein ausf\u00fchrlicher Bericht \u00fcber den Kurs ist auf der <a href=\"https:\/\/www.mellifera.de\/blog\/freibeuter\/renaissance-der-waldbienenhaltung.html\" target=\"_blank\" rel=\"noopener noreferrer\">Mellifera-Webseite<\/a> zu finden. Auch das <a href=\"https:\/\/www.youtube.com\/watch?time_continue=5&amp;v=gCVewP6HnTg\" target=\"_blank\" rel=\"noopener noreferrer\">SWR-Fernsehen berichtete dar\u00fcber<\/a>, wie Imker aller Couluer dem Ruf zum Ursprung folgten.<\/p>\n<p>Unsere Waldbienenv\u00f6lker wollen wir in den n\u00e4chsten Jahren beobachten und ihre Entwicklung wissenschaftlich begleiten. Wir gehen davon aus, dass wir dadurch neue Erkenntnisse \u00fcber die nat\u00fcrlichen Bed\u00fcrfnisse und die \u00dcberlebensf\u00e4higkeit der Bienen in der freien Natur gewinnen werden. Langfristig wollen wir durch das Projekt die Widerstandsf\u00e4higkeit und Vitalit\u00e4t der Bienenv\u00f6lker erh\u00f6hen und die Anpassungsf\u00e4higkeit der Bienen an Umweltver\u00e4nderungen st\u00e4rken.<\/p>\n<p>Wir danken der Tierschutz-Stiftung Wolfgang B\u00f6sche f\u00fcr Ihre gro\u00dfz\u00fcgige Unterst\u00fctzung!<\/p>\n<p>(Fotos: Mellifera e. V. und Dorothea Scheidl-Nennemann)<\/p>\n\n<div class=\"wp-block-image\">\n<figure class=\"aligncenter size-full is-resized\"><img data-recalc-dims=\"1\" loading=\"lazy\" decoding=\"async\" src=\"https:\/\/i0.wp.com\/tierschutzstiftung-boesche.de\/wp-content\/uploads\/2023\/03\/mellifera4.jpg?resize=304%2C405&#038;ssl=1\" alt=\"\" class=\"wp-image-704\" width=\"304\" height=\"405\"\/><figcaption class=\"wp-element-caption\">KODAK Digital Still Camera<\/figcaption><\/figure><\/div>","protected":false},"excerpt":{"rendered":"<p>Ansiedlung von Bienen in lebenden B\u00e4umen Der weltweite Zustand der Bienen ist alarmierend: Ohne den st\u00e4ndigen Einsatz von Arzneimitteln w\u00fcrden die Bienen zu Grunde gehen und zudem an vielen Orten ohne die regelm\u00e4\u00dfige Gabe von Zuckerwasser verhungern. Neben der Verschleppung globaler Bienenkrankheiten und einem schwindenden Angebot von Bl\u00fchpflanzen tr\u00e4gt auch eine zu intensive Form der&#8230;<\/p>\n","protected":false},"author":1,"featured_media":0,"parent":0,"menu_order":0,"comment_status":"closed","ping_status":"closed","template":"","meta":{"_kadence_starter_templates_imported_post":false,"_kad_post_transparent":"","_kad_post_title":"","_kad_post_layout":"","_kad_post_sidebar_id":"","_kad_post_content_style":"","_kad_post_vertical_padding":"","_kad_post_feature":"","_kad_post_feature_position":"","_kad_post_header":false,"_kad_post_footer":false,"_kad_post_classname":"","footnotes":""},"class_list":["post-698","page","type-page","status-publish","hentry"],"lang":"de","translations":{"de":698,"en":706},"jetpack_sharing_enabled":true,"pll_sync_post":[],"_links":{"self":[{"href":"https:\/\/tierschutzstiftung-boesche.de\/index.php?rest_route=\/wp\/v2\/pages\/698"}],"collection":[{"href":"https:\/\/tierschutzstiftung-boesche.de\/index.php?rest_route=\/wp\/v2\/pages"}],"about":[{"href":"https:\/\/tierschutzstiftung-boesche.de\/index.php?rest_route=\/wp\/v2\/types\/page"}],"author":[{"embeddable":true,"href":"https:\/\/tierschutzstiftung-boesche.de\/index.php?rest_route=\/wp\/v2\/users\/1"}],"replies":[{"embeddable":true,"href":"https:\/\/tierschutzstiftung-boesche.de\/index.php?rest_route=%2Fwp%2Fv2%2Fcomments&post=698"}],"version-history":[{"count":0,"href":"https:\/\/tierschutzstiftung-boesche.de\/index.php?rest_route=\/wp\/v2\/pages\/698\/revisions"}],"wp:attachment":[{"href":"https:\/\/tierschutzstiftung-boesche.de\/index.php?rest_route=%2Fwp%2Fv2%2Fmedia&parent=698"}],"curies":[{"name":"wp","href":"https:\/\/api.w.org\/{rel}","templated":true}]}}