{"id":725,"date":"2023-03-28T12:17:17","date_gmt":"2023-03-28T12:17:17","guid":{"rendered":"https:\/\/tierschutzstiftung-boesche.de\/?page_id=725"},"modified":"2023-03-28T12:17:19","modified_gmt":"2023-03-28T12:17:19","slug":"turtle-foundation-anschaffung-eines-neuen-motorboots","status":"publish","type":"page","link":"https:\/\/tierschutzstiftung-boesche.de\/?page_id=725","title":{"rendered":"Turtle Foundation: Anschaffung eines neuen Motorboots"},"content":{"rendered":"<div class=\"entry-content clearfix\">\n<p>Meeresschildkr\u00f6ten durchstreifen in der heute bekannten Form seit \u00fcber 100 Millionen Jahren die Meere dieser Erde und sind gegenw\u00e4rtig global mit sieben Arten vertreten. Alle Arten sind heute gef\u00e4hrdet oder vom Aussterben bedroht, was vor allem auf massive Bejagung, Absammeln der Eier zum menschlichen Verzehr, Beifang in der Fischerei, Umweltverschmutzung und fortschreitende K\u00fcstenbebauung zur\u00fcckzuf\u00fchren ist. Obwohl Meeresschildkr\u00f6ten in den meisten L\u00e4ndern inzwischen offiziell gesch\u00fctzt sind, dauert der R\u00fcckgang der weltweiten Best\u00e4nde weiterhin an; ohne gezielte Schutzma\u00dfnahmen ist zu erwarten, dass die ersten Arten in den kommenden Jahrzehnten f\u00fcr immer von der Erde verschwinden werden.<\/p>\n<p>Die Turtle Foundation wurde im Jahr 2000 in Deutschland als gemeinn\u00fctzige Stiftung mit dem Ziel gegr\u00fcndet, Meeresschildkr\u00f6ten im Rahmen \u00fcberschaubarer, finanzierbarer und nachhaltiger Projekte zu sch\u00fctzen. Sie verf\u00fcgt mittlerweile \u00fcber Schwesterorganisationen in der Schweiz, in Indonesien, auf den Kapverdischen Inseln (Westafrika) und den USA. Derzeit betreibt die Turtle Foundation zwei gro\u00dfe Schutzprojekte: Eines im indonesischen Derawan-Archipel, das andere auf Kapverden-Insel Boavista.<\/p>\n<p>Der Derawan-Archipel (auch: Berau-Archipel; Borneo, indonesische Provinz Ost- Kalimantan) ist eines der weltweit wichtigsten Nistgebiete der Gr\u00fcnen Meeresschildkr\u00f6te (Chelonia mydas). Im Rahmen eines Dokumentarfilmprojekts \u00fcber Meeresschildkr\u00f6ten im Jahre 1999 wurde der Tierfilmautor Eberhard Meyer Zeuge, wie auf der Derawan-Insel Sangalaki den \u00f6rtlichen Naturschutzgesetzen zum Trotz s\u00e4mtliche Nester, die \u00fcber Nacht dort entstanden waren, von professionellen Eiersammlern ausgegraben wurden; diese Umst\u00e4nde gaben Anla\u00df zur Gr\u00fcndung der Turtle Foundation durch Eberhard Meyer und weitere Mitglieder.<\/p>\n<p>Recherchen der Turtle Foundation ergaben, dass auf den Derawan-Inseln seit etwa 60 Jahren bis zum Jahr 2000 die Schildkr\u00f6tennester fast komplett abgesammelt wurden. Die Folgen dieser Ausbeutung treten jetzt deutlich hervor: Nach neuesten Auswertungen des Datenmaterials, das die Turtle Foundation in den vergangenen 10 Jahren gesammelt hat, betr\u00e4gt der Bestand an j\u00e4hrlich nistenden Weibchen der Gr\u00fcnen Meeresschildkr\u00f6te heute nur noch etwa 3.200 Exemplare \u2013 das sind weniger als 9% des Vorkommens in den 1940er Jahren!<\/p>\n<p>Im Derawan-Archipel betreibt die Turtle Foundation derzeit auf drei bedeutenden Nistinseln der Gr\u00fcnen Meeresschildkr\u00f6te (Sangalaki, Bilang-Bilangan und Mataha) Ranger-Stationen, mit denen die Niststr\u00e4nde kontinuierlich bewacht und ca. 75 % der Nester im Derawan-Archipel vor Eierraub gesch\u00fctzt werden k\u00f6nnen. Dies geschieht in Zusammenarbeit mit den lokalen Beh\u00f6rden. Durch die fortgesetzte \u00dcberwachung konnte seither der Diebstahl der Schildkr\u00f6teneier auf diesen Inseln praktisch komplett unterbunden werden, und nach langer Zeit erreichen hier nun wieder Schildkr\u00f6tenschl\u00fcpflinge in gr\u00f6\u00dferer Zahl das Meer. Seit Beginn ihrer T\u00e4tigkeit konnte dieTurtle Foundation dadurch ca. 4,5 Millionen Schl\u00fcpflingen den Start ins Leben erm\u00f6glichen. Diese gewaltig erscheinende Zahl relativiert sich allerdings angesichts der Tatsache, dass nur etwa eine von tausend frisch geschl\u00fcpften Gr\u00fcnen Meeresschildkr\u00f6ten in etwa 35 Jahren das Alter der Geschlechtsreife erreicht.<\/p>\n<p>Die Ziele der Turtle Foundation auf den Derawan-Inseln sind der dauerhafte Schutz der Meeresschildkr\u00f6tenpopulation im Archipel vor Eierdiebstahl, Bejagung und Habitatverlust, die Sicherung der bestehenden Best\u00e4nde, und die Erholung der Population auf Best\u00e4nde, die ihr \u00dcberleben in Zukunft gew\u00e4hrleisten. Bedingt durch die Ausbeutung der Best\u00e4nde in den letzten Jahrzehnten und die lange Generationszeit der Gr\u00fcnen Meeresschildkr\u00f6te wird es auch bei kontinuierlichen und umfassenden Schutzma\u00dfnahmen noch Jahrzehnte dauern, bis die Erfolge im Ansteigen der Population nistender Schildkr\u00f6tenweibchen sichtbar werden. Um ihre Ziele zu erreichen, muss die Arbeit der Turtle Foundation im Derawan-Archipel daher noch lange fortgef\u00fchrt und ausgeweitet werden.<\/p>\n<p>Hierf\u00fcr bedarf es neben ausreichender finanzieller Mittel auch der engagierten Mitarbeit unserer derzeit 18 einheimischen Ranger, die bei der Turtle Foundation angestellt sind. W\u00e4hrend ihrer T\u00e4tigkeit sind sie Tag und Nacht auf den recht einsamen, da ansonsten unbewohnten Inseln stationiert. Zu ihrer Versorgung, dem Transport der Mitarbeiter zu und von den Inseln und f\u00fcr gelegentliche Patrouillenfahrten unterh\u00e4lt die Turtle Foundation zwei Motorboote, von denen eines der Insel Sangalaki, das andere den weiter s\u00fcdlich gelegenen Inseln Bilang-Bilangan und Mataha zugeordnet ist. Trotz gro\u00dfer Sorgfalt und regelm\u00e4\u00dfiger Wartung zeigten beide Boote schon deutliche Spuren des langj\u00e4hrigen h\u00e4ufigen Gebrauches unter tropischen Bedingungen. Im Falle des Bootes f\u00fcr die s\u00fcdlichen Inseln ging dies schon so weit, da\u00df es in absehbarer Zeit zu einem Sicherheitsrisiko f\u00fcr die Mannschaft zu werden drohte. Es mu\u00dfte daher unbedingt so bald wie m\u00f6glich ersetzt werden.<\/p>\n<p>Die schnelle und unb\u00fcrokratische Hilfe der Tierschutzstiftung Wolfgang B\u00f6sche erlaubte es uns nun, ein neues Boot f\u00fcr die s\u00fcdlichen Projektinseln inklusive Motor anzuschaffen. Hierdurch ist es unseren Rangern m\u00f6glich, weiterhin ihrer Arbeit im Sinne des Schutzes der Meeresschildkr\u00f6ten im Derawan-Archipel effizient und ohne unn\u00f6tige Gef\u00e4hrdung nachzugehen. Die Turtle Foundation bedankt sich sehr herzlich bei der Tierschutzstiftung Wolfgang B\u00f6sche und ihren F\u00f6rderern f\u00fcr diese gro\u00dfartige Unterst\u00fctzung.<\/p>\n<p>Ranger beim Vergraben der Eier eines Geheges in der Brutstation der Turtle Foundation auf Sangalaki. Frische Nester, die am Strand zu nahe an der Flutlinie gelegt wurden und daher von \u00dcberflutung bedroht sind (was zum Absterben der Eier f\u00fchren w\u00fcrde), werden ausgegraben und in der Brutstation ausgebr\u00fctet. Die nach etwa 60 Tagen schl\u00fcpfenden Jungtiere werden noch am selben Tag in das Meer entlassen.<\/p>\n<p>Das neue Motorboot wurde durch eine Spende der Tierschutzstiftung Wolfgang B\u00f6sche erm\u00f6glicht. Es ersetzt nun das alte Motorboot, welches f\u00fcr Versorgungsfahrten, Transport unserer Mitarbeiter und Seepatroullien f\u00fcr die s\u00fcdlichen Projektinseln der Turtle Foundation (Bilang-Bilangan und Mataha) verwendet wurde. Es ist jetzt mit zwei Motoren mit je 40 PS ausger\u00fcstet; ein Motor stammt vom alten Boot, der zweite wurde ebenfalls von der Tierschutzstiftung Wolfgang B\u00f6sche gespendet. Die Verwendung zweier Motoren ist ein erheblicher Zugewinn an Sicherheit f\u00fcr unsere Mitarbeiter auf ihren 2\u20133 Stunden dauernden Fahrten \u00fcber offene See zu und von den Inseln.<\/p>\n<p>TURTLE FOUNDATION (DEUTSCHLAND)<br \/>\nAmmerlander Hauptstrasse 1 \u2013 D-82541 M\u00fcnsing<br \/>\nTel.: ++49 8177 926 038 \/ Fax: ++49 8177 8439<br \/>\nEmail: deutschland@turtle-foundation.org<br \/>\nSparkasse Bad T\u00f6lz-Wolfratshausen<br \/>\nKontonummer EUR: 555 1 5555<br \/>\nBankleitzahl: 700 543 06 \/ BIC: BYLADEM1WOR<br \/>\nIBAN: DE90700543060055515555<\/p>\n<p><a href=\"http:\/\/www.turtle-foundation.org\">www.turtle-foundation.org<\/a><\/p>\n<p>Gemeinn\u00fctzige Stiftung deutschen Rechts<br \/>\nSteuerbefreit durch das Finanzamt Miesbach<br \/>\nSteuernummer 139\/147\/00234<br \/>\nWeitere Vertretungen:<\/p>\n<ul>\n<li>Schweiz<\/li>\n<li>USA<\/li>\n<li>Indonesien<\/li>\n<li>Kapverden<\/li>\n<\/ul>\n<\/div>\n","protected":false},"excerpt":{"rendered":"<p>Meeresschildkr\u00f6ten durchstreifen in der heute bekannten Form seit \u00fcber 100 Millionen Jahren die Meere dieser Erde und sind gegenw\u00e4rtig global mit sieben Arten vertreten. Alle Arten sind heute gef\u00e4hrdet oder vom Aussterben bedroht, was vor allem auf massive Bejagung, Absammeln der Eier zum menschlichen Verzehr, Beifang in der Fischerei, Umweltverschmutzung und fortschreitende K\u00fcstenbebauung zur\u00fcckzuf\u00fchren ist&#8230;.<\/p>\n","protected":false},"author":1,"featured_media":0,"parent":0,"menu_order":0,"comment_status":"closed","ping_status":"closed","template":"","meta":{"_kadence_starter_templates_imported_post":false,"_kad_post_transparent":"","_kad_post_title":"","_kad_post_layout":"","_kad_post_sidebar_id":"","_kad_post_content_style":"","_kad_post_vertical_padding":"","_kad_post_feature":"","_kad_post_feature_position":"","_kad_post_header":false,"_kad_post_footer":false,"_kad_post_classname":"","footnotes":""},"class_list":["post-725","page","type-page","status-publish","hentry"],"lang":"de","translations":{"de":725,"en":727},"jetpack_sharing_enabled":true,"pll_sync_post":[],"_links":{"self":[{"href":"https:\/\/tierschutzstiftung-boesche.de\/index.php?rest_route=\/wp\/v2\/pages\/725"}],"collection":[{"href":"https:\/\/tierschutzstiftung-boesche.de\/index.php?rest_route=\/wp\/v2\/pages"}],"about":[{"href":"https:\/\/tierschutzstiftung-boesche.de\/index.php?rest_route=\/wp\/v2\/types\/page"}],"author":[{"embeddable":true,"href":"https:\/\/tierschutzstiftung-boesche.de\/index.php?rest_route=\/wp\/v2\/users\/1"}],"replies":[{"embeddable":true,"href":"https:\/\/tierschutzstiftung-boesche.de\/index.php?rest_route=%2Fwp%2Fv2%2Fcomments&post=725"}],"version-history":[{"count":0,"href":"https:\/\/tierschutzstiftung-boesche.de\/index.php?rest_route=\/wp\/v2\/pages\/725\/revisions"}],"wp:attachment":[{"href":"https:\/\/tierschutzstiftung-boesche.de\/index.php?rest_route=%2Fwp%2Fv2%2Fmedia&parent=725"}],"curies":[{"name":"wp","href":"https:\/\/api.w.org\/{rel}","templated":true}]}}