{"id":796,"date":"2023-03-29T16:02:42","date_gmt":"2023-03-29T16:02:42","guid":{"rendered":"https:\/\/tierschutzstiftung-boesche.de\/?page_id=796"},"modified":"2023-03-29T16:02:58","modified_gmt":"2023-03-29T16:02:58","slug":"bos-e-v-orang-utan-rehabilitations-zentrum-in-indonesien","status":"publish","type":"page","link":"https:\/\/tierschutzstiftung-boesche.de\/?page_id=796","title":{"rendered":"BOS e.V.: Orang-Utan-Rehabilitations-Zentrum in Indonesien"},"content":{"rendered":"<p>1991 wurde das Orang-Utan-Rehabilitations-Zentrum in Wanariset in Ost-Kalimantan (indonesischer Teil Borneos) f\u00fcr die dort heimischen, akut vom Aussterben bedrohten Orang-Utans gegr\u00fcndet. Diese Tiere werden illegal in der Wildnis gefangen und als Haustiere an Privatpersonen verkauft, wo sie in tierqu\u00e4lerischer Art gehalten werden.<\/p>\n\n<style>.kb-row-layout-id_f78f9c-6c > .kt-row-column-wrap{align-content:start;}:where(.kb-row-layout-id_f78f9c-6c > .kt-row-column-wrap) > .wp-block-kadence-column{justify-content:start;}.kb-row-layout-id_f78f9c-6c > .kt-row-column-wrap{column-gap:var(--global-kb-gap-md, 2rem);row-gap:var(--global-kb-gap-md, 2rem);padding-top:var(--global-kb-spacing-sm, 1.5rem);padding-bottom:var(--global-kb-spacing-sm, 1.5rem);grid-template-columns:repeat(2, minmax(0, 1fr));}.kb-row-layout-id_f78f9c-6c > .kt-row-layout-overlay{opacity:0.30;}@media all and (max-width: 1024px){.kb-row-layout-id_f78f9c-6c > .kt-row-column-wrap{grid-template-columns:repeat(2, minmax(0, 1fr));}}@media all and (max-width: 767px){.kb-row-layout-id_f78f9c-6c > .kt-row-column-wrap{grid-template-columns:minmax(0, 1fr);}}<\/style><div class=\"kb-row-layout-wrap kb-row-layout-id_f78f9c-6c alignnone wp-block-kadence-rowlayout\"><div class=\"kt-row-column-wrap kt-has-2-columns kt-row-layout-equal kt-tab-layout-inherit kt-mobile-layout-row kt-row-valign-top\">\n<style>.kadence-column_5c1750-12 > .kt-inside-inner-col,.kadence-column_5c1750-12 > .kt-inside-inner-col:before{border-top-left-radius:0px;border-top-right-radius:0px;border-bottom-right-radius:0px;border-bottom-left-radius:0px;}.kadence-column_5c1750-12 > .kt-inside-inner-col{column-gap:var(--global-kb-gap-sm, 1rem);}.kadence-column_5c1750-12 > .kt-inside-inner-col{flex-direction:column;}.kadence-column_5c1750-12 > .kt-inside-inner-col > .aligncenter{width:100%;}.kadence-column_5c1750-12 > .kt-inside-inner-col:before{opacity:0.3;}.kadence-column_5c1750-12{position:relative;}@media all and (max-width: 1024px){.kadence-column_5c1750-12 > .kt-inside-inner-col{flex-direction:column;}}@media all and (max-width: 767px){.kadence-column_5c1750-12 > .kt-inside-inner-col{flex-direction:column;}}<\/style>\n<div class=\"wp-block-kadence-column kadence-column_5c1750-12\"><div class=\"kt-inside-inner-col\"><div class=\"wp-block-image\">\n<figure class=\"aligncenter size-full is-resized\"><img data-recalc-dims=\"1\" loading=\"lazy\" decoding=\"async\" src=\"https:\/\/i0.wp.com\/tierschutzstiftung-boesche.de\/wp-content\/uploads\/2023\/03\/bos2.jpg?resize=430%2C319&#038;ssl=1\" alt=\"\" class=\"wp-image-797\" width=\"430\" height=\"319\"\/><\/figure><\/div><\/div><\/div>\n\n\n<style>.kadence-column_07f7a1-22 > .kt-inside-inner-col,.kadence-column_07f7a1-22 > .kt-inside-inner-col:before{border-top-left-radius:0px;border-top-right-radius:0px;border-bottom-right-radius:0px;border-bottom-left-radius:0px;}.kadence-column_07f7a1-22 > .kt-inside-inner-col{column-gap:var(--global-kb-gap-sm, 1rem);}.kadence-column_07f7a1-22 > .kt-inside-inner-col{flex-direction:column;}.kadence-column_07f7a1-22 > .kt-inside-inner-col > .aligncenter{width:100%;}.kadence-column_07f7a1-22 > .kt-inside-inner-col:before{opacity:0.3;}.kadence-column_07f7a1-22{position:relative;}@media all and (max-width: 1024px){.kadence-column_07f7a1-22 > .kt-inside-inner-col{flex-direction:column;}}@media all and (max-width: 767px){.kadence-column_07f7a1-22 > .kt-inside-inner-col{flex-direction:column;}}<\/style>\n<div class=\"wp-block-kadence-column kadence-column_07f7a1-22\"><div class=\"kt-inside-inner-col\"><div class=\"wp-block-image\">\n<figure class=\"aligncenter size-full is-resized\"><img data-recalc-dims=\"1\" loading=\"lazy\" decoding=\"async\" src=\"https:\/\/i0.wp.com\/tierschutzstiftung-boesche.de\/wp-content\/uploads\/2023\/03\/bos1.jpg?resize=445%2C311&#038;ssl=1\" alt=\"\" class=\"wp-image-798\" width=\"445\" height=\"311\" srcset=\"https:\/\/i0.wp.com\/tierschutzstiftung-boesche.de\/wp-content\/uploads\/2023\/03\/bos1.jpg?w=304&amp;ssl=1 304w, https:\/\/i0.wp.com\/tierschutzstiftung-boesche.de\/wp-content\/uploads\/2023\/03\/bos1.jpg?resize=300%2C209&amp;ssl=1 300w\" sizes=\"(max-width: 445px) 100vw, 445px\" \/><\/figure><\/div><\/div><\/div>\n\n<\/div><\/div>\n\n<p>Diese Situation und die Vernichtung der dortigen Regenw\u00e4lder, die den Orang-Utans als Lebensraum dienen, hat in den letzten Jahren zu einem starken R\u00fcckgang der Tierpopulation gef\u00fchrt, wodurch diese spezielle Orang-Utan-Art nun akut vom Aussterben bedroht ist.<\/p>\n<p>In der Pflegestation werden zeitweise \u00fcber 300 verletzte, in Not geratene und sichergestellte Tiere aufgenommen, gepflegt und m\u00fchsam auf eine erneute Auswilderung vorbereitet.<\/p>\n<p>Die \u201eBorneo Orangutan Survival Foundation\u201c (BOS) ist die weltweit gr\u00f6\u00dfte Organisation zum Schutz dieser Orang-Utan-Art. Im Jahr 2001 wurde \u201eBOS \u2013 Deutschland e.V.\u201c von den ehemaligen \u201eDschungel-\u00c4rzten\u201c Dr. Peter Collin und Dr. Eberhard Kreikemeier gegr\u00fcndet.<\/p>","protected":false},"excerpt":{"rendered":"<p>1991 wurde das Orang-Utan-Rehabilitations-Zentrum in Wanariset in Ost-Kalimantan (indonesischer Teil Borneos) f\u00fcr die dort heimischen, akut vom Aussterben bedrohten Orang-Utans gegr\u00fcndet. Diese Tiere werden illegal in der Wildnis gefangen und als Haustiere an Privatpersonen verkauft, wo sie in tierqu\u00e4lerischer Art gehalten werden. Diese Situation und die Vernichtung der dortigen Regenw\u00e4lder, die den Orang-Utans als Lebensraum&#8230;<\/p>\n","protected":false},"author":1,"featured_media":0,"parent":0,"menu_order":0,"comment_status":"closed","ping_status":"closed","template":"","meta":{"_kadence_starter_templates_imported_post":false,"_kad_post_transparent":"","_kad_post_title":"","_kad_post_layout":"","_kad_post_sidebar_id":"","_kad_post_content_style":"","_kad_post_vertical_padding":"","_kad_post_feature":"","_kad_post_feature_position":"","_kad_post_header":false,"_kad_post_footer":false,"_kad_post_classname":"","footnotes":""},"class_list":["post-796","page","type-page","status-publish","hentry"],"lang":"de","translations":{"de":1018},"jetpack_sharing_enabled":true,"pll_sync_post":[],"_links":{"self":[{"href":"https:\/\/tierschutzstiftung-boesche.de\/index.php?rest_route=\/wp\/v2\/pages\/796"}],"collection":[{"href":"https:\/\/tierschutzstiftung-boesche.de\/index.php?rest_route=\/wp\/v2\/pages"}],"about":[{"href":"https:\/\/tierschutzstiftung-boesche.de\/index.php?rest_route=\/wp\/v2\/types\/page"}],"author":[{"embeddable":true,"href":"https:\/\/tierschutzstiftung-boesche.de\/index.php?rest_route=\/wp\/v2\/users\/1"}],"replies":[{"embeddable":true,"href":"https:\/\/tierschutzstiftung-boesche.de\/index.php?rest_route=%2Fwp%2Fv2%2Fcomments&post=796"}],"version-history":[{"count":0,"href":"https:\/\/tierschutzstiftung-boesche.de\/index.php?rest_route=\/wp\/v2\/pages\/796\/revisions"}],"wp:attachment":[{"href":"https:\/\/tierschutzstiftung-boesche.de\/index.php?rest_route=%2Fwp%2Fv2%2Fmedia&parent=796"}],"curies":[{"name":"wp","href":"https:\/\/api.w.org\/{rel}","templated":true}]}}