{"id":803,"date":"2023-03-29T16:07:13","date_gmt":"2023-03-29T16:07:13","guid":{"rendered":"https:\/\/tierschutzstiftung-boesche.de\/?page_id=803"},"modified":"2023-03-29T16:07:15","modified_gmt":"2023-03-29T16:07:15","slug":"grd-e-v-errichtung-eines-delphinschutz-zentrums-in-kroatien","status":"publish","type":"page","link":"https:\/\/tierschutzstiftung-boesche.de\/?page_id=803","title":{"rendered":"GRD e.V.: Errichtung eines Delphinschutz-Zentrums in Kroatien"},"content":{"rendered":"<p>F\u00fcr die Rettung der letzten ca. 200 Adria-Delphine, deren Population in den letzten 35 Jahren aufgrund der Zerst\u00f6rung des \u00d6kosystems um mehr als die H\u00e4lfte reduziert wurde, setzt sich die 1991 gegr\u00fcndete Vereinigung \u201eGesellschaft zur Rettung der Delphine e.V. (GRD)\u201c ein.<\/p>\n\n<style>.kb-row-layout-id_f9e321-61 > .kt-row-column-wrap{align-content:start;}:where(.kb-row-layout-id_f9e321-61 > .kt-row-column-wrap) > .wp-block-kadence-column{justify-content:start;}.kb-row-layout-id_f9e321-61 > .kt-row-column-wrap{column-gap:var(--global-kb-gap-md, 2rem);row-gap:var(--global-kb-gap-md, 2rem);padding-top:var(--global-kb-spacing-sm, 1.5rem);padding-bottom:var(--global-kb-spacing-sm, 1.5rem);grid-template-columns:repeat(2, minmax(0, 1fr));}.kb-row-layout-id_f9e321-61 > .kt-row-layout-overlay{opacity:0.30;}@media all and (max-width: 1024px){.kb-row-layout-id_f9e321-61 > .kt-row-column-wrap{grid-template-columns:repeat(2, minmax(0, 1fr));}}@media all and (max-width: 767px){.kb-row-layout-id_f9e321-61 > .kt-row-column-wrap{grid-template-columns:minmax(0, 1fr);}}<\/style><div class=\"kb-row-layout-wrap kb-row-layout-id_f9e321-61 alignnone wp-block-kadence-rowlayout\"><div class=\"kt-row-column-wrap kt-has-2-columns kt-row-layout-equal kt-tab-layout-inherit kt-mobile-layout-row kt-row-valign-top\">\n<style>.kadence-column_89531e-dd > .kt-inside-inner-col,.kadence-column_89531e-dd > .kt-inside-inner-col:before{border-top-left-radius:0px;border-top-right-radius:0px;border-bottom-right-radius:0px;border-bottom-left-radius:0px;}.kadence-column_89531e-dd > .kt-inside-inner-col{column-gap:var(--global-kb-gap-sm, 1rem);}.kadence-column_89531e-dd > .kt-inside-inner-col{flex-direction:column;}.kadence-column_89531e-dd > .kt-inside-inner-col > .aligncenter{width:100%;}.kadence-column_89531e-dd > .kt-inside-inner-col:before{opacity:0.3;}.kadence-column_89531e-dd{position:relative;}@media all and (max-width: 1024px){.kadence-column_89531e-dd > .kt-inside-inner-col{flex-direction:column;}}@media all and (max-width: 767px){.kadence-column_89531e-dd > .kt-inside-inner-col{flex-direction:column;}}<\/style>\n<div class=\"wp-block-kadence-column kadence-column_89531e-dd\"><div class=\"kt-inside-inner-col\"><div class=\"wp-block-image\">\n<figure class=\"aligncenter size-full is-resized\"><img data-recalc-dims=\"1\" loading=\"lazy\" decoding=\"async\" src=\"https:\/\/i0.wp.com\/tierschutzstiftung-boesche.de\/wp-content\/uploads\/2023\/03\/grd_delfin.jpg?resize=432%2C287&#038;ssl=1\" alt=\"\" class=\"wp-image-804\" width=\"432\" height=\"287\" srcset=\"https:\/\/i0.wp.com\/tierschutzstiftung-boesche.de\/wp-content\/uploads\/2023\/03\/grd_delfin.jpg?w=318&amp;ssl=1 318w, https:\/\/i0.wp.com\/tierschutzstiftung-boesche.de\/wp-content\/uploads\/2023\/03\/grd_delfin.jpg?resize=300%2C199&amp;ssl=1 300w\" sizes=\"(max-width: 432px) 100vw, 432px\" \/><\/figure><\/div><\/div><\/div>\n\n\n<style>.kadence-column_a23b74-a8 > .kt-inside-inner-col,.kadence-column_a23b74-a8 > .kt-inside-inner-col:before{border-top-left-radius:0px;border-top-right-radius:0px;border-bottom-right-radius:0px;border-bottom-left-radius:0px;}.kadence-column_a23b74-a8 > .kt-inside-inner-col{column-gap:var(--global-kb-gap-sm, 1rem);}.kadence-column_a23b74-a8 > .kt-inside-inner-col{flex-direction:column;}.kadence-column_a23b74-a8 > .kt-inside-inner-col > .aligncenter{width:100%;}.kadence-column_a23b74-a8 > .kt-inside-inner-col:before{opacity:0.3;}.kadence-column_a23b74-a8{position:relative;}@media all and (max-width: 1024px){.kadence-column_a23b74-a8 > .kt-inside-inner-col{flex-direction:column;}}@media all and (max-width: 767px){.kadence-column_a23b74-a8 > .kt-inside-inner-col{flex-direction:column;}}<\/style>\n<div class=\"wp-block-kadence-column kadence-column_a23b74-a8\"><div class=\"kt-inside-inner-col\"><div class=\"wp-block-image\">\n<figure class=\"aligncenter size-full is-resized\"><img data-recalc-dims=\"1\" loading=\"lazy\" decoding=\"async\" src=\"https:\/\/i0.wp.com\/tierschutzstiftung-boesche.de\/wp-content\/uploads\/2023\/03\/grd_boot.jpg?resize=434%2C288&#038;ssl=1\" alt=\"\" class=\"wp-image-805\" width=\"434\" height=\"288\" srcset=\"https:\/\/i0.wp.com\/tierschutzstiftung-boesche.de\/wp-content\/uploads\/2023\/03\/grd_boot.jpg?w=316&amp;ssl=1 316w, https:\/\/i0.wp.com\/tierschutzstiftung-boesche.de\/wp-content\/uploads\/2023\/03\/grd_boot.jpg?resize=300%2C199&amp;ssl=1 300w\" sizes=\"(max-width: 434px) 100vw, 434px\" \/><\/figure><\/div><\/div><\/div>\n\n<\/div><\/div>\n\n<p>Neben der Einrichtung von Schutzgebieten sowie der Rettung von verletzten und gestrandeten Tieren ist die Errichtung eines Delphinschutz-Zentrums in Kroatien geplant. Dieses Tierschutz-Projekt wurde 1999 von der GRD gemeinsam mit Tier\u00e4rzten der Universit\u00e4t Zagreb unter Leitung von Prof. Dr. Hrvoje Gomercic gegr\u00fcndet.<\/p>\n<p>Schon in den 80er Jahren haben sich die kroatischen Wissenschaftler auf Meeress\u00e4uger spezialisiert und ma\u00dfgeblich zu dem seit 1995 bestehenden Delfinschutzgesetz beigetragen. Doch mangels Finanzen waren sie auf Laborarbeit, also der Untersuchung von toten Delfinen, beschr\u00e4nkt.<\/p>\n<p>Mit der \u00dcbergabe des ersten GRD-Patrouillenbootes und weiterer Ausr\u00fcstung im Juni 2000 konnten die kroatischen Tiersch\u00fctzer endlich mit der wichtigen Feldarbeit beginnen und sind somit jetzt auch in der Lage, lebend gestrandete oder in den zahlreichen Buchten der kroatischen Adria und den Flussm\u00fcndungen verirrte Wale und Delfine zu retten.<\/p>\n<p><a href=\"http:\/\/www.delphinschutz.org\/\" target=\"_blank\" rel=\"noopener noreferrer\">Mehr Informationen finden Sie hier.<\/a><\/p>","protected":false},"excerpt":{"rendered":"<p>F\u00fcr die Rettung der letzten ca. 200 Adria-Delphine, deren Population in den letzten 35 Jahren aufgrund der Zerst\u00f6rung des \u00d6kosystems um mehr als die H\u00e4lfte reduziert wurde, setzt sich die 1991 gegr\u00fcndete Vereinigung \u201eGesellschaft zur Rettung der Delphine e.V. (GRD)\u201c ein. Neben der Einrichtung von Schutzgebieten sowie der Rettung von verletzten und gestrandeten Tieren ist&#8230;<\/p>\n","protected":false},"author":1,"featured_media":0,"parent":0,"menu_order":0,"comment_status":"closed","ping_status":"closed","template":"","meta":{"_kadence_starter_templates_imported_post":false,"_kad_post_transparent":"","_kad_post_title":"","_kad_post_layout":"","_kad_post_sidebar_id":"","_kad_post_content_style":"","_kad_post_vertical_padding":"","_kad_post_feature":"","_kad_post_feature_position":"","_kad_post_header":false,"_kad_post_footer":false,"_kad_post_classname":"","footnotes":""},"class_list":["post-803","page","type-page","status-publish","hentry"],"lang":"de","translations":{"de":803,"en":984},"jetpack_sharing_enabled":true,"pll_sync_post":[],"_links":{"self":[{"href":"https:\/\/tierschutzstiftung-boesche.de\/index.php?rest_route=\/wp\/v2\/pages\/803"}],"collection":[{"href":"https:\/\/tierschutzstiftung-boesche.de\/index.php?rest_route=\/wp\/v2\/pages"}],"about":[{"href":"https:\/\/tierschutzstiftung-boesche.de\/index.php?rest_route=\/wp\/v2\/types\/page"}],"author":[{"embeddable":true,"href":"https:\/\/tierschutzstiftung-boesche.de\/index.php?rest_route=\/wp\/v2\/users\/1"}],"replies":[{"embeddable":true,"href":"https:\/\/tierschutzstiftung-boesche.de\/index.php?rest_route=%2Fwp%2Fv2%2Fcomments&post=803"}],"version-history":[{"count":0,"href":"https:\/\/tierschutzstiftung-boesche.de\/index.php?rest_route=\/wp\/v2\/pages\/803\/revisions"}],"wp:attachment":[{"href":"https:\/\/tierschutzstiftung-boesche.de\/index.php?rest_route=%2Fwp%2Fv2%2Fmedia&parent=803"}],"curies":[{"name":"wp","href":"https:\/\/api.w.org\/{rel}","templated":true}]}}