{"id":91,"date":"2023-03-16T09:40:40","date_gmt":"2023-03-16T09:40:40","guid":{"rendered":"https:\/\/tierschutzstiftung-boesche.de\/?page_id=91"},"modified":"2023-04-05T06:01:16","modified_gmt":"2023-04-05T06:01:16","slug":"datenschutz","status":"publish","type":"page","link":"https:\/\/tierschutzstiftung-boesche.de\/?page_id=91","title":{"rendered":"Datenschutz"},"content":{"rendered":"<p><strong>Datenschutzerkl\u00e4rung<\/strong><\/p>\n<p>Die nachfolgende Datenschutz-Erkl\u00e4rung informiert dar\u00fcber, welche Art von Daten auf unserer Internetseite erhoben, gespeichert und verarbeitet werden, und, wie wir den Schutz und die Sicherheit Ihrer personenbezogenen Daten gew\u00e4hrleisten.<\/p>\n<p><strong>Verantwortliche Stelle:<\/strong><\/p>\n<p>Tierschutz-Stiftung Wolfgang Boesche<br \/>\nIna Seidel Stra\u00dfe 1<br \/>\n38124 Braunschweig<\/p>\n<ol>\n<li><strong> Grundsatz anonymer Datenverwendung<\/strong><\/li>\n<\/ol>\n<p>Die Nutzung unserer Seite ist grunds\u00e4tzlich ohne eine Angabe von personenbezogenen Daten m\u00f6glich. Soweit sie bestimmte Leistungen oder Funktionen unserer Internetseite in Anspruch nehmen, kann dies abweichend, z.B., wenn Sie uns \u00fcber ein Formular oder mittels eines E-Mail-Schreibens bei einer integrierten Funktion \u00fcber elektronische Nachrichten personenbezogene Daten \u00fcbermitteln.Die rechtlichen Grundlagen f\u00fcr den Datenschutz finden Sie im Bundesdatenschutzgesetz (BDSG) und dem Telemediengesetz (TMG) und ab dem 25.5.2018 auch in der europ\u00e4ischen Datenschutzgrundverordnung.Beim Aufruf unserer Webseite werden einige Informationen \u00fcbertragen, wie z.B. IP-Adres se. Sie geben auch Auskunft \u00fcber das genutzte Endger\u00e4t (Computer, Smartphone, Tablet, etc.), den verwendeten Browser (Internet Explorer, Safari, Firefox, etc.), den Zeitpunkt des Zugriffs auf die Website, den sog. Referrer und \u00fcbertragenen Datenmengen. Beim Aufruf unserer Internetseiten liest die Software unseres Webservers verschiedene Informationen ab, die sich unmittelbar aus der Verbindung zwischen Ihrem Computer und unserem Webserver ergeben. Hierbei werden keine personenbezogenen Daten abgerufen. Es handelt sich um allgemeine Informationen, wie z.B. die Art ihres Browsers, das von Ihnen verwendete Endger\u00e4t (PC, Smartphone, Tablet usf.) und der Tag bzw. der Zeitpunkt des Zugriffs. Diese Informationen werden protokolliert und k\u00f6nnen von uns einer individualisierten Person nicht zugeordnet werden. Diese Daten dienen einzig dazu, die Gestaltung und die Inhalte unserer Internetseite verbessern zu k\u00f6nnen. Diese Daten werden von uns regelm\u00e4\u00dfig gel\u00f6scht.<\/p>\n<p>Wir weisen darauf hin, dass bei \u00fcbermittelten IP-Adressen ein Personenbezug grunds\u00e4tzlich m\u00f6glich ist, wenn diese ohne Anonymisierungs-Funktion erfasst werden. Dies kann z.B. bei bestimmter Tracker-Software der Fall sein. Eine solche Software erfasst Einzelheiten zum Abruf und Zugriff auf unsere Internetseite und speichert diese zur Auswertung entsprechend den oben genannten Grunds\u00e4tzen ab und stellt uns diese zur Verf\u00fcgung. Wir nutzen allerdings keine Software, die nicht-anonymisierte IP-Adressen erfasst.<br \/>\nPersonenbezogene Daten erheben wir damit nur, soweit sie uns diese durch \u00dcbermittlung mitgeteilt haben. Es handelt sich hierbei z.B. um die Kundendaten, die Sie uns zur Abwicklung eines Gesch\u00e4fts zur Verf\u00fcgung stellen. Wir verwenden die von Ihnen angegebenen personenbezogenen Daten ausschlie\u00dflich, soweit Ihre Daten zur Erf\u00fcllung unserer Dienstleistungen notwendig sind.<\/p>\n<p>Eine Nutzung solcher Daten zu weitergehenden Zwecken, z.B. zur Werbung, erfolgte ich uns nur, wenn sie hierin ausdr\u00fccklich eingewilligt haben, es sei denn, wir sind zur \u00dcbermittlung solcher Daten an Dritte gesetzlich verpflichtet. Sie k\u00f6nnen diese Einwilligung jederzeit widerrufen.Nach vollst\u00e4ndiger Vertragsabwicklung werden die Daten f\u00fcr die weitere Verwendung gesperrt, wenn sie nicht die weitere Verwendung eingewilligt haben. Die Aufbewahrung der Daten erfolgt im \u00dcbrigen entsprechend etwaiger steuer- und\u00a0 handelsrechtlichen Fristen oder entsprechend sonstiger gesetzlicher Vorschriften, die uns zur Aufbewahrung (Speicherung) der Daten gesetzlich verpflichten. Nach Ablauf dieser Fristen werden Ihre Daten gel\u00f6scht, wenn sie nicht ausdr\u00fccklich in eine weitere Nutzung eingewilligt haben.<\/p>\n<ol start=\"2\">\n<li><strong> Kontakt<\/strong><\/li>\n<\/ol>\n<p>Um f\u00fcr R\u00fcckfragen oder sonstige Mitteilungen, diesen zukommen lassen wollen, zur Verf\u00fcgung zu stehen, k\u00f6nnen Sie uns jederzeit gerne eine elektronische Nachricht (E-Mail) senden.<br \/>\n<strong>E-Mail:<\/strong> <a href=\"mailto:Tierschutzstiftung%20Wolfgang%20B%C3%B6sche\">info@tierschutzstiftung-boesche.de<\/a><\/p>\n<ol start=\"3\">\n<li><strong> Daten\u00fcbermittlung an Dritte<\/strong><\/li>\n<\/ol>\n<p>Wir \u00fcbermitteln Ihre Daten nicht an dritte Personen, es sei denn<\/p>\n<ul>\n<li>wir sind hierzu gesetzlich verpflichtet, oder<\/li>\n<li>die Datenweitergabe ist zur Durchf\u00fchrung des Vertragsverh\u00e4ltnisses erforderlich, oder<\/li>\n<li>Sie haben in die Datenweitergabe ausdr\u00fccklich eingewilligt<\/li>\n<\/ul>\n<p>In jedem Fall wird der Umfang der an Dritten weitergegebenen Daten auf das erforderliche Mindestma\u00df beschr\u00e4nkt.<br \/>\nEine \u00dcbermittlung Ihrer Daten an Dritte findet grunds\u00e4tzlich nicht statt, es sei denn, wir sind gesetzlich dazu verpflichtet, die Datenweitergabe ist zur Durchf\u00fchrung des Vertragsverh\u00e4ltnisses erforderlich oder Sie haben zuvor ausdr\u00fccklich in die Weite rgabe Ihrer Daten eingewilligt. Externe Dienstleister und Partnerunternehmen erhalten Ihre Daten nur, soweit dies zur Abwicklung des Vertrags erforderlich ist. In diesen F\u00e4llen beschr\u00e4nkt sich der Umfang der \u00fcbermittelten Daten jedoch auf das erforderliche Minimum. Soweit unsere Dienstleister mit Ihren personenbezogenen Daten in Ber\u00fchrung kommen, stellen wir sicher, dass diese die Vorschriften der Datenschutzgesetze in gleicher Weise einhalten. Ihre Einwilligung zur Weitergabe Ihrer Daten zur nicht auftragsrelevanten Datenverarbeitung, k\u00f6nnen Sie jederzeit widerrufen. Wenden Sie sich hierzu bitte an die am Ende dieser Erkl\u00e4rung angegebene Stelle. Ihr Widerruf hat dann Wirkung f\u00fcr die Zukunft.<\/p>\n<ol start=\"4\">\n<li><strong> Cookies<\/strong><\/li>\n<\/ol>\n<p>Weitere Daten werden in so genannten Cookies gespeichert. Es handelt sich um Dateien, die von uns an ihren Computer \u00fcbermittelt und dort abgespeichert werden. Sie k\u00f6nnen dies dadurch verhindern, dass sie die Sicherheitsanstellungen Ihres Computers entsprechend einrichten. Eine solche Anpassung der Sicherheits- Einstellungen ist z.B. in den meisten Internet-Browsern m\u00f6glich. Bitte wenden Sie sich f\u00fcr entsprechende Informationen an den Hersteller oder Verk\u00e4ufer ihrer Software.In den Cookies werden keine personenbezogenen Daten abgespeichert. Die in den Cookies enthaltenen Informationen nutzen wir lediglich zu statistischen Zwecken. Es handelt sich um die nachfolgenden Informationen:<\/p>\n<ol start=\"5\">\n<li><strong> Google Analytics<\/strong><\/li>\n<\/ol>\n<p>Diese Internetseite benutzt Google Analytics, einen Webanalysedienst der Google Inc. ((1600 Amphitheatre Parkway, Mountain View, CA 94043, USA; \u201eGoogle\u201c) \u201eGoogle\u201c). Gem\u00e4\u00df der Vereinbarung zwischen Google und dem Hamburgischen Beauftragten f\u00fcr Datenschutz und Informationsfreiheit ist eine datenschutzkonforme und beanstandungsfreie Nutzung von Google Analytics unter bestimmten Bedingungen m\u00f6glich. Insbesondere weisen wir darauf hin, dass auf dieser Webseite Google Analytics um die IP-Masking Funktion \u201e_gat._anonymizeIp\u201c erweitert wurde, um eine anonymisierte Erfassung von IP-Adressen zu gew\u00e4hrleisten.<\/p>\n<p>Google Analytics verwendet sog. \u201eCookies\u201c, Textdateien, die auf Ihrem Computer gespeichert werden und die eine Analyse der Benutzung der Website durch Sie erm\u00f6glichen. Die durch den Cookie erzeugten Informationen \u00fcber Ihre Benutzung dieser Website werden in der Regel an einen Server von Google in den USA \u00fcbertragen und dort gespeichert. Im Falle der Aktivierung der IP-Anonymisierung auf dieser Website, wird Ihre IP-Adresse von Google jedoch innerhalb von Mitgliedstaaten der Europ\u00e4ischen Union oder in anderen Vertragsstaaten des Abkommens \u00fcber den Europ\u00e4ischen Wirtschaftsraum zuvor gek\u00fcrzt. Nur in Ausnahmef\u00e4llen wird die volle IP-Adresse an einen Server von Google in den USA \u00fcbertragen und dort gek\u00fcrzt. Im Auftrag des Betreibers dieser Website wird Google diese Informationen benutzen, um Ihre Nutzung der Website auszuwerten, um Reports \u00fcber die Websiteaktivit\u00e4ten zusammenzustellen und um weitere mit der Websitenutzung und der Internetnutzung verbundene Dienstleistungen gegen\u00fcber dem Websitebetreiber zu erbringen. Die im Rahmen von Google Analytics von Ihrem Browser \u00fcbermittelte IP-Adresse wird nicht mit anderen Daten von Google zusammengef\u00fchrt. Sie k\u00f6nnen die Speicherung der Cookies durch eine entsprechende Einstellung Ihrer Browser-Software verhindern und damit der Nutzung widersprechen; wir weisen Sie jedoch darauf hin, dass Sie in diesem Fall gegebenenfalls nicht s\u00e4mtliche Funktionen dieser Website vollumf\u00e4nglich werden nutzen k\u00f6nnen. Sie k\u00f6nnen dar\u00fcber hinaus die Erfassung der durch das Cookie erzeugten und auf Ihre Nutzung der Website bezogenen Daten (inkl. Ihrer IP-Adresse) an Google sowie die Verarbeitung dieser Daten durch Google verhindern, indem sie das unter dem folgenden Link (http:\/\/tools.google.com\/dlpage\/gaoptout?hl=de) verf\u00fcgbare Browser-Plugin herunterladen und installieren. Sie haben auch die M\u00f6glichkeit, die Erfassung durch Google Analytics zu verhindern (widersprechen), indem sie einen so genannten opt-out Cookie setzen, der verhindert, dass zuk\u00fcnftig Ihre Daten beim Abruf und der Nutzung unserer Internetseite von Google-Analytics erfasst werden: Abschalten von Google Analytics<br \/>\nWeitere Informationen zu Google Analytics und zum Datenschutz: http:\/\/www.google.com\/analytics\/terms\/de.html bzw. unter https:\/\/www.google.de\/intl\/de\/policies\/<\/p>\n<ol start=\"6\">\n<li><strong> Soziale Netzwerke<\/strong><\/li>\n<\/ol>\n<p>Auf unsere Internetseite sind \u00fcber eine grafische Darstellung Funktionen (so. Social Plugins) zum Zugriff auf die sozialen Netzwerk Facebook, Youtube und Instagram integriert. \u00dcber diese grafische Darstellung, ein entsprechendes Symbol f\u00fcr das jeweilige soziale Netzwerk, erfolgt eine Verlinkung auf den entsprechenden Dienst. Durch einen Klick auf dieses Symbol erfolgt damit eine Weiterleitung auf die Internetseite des jeweiligen Anbieters. Erst dann werden gegebenenfalls Ihre Informationen an den jeweiligen Anbieter des Netzwerks \u00fcbertragen. Einen Einfluss auf die Erfassung und den Umgang mit ihren Daten durch den Betreiber des sozialen Netzwerks haben wir nicht. Informationen zum Umgang mit ihren Daten durch den jeweiligen Betreiber des sozialen Netzwerks k\u00f6nnen Sie den jeweiligen Datenschutzinformationen und Bedingungen des Betreibers dieses Netzwerks entnehmen.<\/p>\n<ol start=\"7\">\n<li><strong> Sicherheit<\/strong><\/li>\n<\/ol>\n<p>Wir nutzen jeweils aktuelle technische und organisatorische Sicherheitsma\u00dfnahmen ein, um den Schutz ihrer Daten zu gew\u00e4hrleisten. Hierzu geh\u00f6rt der Schutz vor dem Zugriff Dritter, vor Zerst\u00f6rung oder Manipulation der Daten.<\/p>\n<ol start=\"8\">\n<li><strong> Auskunft und Beschwerden<\/strong><\/li>\n<\/ol>\n<p>Sie haben die M\u00f6glichkeit, von uns eine schriftliche Auskunft \u00fcber die Daten, die bei uns zu ihrer Person gespeichert sind, zu erhalten. Wir teilen Ihnen auf Ihre Anfrage hin mit, vorher diese Daten stammen, an wen sie \u00fcbermittelt werden und zu welchem Zweck die elektronische Verarbeitung bei uns erfolgt. Wir stehen Ihnen auch im Falle von Auskunftsersuchen, Antr\u00e4gen oder Beschwerden zur Verf\u00fcgung:<\/p>\n","protected":false},"excerpt":{"rendered":"<p>Datenschutzerkl\u00e4rung Die nachfolgende Datenschutz-Erkl\u00e4rung informiert dar\u00fcber, welche Art von Daten auf unserer Internetseite erhoben, gespeichert und verarbeitet werden, und, wie wir den Schutz und die Sicherheit Ihrer personenbezogenen Daten gew\u00e4hrleisten. Verantwortliche Stelle: Tierschutz-Stiftung Wolfgang Boesche Ina Seidel Stra\u00dfe 1 38124 Braunschweig Grundsatz anonymer Datenverwendung Die Nutzung unserer Seite ist grunds\u00e4tzlich ohne eine Angabe von personenbezogenen&#8230;<\/p>\n","protected":false},"author":1,"featured_media":0,"parent":0,"menu_order":0,"comment_status":"closed","ping_status":"closed","template":"","meta":{"_kadence_starter_templates_imported_post":false,"_kad_post_transparent":"","_kad_post_title":"","_kad_post_layout":"","_kad_post_sidebar_id":"","_kad_post_content_style":"","_kad_post_vertical_padding":"","_kad_post_feature":"","_kad_post_feature_position":"","_kad_post_header":false,"_kad_post_footer":false,"_kad_post_classname":"","footnotes":""},"class_list":["post-91","page","type-page","status-publish","hentry"],"lang":"de","translations":{"de":91,"en":93},"jetpack_sharing_enabled":true,"pll_sync_post":[],"_links":{"self":[{"href":"https:\/\/tierschutzstiftung-boesche.de\/index.php?rest_route=\/wp\/v2\/pages\/91"}],"collection":[{"href":"https:\/\/tierschutzstiftung-boesche.de\/index.php?rest_route=\/wp\/v2\/pages"}],"about":[{"href":"https:\/\/tierschutzstiftung-boesche.de\/index.php?rest_route=\/wp\/v2\/types\/page"}],"author":[{"embeddable":true,"href":"https:\/\/tierschutzstiftung-boesche.de\/index.php?rest_route=\/wp\/v2\/users\/1"}],"replies":[{"embeddable":true,"href":"https:\/\/tierschutzstiftung-boesche.de\/index.php?rest_route=%2Fwp%2Fv2%2Fcomments&post=91"}],"version-history":[{"count":1,"href":"https:\/\/tierschutzstiftung-boesche.de\/index.php?rest_route=\/wp\/v2\/pages\/91\/revisions"}],"predecessor-version":[{"id":902,"href":"https:\/\/tierschutzstiftung-boesche.de\/index.php?rest_route=\/wp\/v2\/pages\/91\/revisions\/902"}],"wp:attachment":[{"href":"https:\/\/tierschutzstiftung-boesche.de\/index.php?rest_route=%2Fwp%2Fv2%2Fmedia&parent=91"}],"curies":[{"name":"wp","href":"https:\/\/api.w.org\/{rel}","templated":true}]}}